{"id":3778,"date":"2023-07-28T11:37:55","date_gmt":"2023-07-28T11:37:55","guid":{"rendered":"https:\/\/www.cacabelos.org\/ayuntamiento\/?page_id=3778"},"modified":"2023-07-31T11:03:49","modified_gmt":"2023-07-31T11:03:49","slug":"ceas","status":"publish","type":"page","link":"https:\/\/www.cacabelos.org\/ayuntamiento\/ceas\/","title":{"rendered":"ceas"},"content":{"rendered":"\t\t<div data-elementor-type=\"wp-page\" data-elementor-id=\"3778\" class=\"elementor elementor-3778\" data-elementor-post-type=\"page\">\n\t\t\t\t\t\t\t\t\t<section class=\"elementor-section elementor-top-section elementor-element elementor-element-2d2dabe4 elementor-section-content-middle elementor-section-boxed elementor-section-height-default elementor-section-height-default\" data-id=\"2d2dabe4\" data-element_type=\"section\">\n\t\t\t\t\t\t<div class=\"elementor-container elementor-column-gap-no\">\n\t\t\t\t\t<div class=\"elementor-column elementor-col-100 elementor-top-column elementor-element elementor-element-a279992\" data-id=\"a279992\" data-element_type=\"column\">\n\t\t\t<div class=\"elementor-widget-wrap elementor-element-populated\">\n\t\t\t\t\t\t\t\t<div class=\"elementor-element elementor-element-15e42f58 elementor-widget elementor-widget-heading\" data-id=\"15e42f58\" data-element_type=\"widget\" data-widget_type=\"heading.default\">\n\t\t\t\t<div class=\"elementor-widget-container\">\n\t\t\t<style>\/*! elementor - v3.16.0 - 09-10-2023 *\/\n.elementor-heading-title{padding:0;margin:0;line-height:1}.elementor-widget-heading .elementor-heading-title[class*=elementor-size-]>a{color:inherit;font-size:inherit;line-height:inherit}.elementor-widget-heading .elementor-heading-title.elementor-size-small{font-size:15px}.elementor-widget-heading .elementor-heading-title.elementor-size-medium{font-size:19px}.elementor-widget-heading .elementor-heading-title.elementor-size-large{font-size:29px}.elementor-widget-heading .elementor-heading-title.elementor-size-xl{font-size:39px}.elementor-widget-heading .elementor-heading-title.elementor-size-xxl{font-size:59px}<\/style><h4 class=\"elementor-heading-title elementor-size-default\">CEAS<\/h4>\t\t<\/div>\n\t\t\t\t<\/div>\n\t\t\t\t<div class=\"elementor-element elementor-element-26961d64 elementor-widget elementor-widget-text-editor\" data-id=\"26961d64\" data-element_type=\"widget\" data-widget_type=\"text-editor.default\">\n\t\t\t\t<div class=\"elementor-widget-container\">\n\t\t\t<style>\/*! elementor - v3.16.0 - 09-10-2023 *\/\n.elementor-widget-text-editor.elementor-drop-cap-view-stacked .elementor-drop-cap{background-color:#69727d;color:#fff}.elementor-widget-text-editor.elementor-drop-cap-view-framed .elementor-drop-cap{color:#69727d;border:3px solid;background-color:transparent}.elementor-widget-text-editor:not(.elementor-drop-cap-view-default) .elementor-drop-cap{margin-top:8px}.elementor-widget-text-editor:not(.elementor-drop-cap-view-default) .elementor-drop-cap-letter{width:1em;height:1em}.elementor-widget-text-editor .elementor-drop-cap{float:left;text-align:center;line-height:1;font-size:50px}.elementor-widget-text-editor .elementor-drop-cap-letter{display:inline-block}<\/style>\t\t\t\t<p>Centro de Acci\u00f3n ocial<\/p>\t\t\t\t\t\t<\/div>\n\t\t\t\t<\/div>\n\t\t\t\t<div class=\"elementor-element elementor-element-eb5161f elementor-widget elementor-widget-text-editor\" data-id=\"eb5161f\" data-element_type=\"widget\" data-widget_type=\"text-editor.default\">\n\t\t\t\t<div class=\"elementor-widget-container\">\n\t\t\t\t\t\t\t<p>El Centro de Acci\u00f3n Social es un servicio que ofrece informaci\u00f3n y orientaci\u00f3n, apoyo a la familia y animaci\u00f3n comunitaria.<\/p>\t\t\t\t\t\t<\/div>\n\t\t\t\t<\/div>\n\t\t\t\t\t<\/div>\n\t\t<\/div>\n\t\t\t\t\t\t\t<\/div>\n\t\t<\/section>\n\t\t\t\t<section class=\"elementor-section elementor-top-section elementor-element elementor-element-6558e176 elementor-section-content-middle elementor-reverse-mobile elementor-section-boxed elementor-section-height-default elementor-section-height-default\" data-id=\"6558e176\" data-element_type=\"section\">\n\t\t\t\t\t\t<div class=\"elementor-container elementor-column-gap-no\">\n\t\t\t\t\t<div class=\"elementor-column elementor-col-50 elementor-top-column elementor-element elementor-element-24342766\" data-id=\"24342766\" data-element_type=\"column\">\n\t\t\t<div class=\"elementor-widget-wrap elementor-element-populated\">\n\t\t\t\t\t\t\t\t<div class=\"elementor-element elementor-element-630fddda elementor-widget elementor-widget-heading\" data-id=\"630fddda\" data-element_type=\"widget\" data-widget_type=\"heading.default\">\n\t\t\t\t<div class=\"elementor-widget-container\">\n\t\t\t<h3 class=\"elementor-heading-title elementor-size-default\">Pedir cita<\/h3>\t\t<\/div>\n\t\t\t\t<\/div>\n\t\t\t\t<div class=\"elementor-element elementor-element-6038a003 elementor-widget elementor-widget-text-editor\" data-id=\"6038a003\" data-element_type=\"widget\" data-widget_type=\"text-editor.default\">\n\t\t\t\t<div class=\"elementor-widget-container\">\n\t\t\t\t\t\t\t<p>Para pedir cita es necesario llamar al <strong>987-562774<\/strong> en horario de <strong>8:30 a 10:00 h<\/strong>.<\/p>\t\t\t\t\t\t<\/div>\n\t\t\t\t<\/div>\n\t\t\t\t<div class=\"elementor-element elementor-element-77ef55a elementor-widget elementor-widget-text-editor\" data-id=\"77ef55a\" data-element_type=\"widget\" data-widget_type=\"text-editor.default\">\n\t\t\t\t<div class=\"elementor-widget-container\">\n\t\t\t\t\t\t\t<p><strong>Tel\u00e9fono de contacto<\/strong>: 987-546732<\/p>\t\t\t\t\t\t<\/div>\n\t\t\t\t<\/div>\n\t\t\t\t<div class=\"elementor-element elementor-element-a89d2a7 elementor-widget elementor-widget-text-editor\" data-id=\"a89d2a7\" data-element_type=\"widget\" data-widget_type=\"text-editor.default\">\n\t\t\t\t<div class=\"elementor-widget-container\">\n\t\t\t\t\t\t\t<p><strong>Fax<\/strong>: 987-549275<\/p>\t\t\t\t\t\t<\/div>\n\t\t\t\t<\/div>\n\t\t\t\t\t<\/div>\n\t\t<\/div>\n\t\t\t\t<div class=\"elementor-column elementor-col-50 elementor-top-column elementor-element elementor-element-6e675fa\" data-id=\"6e675fa\" data-element_type=\"column\">\n\t\t\t<div class=\"elementor-widget-wrap elementor-element-populated\">\n\t\t\t\t\t\t\t\t<div class=\"elementor-element elementor-element-a8577d0 elementor-widget elementor-widget-image\" data-id=\"a8577d0\" data-element_type=\"widget\" data-widget_type=\"image.default\">\n\t\t\t\t<div class=\"elementor-widget-container\">\n\t\t\t<style>\/*! elementor - v3.16.0 - 09-10-2023 *\/\n.elementor-widget-image{text-align:center}.elementor-widget-image a{display:inline-block}.elementor-widget-image a img[src$=\".svg\"]{width:48px}.elementor-widget-image img{vertical-align:middle;display:inline-block}<\/style>\t\t\t\t\t\t\t\t\t\t\t\t<img loading=\"lazy\" decoding=\"async\" width=\"357\" height=\"440\" src=\"https:\/\/www.cacabelos.org\/ayuntamiento\/wp-content\/uploads\/2023\/07\/ceas.jpg\" class=\"attachment-full size-full wp-image-3785\" alt=\"CEAS\" srcset=\"https:\/\/www.cacabelos.org\/ayuntamiento\/wp-content\/uploads\/2023\/07\/ceas.jpg 357w, https:\/\/www.cacabelos.org\/ayuntamiento\/wp-content\/uploads\/2023\/07\/ceas-243x300.jpg 243w\" sizes=\"auto, (max-width: 357px) 100vw, 357px\" \/>\t\t\t\t\t\t\t\t\t\t\t\t\t\t\t<\/div>\n\t\t\t\t<\/div>\n\t\t\t\t\t<\/div>\n\t\t<\/div>\n\t\t\t\t\t\t\t<\/div>\n\t\t<\/section>\n\t\t\t\t<section class=\"elementor-section elementor-top-section elementor-element elementor-element-28abe5ad elementor-section-content-middle elementor-section-boxed elementor-section-height-default elementor-section-height-default\" data-id=\"28abe5ad\" data-element_type=\"section\">\n\t\t\t\t\t\t<div class=\"elementor-container elementor-column-gap-no\">\n\t\t\t\t\t<div class=\"elementor-column elementor-col-100 elementor-top-column elementor-element elementor-element-39c227ed\" data-id=\"39c227ed\" data-element_type=\"column\">\n\t\t\t<div class=\"elementor-widget-wrap elementor-element-populated\">\n\t\t\t\t\t\t\t\t<div class=\"elementor-element elementor-element-878f79b elementor-widget elementor-widget-heading\" data-id=\"878f79b\" data-element_type=\"widget\" data-widget_type=\"heading.default\">\n\t\t\t\t<div class=\"elementor-widget-container\">\n\t\t\t<h2 class=\"elementor-heading-title elementor-size-default\">Profesionales que atienden en Cacabelos<\/h2>\t\t<\/div>\n\t\t\t\t<\/div>\n\t\t\t\t<section class=\"elementor-section elementor-inner-section elementor-element elementor-element-3c2f4291 elementor-section-boxed elementor-section-height-default elementor-section-height-default\" data-id=\"3c2f4291\" data-element_type=\"section\">\n\t\t\t\t\t\t<div class=\"elementor-container elementor-column-gap-wider\">\n\t\t\t\t\t<div class=\"elementor-column elementor-col-50 elementor-inner-column elementor-element elementor-element-63342343\" data-id=\"63342343\" data-element_type=\"column\">\n\t\t\t<div class=\"elementor-widget-wrap elementor-element-populated\">\n\t\t\t\t\t\t\t\t<div class=\"elementor-element elementor-element-5fd9d035 elementor-view-stacked elementor-shape-circle elementor-position-top elementor-mobile-position-top elementor-widget elementor-widget-icon-box\" data-id=\"5fd9d035\" data-element_type=\"widget\" data-widget_type=\"icon-box.default\">\n\t\t\t\t<div class=\"elementor-widget-container\">\n\t\t\t<link rel=\"stylesheet\" href=\"https:\/\/www.cacabelos.org\/ayuntamiento\/wp-content\/plugins\/elementor\/assets\/css\/widget-icon-box.min.css\">\t\t<div class=\"elementor-icon-box-wrapper\">\n\t\t\t\t\t\t<div class=\"elementor-icon-box-icon\">\n\t\t\t\t<span  class=\"elementor-icon elementor-animation-grow\">\n\t\t\t\t<i aria-hidden=\"true\" class=\"fas fa-user\"><\/i>\t\t\t\t<\/span>\n\t\t\t<\/div>\n\t\t\t\t\t\t<div class=\"elementor-icon-box-content\">\n\t\t\t\t<h3 class=\"elementor-icon-box-title\">\n\t\t\t\t\t<span  >\n\t\t\t\t\t\tSamuel N\u00fa\u00f1ez Pesta\u00f1a\u200b\t\t\t\t\t<\/span>\n\t\t\t\t<\/h3>\n\t\t\t\t\t\t\t\t\t<p class=\"elementor-icon-box-description\">\n\t\t\t\t\t\tAnimador\/Educador Comunitario.\n<br> Jueves, de 10 a 12.\u200b\t\t\t\t\t<\/p>\n\t\t\t\t\t\t\t<\/div>\n\t\t<\/div>\n\t\t\t\t<\/div>\n\t\t\t\t<\/div>\n\t\t\t\t\t<\/div>\n\t\t<\/div>\n\t\t\t\t<div class=\"elementor-column elementor-col-50 elementor-inner-column elementor-element elementor-element-54822e4e\" data-id=\"54822e4e\" data-element_type=\"column\">\n\t\t\t<div class=\"elementor-widget-wrap elementor-element-populated\">\n\t\t\t\t\t\t\t\t<div class=\"elementor-element elementor-element-2f3adc5 elementor-view-stacked elementor-shape-circle elementor-position-top elementor-mobile-position-top elementor-widget elementor-widget-icon-box\" data-id=\"2f3adc5\" data-element_type=\"widget\" data-widget_type=\"icon-box.default\">\n\t\t\t\t<div class=\"elementor-widget-container\">\n\t\t\t\t\t<div class=\"elementor-icon-box-wrapper\">\n\t\t\t\t\t\t<div class=\"elementor-icon-box-icon\">\n\t\t\t\t<span  class=\"elementor-icon elementor-animation-grow\">\n\t\t\t\t<i aria-hidden=\"true\" class=\"fas fa-user\"><\/i>\t\t\t\t<\/span>\n\t\t\t<\/div>\n\t\t\t\t\t\t<div class=\"elementor-icon-box-content\">\n\t\t\t\t<h3 class=\"elementor-icon-box-title\">\n\t\t\t\t\t<span  >\n\t\t\t\t\t\tEst\u00edbaliz Luna \u00c1lvarez\t\t\t\t\t<\/span>\n\t\t\t\t<\/h3>\n\t\t\t\t\t\t\t\t\t<p class=\"elementor-icon-box-description\">\n\t\t\t\t\t\tTrabajadora Social. \n<br>Martes y Jueves, de 10h a 12h.\t\t\t\t\t<\/p>\n\t\t\t\t\t\t\t<\/div>\n\t\t<\/div>\n\t\t\t\t<\/div>\n\t\t\t\t<\/div>\n\t\t\t\t\t<\/div>\n\t\t<\/div>\n\t\t\t\t\t\t\t<\/div>\n\t\t<\/section>\n\t\t\t\t<section class=\"elementor-section elementor-inner-section elementor-element elementor-element-dcc0be2 elementor-section-boxed elementor-section-height-default elementor-section-height-default\" data-id=\"dcc0be2\" data-element_type=\"section\">\n\t\t\t\t\t\t<div class=\"elementor-container elementor-column-gap-wider\">\n\t\t\t\t\t<div class=\"elementor-column elementor-col-50 elementor-inner-column elementor-element elementor-element-ecebcab\" data-id=\"ecebcab\" data-element_type=\"column\">\n\t\t\t<div class=\"elementor-widget-wrap elementor-element-populated\">\n\t\t\t\t\t\t\t\t<div class=\"elementor-element elementor-element-dcf3d42 elementor-view-stacked elementor-shape-circle elementor-position-top elementor-mobile-position-top elementor-widget elementor-widget-icon-box\" data-id=\"dcf3d42\" data-element_type=\"widget\" data-widget_type=\"icon-box.default\">\n\t\t\t\t<div class=\"elementor-widget-container\">\n\t\t\t\t\t<div class=\"elementor-icon-box-wrapper\">\n\t\t\t\t\t\t<div class=\"elementor-icon-box-icon\">\n\t\t\t\t<span  class=\"elementor-icon elementor-animation-grow\">\n\t\t\t\t<i aria-hidden=\"true\" class=\"fas fa-user\"><\/i>\t\t\t\t<\/span>\n\t\t\t<\/div>\n\t\t\t\t\t\t<div class=\"elementor-icon-box-content\">\n\t\t\t\t<h3 class=\"elementor-icon-box-title\">\n\t\t\t\t\t<span  >\n\t\t\t\t\t\tArancha D\u00edaz Perez\t\t\t\t\t<\/span>\n\t\t\t\t<\/h3>\n\t\t\t\t\t\t\t\t\t<p class=\"elementor-icon-box-description\">\n\t\t\t\t\t\tTrabajadora Social. Martes, de 10h a 12h (S\u00f3lo vecinos de Quil\u00f3s).\t\t\t\t\t<\/p>\n\t\t\t\t\t\t\t<\/div>\n\t\t<\/div>\n\t\t\t\t<\/div>\n\t\t\t\t<\/div>\n\t\t\t\t\t<\/div>\n\t\t<\/div>\n\t\t\t\t<div class=\"elementor-column elementor-col-50 elementor-inner-column elementor-element elementor-element-95a80ea\" data-id=\"95a80ea\" data-element_type=\"column\">\n\t\t\t<div class=\"elementor-widget-wrap elementor-element-populated\">\n\t\t\t\t\t\t\t\t<div class=\"elementor-element elementor-element-22f5784 elementor-view-stacked elementor-shape-circle elementor-position-top elementor-mobile-position-top elementor-widget elementor-widget-icon-box\" data-id=\"22f5784\" data-element_type=\"widget\" data-widget_type=\"icon-box.default\">\n\t\t\t\t<div class=\"elementor-widget-container\">\n\t\t\t\t\t<div class=\"elementor-icon-box-wrapper\">\n\t\t\t\t\t\t<div class=\"elementor-icon-box-icon\">\n\t\t\t\t<span  class=\"elementor-icon elementor-animation-grow\">\n\t\t\t\t<i aria-hidden=\"true\" class=\"fas fa-user\"><\/i>\t\t\t\t<\/span>\n\t\t\t<\/div>\n\t\t\t\t\t\t<div class=\"elementor-icon-box-content\">\n\t\t\t\t<h3 class=\"elementor-icon-box-title\">\n\t\t\t\t\t<span  >\n\t\t\t\t\t\tLuc\u00eda M\u00e9ndez Su\u00e1rez\t\t\t\t\t<\/span>\n\t\t\t\t<\/h3>\n\t\t\t\t\t\t\t\t\t<p class=\"elementor-icon-box-description\">\n\t\t\t\t\t\tAuxiliar Administrativo.\n<br> Martes y Jueves.\t\t\t\t\t<\/p>\n\t\t\t\t\t\t\t<\/div>\n\t\t<\/div>\n\t\t\t\t<\/div>\n\t\t\t\t<\/div>\n\t\t\t\t\t<\/div>\n\t\t<\/div>\n\t\t\t\t\t\t\t<\/div>\n\t\t<\/section>\n\t\t\t\t\t<\/div>\n\t\t<\/div>\n\t\t\t\t\t\t\t<\/div>\n\t\t<\/section>\n\t\t\t\t\t\t\t<\/div>\n\t\t","protected":false},"excerpt":{"rendered":"<p>CEAS Centro de Acci\u00f3n ocial El Centro de Acci\u00f3n Social es un servicio que ofrece informaci\u00f3n y orientaci\u00f3n, apoyo a la familia y animaci\u00f3n comunitaria. Pedir cita Para pedir cita [&hellip;]<\/p>\n","protected":false},"author":1,"featured_media":0,"parent":0,"menu_order":0,"comment_status":"closed","ping_status":"closed","template":"","meta":{"_monsterinsights_skip_tracking":false,"_monsterinsights_sitenote_active":false,"_monsterinsights_sitenote_note":"","_monsterinsights_sitenote_category":0,"footnotes":""},"class_list":["post-3778","page","type-page","status-publish","hentry"],"yoast_head":"<!-- This site is optimized with the Yoast SEO plugin v21.3 - https:\/\/yoast.com\/wordpress\/plugins\/seo\/ -->\n<title>ceas - Ayuntamiento de Cacabelos<\/title>\n<meta name=\"robots\" content=\"index, follow, max-snippet:-1, max-image-preview:large, max-video-preview:-1\" \/>\n<link rel=\"canonical\" href=\"https:\/\/www.cacabelos.org\/ayuntamiento\/ceas\/\" \/>\n<meta property=\"og:locale\" content=\"es_ES\" \/>\n<meta property=\"og:type\" content=\"article\" \/>\n<meta property=\"og:title\" content=\"ceas - Ayuntamiento de Cacabelos\" \/>\n<meta property=\"og:description\" content=\"CEAS Centro de Acci\u00f3n ocial El Centro de Acci\u00f3n Social es un servicio que ofrece informaci\u00f3n y orientaci\u00f3n, apoyo a la familia y animaci\u00f3n comunitaria. Pedir cita Para pedir cita [&hellip;]\" \/>\n<meta property=\"og:url\" content=\"https:\/\/www.cacabelos.org\/ayuntamiento\/ceas\/\" \/>\n<meta property=\"og:site_name\" content=\"Ayuntamiento de Cacabelos\" \/>\n<meta property=\"article:publisher\" content=\"https:\/\/www.facebook.com\/aytocacabelos\" \/>\n<meta property=\"article:modified_time\" content=\"2023-07-31T11:03:49+00:00\" \/>\n<meta property=\"og:image\" content=\"https:\/\/www.cacabelos.org\/ayuntamiento\/wp-content\/uploads\/2023\/07\/ceas.jpg\" \/>\n<meta name=\"twitter:card\" content=\"summary_large_image\" \/>\n<meta name=\"twitter:site\" content=\"@aytocacabelos\" \/>\n<meta name=\"twitter:label1\" content=\"Tiempo de lectura\" \/>\n\t<meta name=\"twitter:data1\" content=\"1 minuto\" \/>\n<script type=\"application\/ld+json\" class=\"yoast-schema-graph\">{\"@context\":\"https:\/\/schema.org\",\"@graph\":[{\"@type\":\"WebPage\",\"@id\":\"https:\/\/www.cacabelos.org\/ayuntamiento\/ceas\/\",\"url\":\"https:\/\/www.cacabelos.org\/ayuntamiento\/ceas\/\",\"name\":\"ceas - Ayuntamiento de Cacabelos\",\"isPartOf\":{\"@id\":\"https:\/\/www.cacabelos.org\/ayuntamiento\/#website\"},\"datePublished\":\"2023-07-28T11:37:55+00:00\",\"dateModified\":\"2023-07-31T11:03:49+00:00\",\"breadcrumb\":{\"@id\":\"https:\/\/www.cacabelos.org\/ayuntamiento\/ceas\/#breadcrumb\"},\"inLanguage\":\"es\",\"potentialAction\":[{\"@type\":\"ReadAction\",\"target\":[\"https:\/\/www.cacabelos.org\/ayuntamiento\/ceas\/\"]}]},{\"@type\":\"BreadcrumbList\",\"@id\":\"https:\/\/www.cacabelos.org\/ayuntamiento\/ceas\/#breadcrumb\",\"itemListElement\":[{\"@type\":\"ListItem\",\"position\":1,\"name\":\"Portada\",\"item\":\"https:\/\/www.cacabelos.org\/ayuntamiento\/\"},{\"@type\":\"ListItem\",\"position\":2,\"name\":\"ceas\"}]},{\"@type\":\"WebSite\",\"@id\":\"https:\/\/www.cacabelos.org\/ayuntamiento\/#website\",\"url\":\"https:\/\/www.cacabelos.org\/ayuntamiento\/\",\"name\":\"Ayuntamiento de Cacabelos\",\"description\":\"Ayuntamiento de Cacabelos\",\"publisher\":{\"@id\":\"https:\/\/www.cacabelos.org\/ayuntamiento\/#organization\"},\"potentialAction\":[{\"@type\":\"SearchAction\",\"target\":{\"@type\":\"EntryPoint\",\"urlTemplate\":\"https:\/\/www.cacabelos.org\/ayuntamiento\/?s={search_term_string}\"},\"query-input\":\"required name=search_term_string\"}],\"inLanguage\":\"es\"},{\"@type\":\"Organization\",\"@id\":\"https:\/\/www.cacabelos.org\/ayuntamiento\/#organization\",\"name\":\"Ayuntamiento de Cacabelos\",\"url\":\"https:\/\/www.cacabelos.org\/ayuntamiento\/\",\"logo\":{\"@type\":\"ImageObject\",\"inLanguage\":\"es\",\"@id\":\"https:\/\/www.cacabelos.org\/ayuntamiento\/#\/schema\/logo\/image\/\",\"url\":\"https:\/\/www.cacabelos.org\/ayuntamiento\/wp-content\/uploads\/2023\/05\/Escudo_Cacabelos_sin-_fondo.png\",\"contentUrl\":\"https:\/\/www.cacabelos.org\/ayuntamiento\/wp-content\/uploads\/2023\/05\/Escudo_Cacabelos_sin-_fondo.png\",\"width\":907,\"height\":995,\"caption\":\"Ayuntamiento de Cacabelos\"},\"image\":{\"@id\":\"https:\/\/www.cacabelos.org\/ayuntamiento\/#\/schema\/logo\/image\/\"},\"sameAs\":[\"https:\/\/www.facebook.com\/aytocacabelos\",\"https:\/\/twitter.com\/aytocacabelos\",\"https:\/\/www.instagram.com\/ayuntamientocacabelos\/\"]}]}<\/script>\n<!-- \/ Yoast SEO plugin. -->","yoast_head_json":{"title":"ceas - Ayuntamiento de Cacabelos","robots":{"index":"index","follow":"follow","max-snippet":"max-snippet:-1","max-image-preview":"max-image-preview:large","max-video-preview":"max-video-preview:-1"},"canonical":"https:\/\/www.cacabelos.org\/ayuntamiento\/ceas\/","og_locale":"es_ES","og_type":"article","og_title":"ceas - Ayuntamiento de Cacabelos","og_description":"CEAS Centro de Acci\u00f3n ocial El Centro de Acci\u00f3n Social es un servicio que ofrece informaci\u00f3n y orientaci\u00f3n, apoyo a la familia y animaci\u00f3n comunitaria. Pedir cita Para pedir cita [&hellip;]","og_url":"https:\/\/www.cacabelos.org\/ayuntamiento\/ceas\/","og_site_name":"Ayuntamiento de Cacabelos","article_publisher":"https:\/\/www.facebook.com\/aytocacabelos","article_modified_time":"2023-07-31T11:03:49+00:00","og_image":[{"url":"https:\/\/www.cacabelos.org\/ayuntamiento\/wp-content\/uploads\/2023\/07\/ceas.jpg"}],"twitter_card":"summary_large_image","twitter_site":"@aytocacabelos","twitter_misc":{"Tiempo de lectura":"1 minuto"},"schema":{"@context":"https:\/\/schema.org","@graph":[{"@type":"WebPage","@id":"https:\/\/www.cacabelos.org\/ayuntamiento\/ceas\/","url":"https:\/\/www.cacabelos.org\/ayuntamiento\/ceas\/","name":"ceas - Ayuntamiento de Cacabelos","isPartOf":{"@id":"https:\/\/www.cacabelos.org\/ayuntamiento\/#website"},"datePublished":"2023-07-28T11:37:55+00:00","dateModified":"2023-07-31T11:03:49+00:00","breadcrumb":{"@id":"https:\/\/www.cacabelos.org\/ayuntamiento\/ceas\/#breadcrumb"},"inLanguage":"es","potentialAction":[{"@type":"ReadAction","target":["https:\/\/www.cacabelos.org\/ayuntamiento\/ceas\/"]}]},{"@type":"BreadcrumbList","@id":"https:\/\/www.cacabelos.org\/ayuntamiento\/ceas\/#breadcrumb","itemListElement":[{"@type":"ListItem","position":1,"name":"Portada","item":"https:\/\/www.cacabelos.org\/ayuntamiento\/"},{"@type":"ListItem","position":2,"name":"ceas"}]},{"@type":"WebSite","@id":"https:\/\/www.cacabelos.org\/ayuntamiento\/#website","url":"https:\/\/www.cacabelos.org\/ayuntamiento\/","name":"Ayuntamiento de Cacabelos","description":"Ayuntamiento de Cacabelos","publisher":{"@id":"https:\/\/www.cacabelos.org\/ayuntamiento\/#organization"},"potentialAction":[{"@type":"SearchAction","target":{"@type":"EntryPoint","urlTemplate":"https:\/\/www.cacabelos.org\/ayuntamiento\/?s={search_term_string}"},"query-input":"required name=search_term_string"}],"inLanguage":"es"},{"@type":"Organization","@id":"https:\/\/www.cacabelos.org\/ayuntamiento\/#organization","name":"Ayuntamiento de Cacabelos","url":"https:\/\/www.cacabelos.org\/ayuntamiento\/","logo":{"@type":"ImageObject","inLanguage":"es","@id":"https:\/\/www.cacabelos.org\/ayuntamiento\/#\/schema\/logo\/image\/","url":"https:\/\/www.cacabelos.org\/ayuntamiento\/wp-content\/uploads\/2023\/05\/Escudo_Cacabelos_sin-_fondo.png","contentUrl":"https:\/\/www.cacabelos.org\/ayuntamiento\/wp-content\/uploads\/2023\/05\/Escudo_Cacabelos_sin-_fondo.png","width":907,"height":995,"caption":"Ayuntamiento de Cacabelos"},"image":{"@id":"https:\/\/www.cacabelos.org\/ayuntamiento\/#\/schema\/logo\/image\/"},"sameAs":["https:\/\/www.facebook.com\/aytocacabelos","https:\/\/twitter.com\/aytocacabelos","https:\/\/www.instagram.com\/ayuntamientocacabelos\/"]}]}},"_links":{"self":[{"href":"https:\/\/www.cacabelos.org\/ayuntamiento\/wp-json\/wp\/v2\/pages\/3778","targetHints":{"allow":["GET"]}}],"collection":[{"href":"https:\/\/www.cacabelos.org\/ayuntamiento\/wp-json\/wp\/v2\/pages"}],"about":[{"href":"https:\/\/www.cacabelos.org\/ayuntamiento\/wp-json\/wp\/v2\/types\/page"}],"author":[{"embeddable":true,"href":"https:\/\/www.cacabelos.org\/ayuntamiento\/wp-json\/wp\/v2\/users\/1"}],"replies":[{"embeddable":true,"href":"https:\/\/www.cacabelos.org\/ayuntamiento\/wp-json\/wp\/v2\/comments?post=3778"}],"version-history":[{"count":40,"href":"https:\/\/www.cacabelos.org\/ayuntamiento\/wp-json\/wp\/v2\/pages\/3778\/revisions"}],"predecessor-version":[{"id":3827,"href":"https:\/\/www.cacabelos.org\/ayuntamiento\/wp-json\/wp\/v2\/pages\/3778\/revisions\/3827"}],"wp:attachment":[{"href":"https:\/\/www.cacabelos.org\/ayuntamiento\/wp-json\/wp\/v2\/media?parent=3778"}],"curies":[{"name":"wp","href":"https:\/\/api.w.org\/{rel}","templated":true}]}}