{"id":4446,"date":"2023-08-08T12:46:53","date_gmt":"2023-08-08T12:46:53","guid":{"rendered":"https:\/\/www.cacabelos.org\/ayuntamiento\/?page_id=4446"},"modified":"2023-08-11T11:55:04","modified_gmt":"2023-08-11T11:55:04","slug":"obras","status":"publish","type":"page","link":"https:\/\/www.cacabelos.org\/ayuntamiento\/urbanismo\/obras\/","title":{"rendered":"Obras"},"content":{"rendered":"\t\t<div data-elementor-type=\"wp-page\" data-elementor-id=\"4446\" class=\"elementor elementor-4446\" data-elementor-post-type=\"page\">\n\t\t\t\t\t\t\t\t\t<section class=\"elementor-section elementor-top-section elementor-element elementor-element-63640ca elementor-section-boxed elementor-section-height-default elementor-section-height-default\" data-id=\"63640ca\" data-element_type=\"section\">\n\t\t\t\t\t\t<div class=\"elementor-container elementor-column-gap-default\">\n\t\t\t\t\t<div class=\"elementor-column elementor-col-100 elementor-top-column elementor-element elementor-element-2c21eb4\" data-id=\"2c21eb4\" data-element_type=\"column\">\n\t\t\t<div class=\"elementor-widget-wrap elementor-element-populated\">\n\t\t\t\t\t\t\t\t<div class=\"elementor-element elementor-element-9df23b9 elementor-widget elementor-widget-breadcrumbs\" data-id=\"9df23b9\" data-element_type=\"widget\" data-widget_type=\"breadcrumbs.default\">\n\t\t\t\t<div class=\"elementor-widget-container\">\n\t\t\t<link rel=\"stylesheet\" href=\"https:\/\/www.cacabelos.org\/ayuntamiento\/wp-content\/plugins\/elementor-pro\/assets\/css\/widget-theme-elements.min.css\"><p id=\"breadcrumbs\"><span><span><a href=\"https:\/\/www.cacabelos.org\/ayuntamiento\/\">Portada<\/a><\/span><\/span><\/p>\t\t<\/div>\n\t\t\t\t<\/div>\n\t\t\t\t<div class=\"elementor-element elementor-element-28eb24c elementor-widget elementor-widget-heading\" data-id=\"28eb24c\" data-element_type=\"widget\" data-widget_type=\"heading.default\">\n\t\t\t\t<div class=\"elementor-widget-container\">\n\t\t\t<style>\/*! elementor - v3.16.0 - 09-10-2023 *\/\n.elementor-heading-title{padding:0;margin:0;line-height:1}.elementor-widget-heading .elementor-heading-title[class*=elementor-size-]>a{color:inherit;font-size:inherit;line-height:inherit}.elementor-widget-heading .elementor-heading-title.elementor-size-small{font-size:15px}.elementor-widget-heading .elementor-heading-title.elementor-size-medium{font-size:19px}.elementor-widget-heading .elementor-heading-title.elementor-size-large{font-size:29px}.elementor-widget-heading .elementor-heading-title.elementor-size-xl{font-size:39px}.elementor-widget-heading .elementor-heading-title.elementor-size-xxl{font-size:59px}<\/style><h2 class=\"elementor-heading-title elementor-size-default\">Obras<\/h2>\t\t<\/div>\n\t\t\t\t<\/div>\n\t\t\t\t\t<\/div>\n\t\t<\/div>\n\t\t\t\t\t\t\t<\/div>\n\t\t<\/section>\n\t\t\t\t<section class=\"elementor-section elementor-top-section elementor-element elementor-element-4b8ebff elementor-section-content-middle elementor-section-boxed elementor-section-height-default elementor-section-height-default\" data-id=\"4b8ebff\" data-element_type=\"section\">\n\t\t\t\t\t\t<div class=\"elementor-container elementor-column-gap-no\">\n\t\t\t\t\t<div class=\"elementor-column elementor-col-100 elementor-top-column elementor-element elementor-element-cdfc417\" data-id=\"cdfc417\" data-element_type=\"column\">\n\t\t\t<div class=\"elementor-widget-wrap elementor-element-populated\">\n\t\t\t\t\t\t\t\t<section class=\"elementor-section elementor-inner-section elementor-element elementor-element-b0508a6 elementor-section-content-middle elementor-section-boxed elementor-section-height-default elementor-section-height-default\" data-id=\"b0508a6\" data-element_type=\"section\">\n\t\t\t\t\t\t<div class=\"elementor-container elementor-column-gap-no\">\n\t\t\t\t\t<div class=\"elementor-column elementor-col-100 elementor-inner-column elementor-element elementor-element-da17769\" data-id=\"da17769\" data-element_type=\"column\">\n\t\t\t<div class=\"elementor-widget-wrap elementor-element-populated\">\n\t\t\t\t\t\t\t\t<div class=\"elementor-element elementor-element-71c4eff elementor-view-default elementor-position-top elementor-mobile-position-top elementor-widget elementor-widget-icon-box\" data-id=\"71c4eff\" data-element_type=\"widget\" data-widget_type=\"icon-box.default\">\n\t\t\t\t<div class=\"elementor-widget-container\">\n\t\t\t<link rel=\"stylesheet\" href=\"https:\/\/www.cacabelos.org\/ayuntamiento\/wp-content\/plugins\/elementor\/assets\/css\/widget-icon-box.min.css\">\t\t<div class=\"elementor-icon-box-wrapper\">\n\t\t\t\t\t\t<div class=\"elementor-icon-box-icon\">\n\t\t\t\t<span  class=\"elementor-icon elementor-animation-\">\n\t\t\t\t<i aria-hidden=\"true\" class=\"far fa-building\"><\/i>\t\t\t\t<\/span>\n\t\t\t<\/div>\n\t\t\t\t\t\t<div class=\"elementor-icon-box-content\">\n\t\t\t\t<h3 class=\"elementor-icon-box-title\">\n\t\t\t\t\t<span  >\n\t\t\t\t\t\tInspecci\u00f3n t\u00e9cnica de edificios\t\t\t\t\t<\/span>\n\t\t\t\t<\/h3>\n\t\t\t\t\t\t\t<\/div>\n\t\t<\/div>\n\t\t\t\t<\/div>\n\t\t\t\t<\/div>\n\t\t\t\t<div class=\"elementor-element elementor-element-c367d82 elementor-align-center elementor-widget elementor-widget-button\" data-id=\"c367d82\" data-element_type=\"widget\" data-widget_type=\"button.default\">\n\t\t\t\t<div class=\"elementor-widget-container\">\n\t\t\t\t\t<div class=\"elementor-button-wrapper\">\n\t\t\t<a class=\"elementor-button elementor-button-link elementor-size-sm\" href=\"https:\/\/www.cacabelos.org\/ayuntamiento\/urbanismo\/obras\/inspeccion-tecnica-edificios\/\">\n\t\t\t\t\t\t<span class=\"elementor-button-content-wrapper\">\n\t\t\t\t\t\t<span class=\"elementor-button-text\">Ver documentaci\u00f3n<\/span>\n\t\t<\/span>\n\t\t\t\t\t<\/a>\n\t\t<\/div>\n\t\t\t\t<\/div>\n\t\t\t\t<\/div>\n\t\t\t\t\t<\/div>\n\t\t<\/div>\n\t\t\t\t\t\t\t<\/div>\n\t\t<\/section>\n\t\t\t\t\t<\/div>\n\t\t<\/div>\n\t\t\t\t\t\t\t<\/div>\n\t\t<\/section>\n\t\t\t\t\t\t\t<\/div>\n\t\t","protected":false},"excerpt":{"rendered":"<p>Obras Inspecci\u00f3n t\u00e9cnica de edificios Ver documentaci\u00f3n<\/p>\n","protected":false},"author":1,"featured_media":0,"parent":4340,"menu_order":0,"comment_status":"closed","ping_status":"closed","template":"","meta":{"_monsterinsights_skip_tracking":false,"_monsterinsights_sitenote_active":false,"_monsterinsights_sitenote_note":"","_monsterinsights_sitenote_category":0,"footnotes":""},"class_list":["post-4446","page","type-page","status-publish","hentry"],"yoast_head":"<!-- This site is optimized with the Yoast SEO plugin v21.3 - https:\/\/yoast.com\/wordpress\/plugins\/seo\/ -->\n<title>Obras - Ayuntamiento de Cacabelos<\/title>\n<meta name=\"robots\" content=\"index, follow, max-snippet:-1, max-image-preview:large, max-video-preview:-1\" \/>\n<link rel=\"canonical\" href=\"https:\/\/www.cacabelos.org\/ayuntamiento\/urbanismo\/obras\/\" \/>\n<meta property=\"og:locale\" content=\"es_ES\" \/>\n<meta property=\"og:type\" content=\"article\" \/>\n<meta property=\"og:title\" content=\"Obras - Ayuntamiento de Cacabelos\" \/>\n<meta property=\"og:description\" content=\"Obras Inspecci\u00f3n t\u00e9cnica de edificios Ver documentaci\u00f3n\" \/>\n<meta property=\"og:url\" content=\"https:\/\/www.cacabelos.org\/ayuntamiento\/urbanismo\/obras\/\" \/>\n<meta property=\"og:site_name\" content=\"Ayuntamiento de Cacabelos\" \/>\n<meta property=\"article:publisher\" content=\"https:\/\/www.facebook.com\/aytocacabelos\" \/>\n<meta property=\"article:modified_time\" content=\"2023-08-11T11:55:04+00:00\" \/>\n<meta name=\"twitter:card\" content=\"summary_large_image\" \/>\n<meta name=\"twitter:site\" content=\"@aytocacabelos\" \/>\n<meta name=\"twitter:label1\" content=\"Tiempo de lectura\" \/>\n\t<meta name=\"twitter:data1\" content=\"1 minuto\" \/>\n<script type=\"application\/ld+json\" class=\"yoast-schema-graph\">{\"@context\":\"https:\/\/schema.org\",\"@graph\":[{\"@type\":\"WebPage\",\"@id\":\"https:\/\/www.cacabelos.org\/ayuntamiento\/urbanismo\/obras\/\",\"url\":\"https:\/\/www.cacabelos.org\/ayuntamiento\/urbanismo\/obras\/\",\"name\":\"Obras - Ayuntamiento de Cacabelos\",\"isPartOf\":{\"@id\":\"https:\/\/www.cacabelos.org\/ayuntamiento\/#website\"},\"datePublished\":\"2023-08-08T12:46:53+00:00\",\"dateModified\":\"2023-08-11T11:55:04+00:00\",\"breadcrumb\":{\"@id\":\"https:\/\/www.cacabelos.org\/ayuntamiento\/urbanismo\/obras\/#breadcrumb\"},\"inLanguage\":\"es\",\"potentialAction\":[{\"@type\":\"ReadAction\",\"target\":[\"https:\/\/www.cacabelos.org\/ayuntamiento\/urbanismo\/obras\/\"]}]},{\"@type\":\"BreadcrumbList\",\"@id\":\"https:\/\/www.cacabelos.org\/ayuntamiento\/urbanismo\/obras\/#breadcrumb\",\"itemListElement\":[{\"@type\":\"ListItem\",\"position\":1,\"name\":\"Portada\",\"item\":\"https:\/\/www.cacabelos.org\/ayuntamiento\/\"},{\"@type\":\"ListItem\",\"position\":2,\"name\":\"Urbanismo\",\"item\":\"https:\/\/www.cacabelos.org\/ayuntamiento\/urbanismo\/\"},{\"@type\":\"ListItem\",\"position\":3,\"name\":\"Obras\"}]},{\"@type\":\"WebSite\",\"@id\":\"https:\/\/www.cacabelos.org\/ayuntamiento\/#website\",\"url\":\"https:\/\/www.cacabelos.org\/ayuntamiento\/\",\"name\":\"Ayuntamiento de Cacabelos\",\"description\":\"Ayuntamiento de Cacabelos\",\"publisher\":{\"@id\":\"https:\/\/www.cacabelos.org\/ayuntamiento\/#organization\"},\"potentialAction\":[{\"@type\":\"SearchAction\",\"target\":{\"@type\":\"EntryPoint\",\"urlTemplate\":\"https:\/\/www.cacabelos.org\/ayuntamiento\/?s={search_term_string}\"},\"query-input\":\"required name=search_term_string\"}],\"inLanguage\":\"es\"},{\"@type\":\"Organization\",\"@id\":\"https:\/\/www.cacabelos.org\/ayuntamiento\/#organization\",\"name\":\"Ayuntamiento de Cacabelos\",\"url\":\"https:\/\/www.cacabelos.org\/ayuntamiento\/\",\"logo\":{\"@type\":\"ImageObject\",\"inLanguage\":\"es\",\"@id\":\"https:\/\/www.cacabelos.org\/ayuntamiento\/#\/schema\/logo\/image\/\",\"url\":\"https:\/\/www.cacabelos.org\/ayuntamiento\/wp-content\/uploads\/2023\/05\/Escudo_Cacabelos_sin-_fondo.png\",\"contentUrl\":\"https:\/\/www.cacabelos.org\/ayuntamiento\/wp-content\/uploads\/2023\/05\/Escudo_Cacabelos_sin-_fondo.png\",\"width\":907,\"height\":995,\"caption\":\"Ayuntamiento de Cacabelos\"},\"image\":{\"@id\":\"https:\/\/www.cacabelos.org\/ayuntamiento\/#\/schema\/logo\/image\/\"},\"sameAs\":[\"https:\/\/www.facebook.com\/aytocacabelos\",\"https:\/\/twitter.com\/aytocacabelos\",\"https:\/\/www.instagram.com\/ayuntamientocacabelos\/\"]}]}<\/script>\n<!-- \/ Yoast SEO plugin. -->","yoast_head_json":{"title":"Obras - Ayuntamiento de Cacabelos","robots":{"index":"index","follow":"follow","max-snippet":"max-snippet:-1","max-image-preview":"max-image-preview:large","max-video-preview":"max-video-preview:-1"},"canonical":"https:\/\/www.cacabelos.org\/ayuntamiento\/urbanismo\/obras\/","og_locale":"es_ES","og_type":"article","og_title":"Obras - Ayuntamiento de Cacabelos","og_description":"Obras Inspecci\u00f3n t\u00e9cnica de edificios Ver documentaci\u00f3n","og_url":"https:\/\/www.cacabelos.org\/ayuntamiento\/urbanismo\/obras\/","og_site_name":"Ayuntamiento de Cacabelos","article_publisher":"https:\/\/www.facebook.com\/aytocacabelos","article_modified_time":"2023-08-11T11:55:04+00:00","twitter_card":"summary_large_image","twitter_site":"@aytocacabelos","twitter_misc":{"Tiempo de lectura":"1 minuto"},"schema":{"@context":"https:\/\/schema.org","@graph":[{"@type":"WebPage","@id":"https:\/\/www.cacabelos.org\/ayuntamiento\/urbanismo\/obras\/","url":"https:\/\/www.cacabelos.org\/ayuntamiento\/urbanismo\/obras\/","name":"Obras - Ayuntamiento de Cacabelos","isPartOf":{"@id":"https:\/\/www.cacabelos.org\/ayuntamiento\/#website"},"datePublished":"2023-08-08T12:46:53+00:00","dateModified":"2023-08-11T11:55:04+00:00","breadcrumb":{"@id":"https:\/\/www.cacabelos.org\/ayuntamiento\/urbanismo\/obras\/#breadcrumb"},"inLanguage":"es","potentialAction":[{"@type":"ReadAction","target":["https:\/\/www.cacabelos.org\/ayuntamiento\/urbanismo\/obras\/"]}]},{"@type":"BreadcrumbList","@id":"https:\/\/www.cacabelos.org\/ayuntamiento\/urbanismo\/obras\/#breadcrumb","itemListElement":[{"@type":"ListItem","position":1,"name":"Portada","item":"https:\/\/www.cacabelos.org\/ayuntamiento\/"},{"@type":"ListItem","position":2,"name":"Urbanismo","item":"https:\/\/www.cacabelos.org\/ayuntamiento\/urbanismo\/"},{"@type":"ListItem","position":3,"name":"Obras"}]},{"@type":"WebSite","@id":"https:\/\/www.cacabelos.org\/ayuntamiento\/#website","url":"https:\/\/www.cacabelos.org\/ayuntamiento\/","name":"Ayuntamiento de Cacabelos","description":"Ayuntamiento de Cacabelos","publisher":{"@id":"https:\/\/www.cacabelos.org\/ayuntamiento\/#organization"},"potentialAction":[{"@type":"SearchAction","target":{"@type":"EntryPoint","urlTemplate":"https:\/\/www.cacabelos.org\/ayuntamiento\/?s={search_term_string}"},"query-input":"required name=search_term_string"}],"inLanguage":"es"},{"@type":"Organization","@id":"https:\/\/www.cacabelos.org\/ayuntamiento\/#organization","name":"Ayuntamiento de Cacabelos","url":"https:\/\/www.cacabelos.org\/ayuntamiento\/","logo":{"@type":"ImageObject","inLanguage":"es","@id":"https:\/\/www.cacabelos.org\/ayuntamiento\/#\/schema\/logo\/image\/","url":"https:\/\/www.cacabelos.org\/ayuntamiento\/wp-content\/uploads\/2023\/05\/Escudo_Cacabelos_sin-_fondo.png","contentUrl":"https:\/\/www.cacabelos.org\/ayuntamiento\/wp-content\/uploads\/2023\/05\/Escudo_Cacabelos_sin-_fondo.png","width":907,"height":995,"caption":"Ayuntamiento de Cacabelos"},"image":{"@id":"https:\/\/www.cacabelos.org\/ayuntamiento\/#\/schema\/logo\/image\/"},"sameAs":["https:\/\/www.facebook.com\/aytocacabelos","https:\/\/twitter.com\/aytocacabelos","https:\/\/www.instagram.com\/ayuntamientocacabelos\/"]}]}},"_links":{"self":[{"href":"https:\/\/www.cacabelos.org\/ayuntamiento\/wp-json\/wp\/v2\/pages\/4446","targetHints":{"allow":["GET"]}}],"collection":[{"href":"https:\/\/www.cacabelos.org\/ayuntamiento\/wp-json\/wp\/v2\/pages"}],"about":[{"href":"https:\/\/www.cacabelos.org\/ayuntamiento\/wp-json\/wp\/v2\/types\/page"}],"author":[{"embeddable":true,"href":"https:\/\/www.cacabelos.org\/ayuntamiento\/wp-json\/wp\/v2\/users\/1"}],"replies":[{"embeddable":true,"href":"https:\/\/www.cacabelos.org\/ayuntamiento\/wp-json\/wp\/v2\/comments?post=4446"}],"version-history":[{"count":16,"href":"https:\/\/www.cacabelos.org\/ayuntamiento\/wp-json\/wp\/v2\/pages\/4446\/revisions"}],"predecessor-version":[{"id":4763,"href":"https:\/\/www.cacabelos.org\/ayuntamiento\/wp-json\/wp\/v2\/pages\/4446\/revisions\/4763"}],"up":[{"embeddable":true,"href":"https:\/\/www.cacabelos.org\/ayuntamiento\/wp-json\/wp\/v2\/pages\/4340"}],"wp:attachment":[{"href":"https:\/\/www.cacabelos.org\/ayuntamiento\/wp-json\/wp\/v2\/media?parent=4446"}],"curies":[{"name":"wp","href":"https:\/\/api.w.org\/{rel}","templated":true}]}}