{"id":4454,"date":"2023-08-08T12:48:54","date_gmt":"2023-08-08T12:48:54","guid":{"rendered":"https:\/\/www.cacabelos.org\/ayuntamiento\/?page_id=4454"},"modified":"2023-08-11T11:54:56","modified_gmt":"2023-08-11T11:54:56","slug":"inspeccion-tecnica-edificios","status":"publish","type":"page","link":"https:\/\/www.cacabelos.org\/ayuntamiento\/urbanismo\/obras\/inspeccion-tecnica-edificios\/","title":{"rendered":"Inspecci\u00f3n t\u00e9cnica de edificios"},"content":{"rendered":"\t\t<div data-elementor-type=\"wp-page\" data-elementor-id=\"4454\" class=\"elementor elementor-4454\" data-elementor-post-type=\"page\">\n\t\t\t\t\t\t\t\t\t<section class=\"elementor-section elementor-top-section elementor-element elementor-element-769171c elementor-section-boxed elementor-section-height-default elementor-section-height-default\" data-id=\"769171c\" data-element_type=\"section\">\n\t\t\t\t\t\t<div class=\"elementor-container elementor-column-gap-default\">\n\t\t\t\t\t<div class=\"elementor-column elementor-col-100 elementor-top-column elementor-element elementor-element-94a2bc4\" data-id=\"94a2bc4\" data-element_type=\"column\">\n\t\t\t<div class=\"elementor-widget-wrap elementor-element-populated\">\n\t\t\t\t\t\t\t\t<div class=\"elementor-element elementor-element-5cdfdd1 elementor-widget elementor-widget-breadcrumbs\" data-id=\"5cdfdd1\" data-element_type=\"widget\" data-widget_type=\"breadcrumbs.default\">\n\t\t\t\t<div class=\"elementor-widget-container\">\n\t\t\t<link rel=\"stylesheet\" href=\"https:\/\/www.cacabelos.org\/ayuntamiento\/wp-content\/plugins\/elementor-pro\/assets\/css\/widget-theme-elements.min.css\"><p id=\"breadcrumbs\"><span><span><a href=\"https:\/\/www.cacabelos.org\/ayuntamiento\/\">Portada<\/a><\/span><\/span><\/p>\t\t<\/div>\n\t\t\t\t<\/div>\n\t\t\t\t<div class=\"elementor-element elementor-element-16b52be elementor-widget elementor-widget-heading\" data-id=\"16b52be\" data-element_type=\"widget\" data-widget_type=\"heading.default\">\n\t\t\t\t<div class=\"elementor-widget-container\">\n\t\t\t<style>\/*! elementor - v3.16.0 - 09-10-2023 *\/\n.elementor-heading-title{padding:0;margin:0;line-height:1}.elementor-widget-heading .elementor-heading-title[class*=elementor-size-]>a{color:inherit;font-size:inherit;line-height:inherit}.elementor-widget-heading .elementor-heading-title.elementor-size-small{font-size:15px}.elementor-widget-heading .elementor-heading-title.elementor-size-medium{font-size:19px}.elementor-widget-heading .elementor-heading-title.elementor-size-large{font-size:29px}.elementor-widget-heading .elementor-heading-title.elementor-size-xl{font-size:39px}.elementor-widget-heading .elementor-heading-title.elementor-size-xxl{font-size:59px}<\/style><h2 class=\"elementor-heading-title elementor-size-default\">Inspecci\u00f3n t\u00e9cnica de edificios<\/h2>\t\t<\/div>\n\t\t\t\t<\/div>\n\t\t\t\t\t<\/div>\n\t\t<\/div>\n\t\t\t\t\t\t\t<\/div>\n\t\t<\/section>\n\t\t\t\t<section class=\"elementor-section elementor-top-section elementor-element elementor-element-92d09fb elementor-section-boxed elementor-section-height-default elementor-section-height-default\" data-id=\"92d09fb\" data-element_type=\"section\">\n\t\t\t\t\t\t<div class=\"elementor-container elementor-column-gap-default\">\n\t\t\t\t\t<div class=\"elementor-column elementor-col-100 elementor-top-column elementor-element elementor-element-eea3b34\" data-id=\"eea3b34\" data-element_type=\"column\">\n\t\t\t<div class=\"elementor-widget-wrap elementor-element-populated\">\n\t\t\t\t\t\t\t\t<div class=\"elementor-element elementor-element-fb1faf0 elementor-widget elementor-widget-text-editor\" data-id=\"fb1faf0\" data-element_type=\"widget\" data-widget_type=\"text-editor.default\">\n\t\t\t\t<div class=\"elementor-widget-container\">\n\t\t\t<style>\/*! elementor - v3.16.0 - 09-10-2023 *\/\n.elementor-widget-text-editor.elementor-drop-cap-view-stacked .elementor-drop-cap{background-color:#69727d;color:#fff}.elementor-widget-text-editor.elementor-drop-cap-view-framed .elementor-drop-cap{color:#69727d;border:3px solid;background-color:transparent}.elementor-widget-text-editor:not(.elementor-drop-cap-view-default) .elementor-drop-cap{margin-top:8px}.elementor-widget-text-editor:not(.elementor-drop-cap-view-default) .elementor-drop-cap-letter{width:1em;height:1em}.elementor-widget-text-editor .elementor-drop-cap{float:left;text-align:center;line-height:1;font-size:50px}.elementor-widget-text-editor .elementor-drop-cap-letter{display:inline-block}<\/style>\t\t\t\t<p>Por imperativo legal los propietarios de todos los edificios situados en el t\u00e9rmino municipal de Cacabelos con m\u00e1s de 40 a\u00f1os de antig\u00fcedad est\u00e1n obligados a realizar la Inspecci\u00f3n T\u00e9cnica de Edificios (ITE).<\/p><p>Se trata de un informe que acredite que el edificio re\u00fane las necesarias condiciones de seguridad y salubridad. Debe estar redactado por t\u00e9cnico cualificado y se presentar\u00e1 en el ayuntamiento para su tramitaci\u00f3n seg\u00fan el procedimiento regulado por la Junta de Castilla y Le\u00f3n.<\/p><p>En caso de que el informe resulte negativo se deber\u00e1n realizar las obras necesarias para la subsanaci\u00f3n de los problemas detectados. El ayuntamiento estudiar\u00e1 la aplicaci\u00f3n de una reducci\u00f3n en el impuesto de obras correspondiente.<\/p><p>Para la tramitaci\u00f3n de los informes el ayuntamiento aplicar\u00e1, de acuerdo con la ordenanza municipal correspondiente, una tasa de 15 euros.<\/p>\t\t\t\t\t\t<\/div>\n\t\t\t\t<\/div>\n\t\t\t\t\t<\/div>\n\t\t<\/div>\n\t\t\t\t\t\t\t<\/div>\n\t\t<\/section>\n\t\t\t\t<section class=\"elementor-section elementor-top-section elementor-element elementor-element-a1a86b5 elementor-section-content-middle elementor-section-boxed elementor-section-height-default elementor-section-height-default\" data-id=\"a1a86b5\" data-element_type=\"section\">\n\t\t\t\t\t\t<div class=\"elementor-container elementor-column-gap-no\">\n\t\t\t\t\t<div class=\"elementor-column elementor-col-100 elementor-top-column elementor-element elementor-element-0ba8640\" data-id=\"0ba8640\" data-element_type=\"column\">\n\t\t\t<div class=\"elementor-widget-wrap elementor-element-populated\">\n\t\t\t\t\t\t\t\t<section class=\"elementor-section elementor-inner-section elementor-element elementor-element-8cea564 elementor-section-content-middle elementor-section-boxed elementor-section-height-default elementor-section-height-default\" data-id=\"8cea564\" data-element_type=\"section\">\n\t\t\t\t\t\t<div class=\"elementor-container elementor-column-gap-no\">\n\t\t\t\t\t<div class=\"elementor-column elementor-col-33 elementor-inner-column elementor-element elementor-element-96df442\" data-id=\"96df442\" data-element_type=\"column\">\n\t\t\t<div class=\"elementor-widget-wrap elementor-element-populated\">\n\t\t\t\t\t\t\t\t<div class=\"elementor-element elementor-element-33361a5 elementor-view-default elementor-position-top elementor-mobile-position-top elementor-widget elementor-widget-icon-box\" data-id=\"33361a5\" data-element_type=\"widget\" data-widget_type=\"icon-box.default\">\n\t\t\t\t<div class=\"elementor-widget-container\">\n\t\t\t<link rel=\"stylesheet\" href=\"https:\/\/www.cacabelos.org\/ayuntamiento\/wp-content\/plugins\/elementor\/assets\/css\/widget-icon-box.min.css\">\t\t<div class=\"elementor-icon-box-wrapper\">\n\t\t\t\t\t\t<div class=\"elementor-icon-box-icon\">\n\t\t\t\t<span  class=\"elementor-icon elementor-animation-\">\n\t\t\t\t<i aria-hidden=\"true\" class=\"far fa-file-pdf\"><\/i>\t\t\t\t<\/span>\n\t\t\t<\/div>\n\t\t\t\t\t\t<div class=\"elementor-icon-box-content\">\n\t\t\t\t<h3 class=\"elementor-icon-box-title\">\n\t\t\t\t\t<span  >\n\t\t\t\t\t\tD\u00edptico ITE municipios\t\t\t\t\t<\/span>\n\t\t\t\t<\/h3>\n\t\t\t\t\t\t\t<\/div>\n\t\t<\/div>\n\t\t\t\t<\/div>\n\t\t\t\t<\/div>\n\t\t\t\t<div class=\"elementor-element elementor-element-191e9d7 elementor-align-center elementor-widget elementor-widget-button\" data-id=\"191e9d7\" data-element_type=\"widget\" data-widget_type=\"button.default\">\n\t\t\t\t<div class=\"elementor-widget-container\">\n\t\t\t\t\t<div class=\"elementor-button-wrapper\">\n\t\t\t<a class=\"elementor-button elementor-button-link elementor-size-sm\" href=\"https:\/\/www.cacabelos.org\/archivos\/urbanismo\/ite\/diptico%20ITE%20municipios.pdf\" target=\"_blank\">\n\t\t\t\t\t\t<span class=\"elementor-button-content-wrapper\">\n\t\t\t\t\t\t<span class=\"elementor-button-text\">Ver documentaci\u00f3n<\/span>\n\t\t<\/span>\n\t\t\t\t\t<\/a>\n\t\t<\/div>\n\t\t\t\t<\/div>\n\t\t\t\t<\/div>\n\t\t\t\t\t<\/div>\n\t\t<\/div>\n\t\t\t\t<div class=\"elementor-column elementor-col-33 elementor-inner-column elementor-element elementor-element-a4139b1\" data-id=\"a4139b1\" data-element_type=\"column\">\n\t\t\t<div class=\"elementor-widget-wrap elementor-element-populated\">\n\t\t\t\t\t\t\t\t<div class=\"elementor-element elementor-element-456001f elementor-view-default elementor-position-top elementor-mobile-position-top elementor-widget elementor-widget-icon-box\" data-id=\"456001f\" data-element_type=\"widget\" data-widget_type=\"icon-box.default\">\n\t\t\t\t<div class=\"elementor-widget-container\">\n\t\t\t\t\t<div class=\"elementor-icon-box-wrapper\">\n\t\t\t\t\t\t<div class=\"elementor-icon-box-icon\">\n\t\t\t\t<span  class=\"elementor-icon elementor-animation-\">\n\t\t\t\t<i aria-hidden=\"true\" class=\"far fa-file-pdf\"><\/i>\t\t\t\t<\/span>\n\t\t\t<\/div>\n\t\t\t\t\t\t<div class=\"elementor-icon-box-content\">\n\t\t\t\t<h3 class=\"elementor-icon-box-title\">\n\t\t\t\t\t<span  >\n\t\t\t\t\t\tD\u00edptico ITE propietarios\t\t\t\t\t<\/span>\n\t\t\t\t<\/h3>\n\t\t\t\t\t\t\t<\/div>\n\t\t<\/div>\n\t\t\t\t<\/div>\n\t\t\t\t<\/div>\n\t\t\t\t<div class=\"elementor-element elementor-element-53f3ab6 elementor-align-center elementor-widget elementor-widget-button\" data-id=\"53f3ab6\" data-element_type=\"widget\" data-widget_type=\"button.default\">\n\t\t\t\t<div class=\"elementor-widget-container\">\n\t\t\t\t\t<div class=\"elementor-button-wrapper\">\n\t\t\t<a class=\"elementor-button elementor-button-link elementor-size-sm\" href=\"https:\/\/www.cacabelos.org\/archivos\/urbanismo\/ite\/diptico%20ITE%20propietarios.pdf\" target=\"_blank\">\n\t\t\t\t\t\t<span class=\"elementor-button-content-wrapper\">\n\t\t\t\t\t\t<span class=\"elementor-button-text\">Ver documentaci\u00f3n<\/span>\n\t\t<\/span>\n\t\t\t\t\t<\/a>\n\t\t<\/div>\n\t\t\t\t<\/div>\n\t\t\t\t<\/div>\n\t\t\t\t\t<\/div>\n\t\t<\/div>\n\t\t\t\t<div class=\"elementor-column elementor-col-33 elementor-inner-column elementor-element elementor-element-578a7e8\" data-id=\"578a7e8\" data-element_type=\"column\">\n\t\t\t<div class=\"elementor-widget-wrap elementor-element-populated\">\n\t\t\t\t\t\t\t\t<div class=\"elementor-element elementor-element-f9ed35f elementor-view-default elementor-position-top elementor-mobile-position-top elementor-widget elementor-widget-icon-box\" data-id=\"f9ed35f\" data-element_type=\"widget\" data-widget_type=\"icon-box.default\">\n\t\t\t\t<div class=\"elementor-widget-container\">\n\t\t\t\t\t<div class=\"elementor-icon-box-wrapper\">\n\t\t\t\t\t\t<div class=\"elementor-icon-box-icon\">\n\t\t\t\t<span  class=\"elementor-icon elementor-animation-\">\n\t\t\t\t<i aria-hidden=\"true\" class=\"far fa-file-pdf\"><\/i>\t\t\t\t<\/span>\n\t\t\t<\/div>\n\t\t\t\t\t\t<div class=\"elementor-icon-box-content\">\n\t\t\t\t<h3 class=\"elementor-icon-box-title\">\n\t\t\t\t\t<span  >\n\t\t\t\t\t\tListado edificios ITE\t\t\t\t\t<\/span>\n\t\t\t\t<\/h3>\n\t\t\t\t\t\t\t<\/div>\n\t\t<\/div>\n\t\t\t\t<\/div>\n\t\t\t\t<\/div>\n\t\t\t\t<div class=\"elementor-element elementor-element-e9a89a8 elementor-align-center elementor-widget elementor-widget-button\" data-id=\"e9a89a8\" data-element_type=\"widget\" data-widget_type=\"button.default\">\n\t\t\t\t<div class=\"elementor-widget-container\">\n\t\t\t\t\t<div class=\"elementor-button-wrapper\">\n\t\t\t<a class=\"elementor-button elementor-button-link elementor-size-sm\" href=\"https:\/\/www.cacabelos.org\/archivos\/urbanismo\/ite\/Listado%20edificios%20ITE.pdf\" target=\"_blank\">\n\t\t\t\t\t\t<span class=\"elementor-button-content-wrapper\">\n\t\t\t\t\t\t<span class=\"elementor-button-text\">Ver documentaci\u00f3n<\/span>\n\t\t<\/span>\n\t\t\t\t\t<\/a>\n\t\t<\/div>\n\t\t\t\t<\/div>\n\t\t\t\t<\/div>\n\t\t\t\t\t<\/div>\n\t\t<\/div>\n\t\t\t\t\t\t\t<\/div>\n\t\t<\/section>\n\t\t\t\t\t<\/div>\n\t\t<\/div>\n\t\t\t\t\t\t\t<\/div>\n\t\t<\/section>\n\t\t\t\t\t\t\t<\/div>\n\t\t","protected":false},"excerpt":{"rendered":"<p>Inspecci\u00f3n t\u00e9cnica de edificios Por imperativo legal los propietarios de todos los edificios situados en el t\u00e9rmino municipal de Cacabelos con m\u00e1s de 40 a\u00f1os de antig\u00fcedad est\u00e1n obligados a [&hellip;]<\/p>\n","protected":false},"author":1,"featured_media":0,"parent":4446,"menu_order":0,"comment_status":"closed","ping_status":"closed","template":"","meta":{"_monsterinsights_skip_tracking":false,"_monsterinsights_sitenote_active":false,"_monsterinsights_sitenote_note":"","_monsterinsights_sitenote_category":0,"footnotes":""},"class_list":["post-4454","page","type-page","status-publish","hentry"],"yoast_head":"<!-- This site is optimized with the Yoast SEO plugin v21.3 - https:\/\/yoast.com\/wordpress\/plugins\/seo\/ -->\n<title>Inspecci\u00f3n t\u00e9cnica de edificios - Ayuntamiento de Cacabelos<\/title>\n<meta name=\"robots\" content=\"index, follow, max-snippet:-1, max-image-preview:large, max-video-preview:-1\" \/>\n<link rel=\"canonical\" href=\"https:\/\/www.cacabelos.org\/ayuntamiento\/urbanismo\/obras\/inspeccion-tecnica-edificios\/\" \/>\n<meta property=\"og:locale\" content=\"es_ES\" \/>\n<meta property=\"og:type\" content=\"article\" \/>\n<meta property=\"og:title\" content=\"Inspecci\u00f3n t\u00e9cnica de edificios - Ayuntamiento de Cacabelos\" \/>\n<meta property=\"og:description\" content=\"Inspecci\u00f3n t\u00e9cnica de edificios Por imperativo legal los propietarios de todos los edificios situados en el t\u00e9rmino municipal de Cacabelos con m\u00e1s de 40 a\u00f1os de antig\u00fcedad est\u00e1n obligados a [&hellip;]\" \/>\n<meta property=\"og:url\" content=\"https:\/\/www.cacabelos.org\/ayuntamiento\/urbanismo\/obras\/inspeccion-tecnica-edificios\/\" \/>\n<meta property=\"og:site_name\" content=\"Ayuntamiento de Cacabelos\" \/>\n<meta property=\"article:publisher\" content=\"https:\/\/www.facebook.com\/aytocacabelos\" \/>\n<meta property=\"article:modified_time\" content=\"2023-08-11T11:54:56+00:00\" \/>\n<meta name=\"twitter:card\" content=\"summary_large_image\" \/>\n<meta name=\"twitter:site\" content=\"@aytocacabelos\" \/>\n<meta name=\"twitter:label1\" content=\"Tiempo de lectura\" \/>\n\t<meta name=\"twitter:data1\" content=\"1 minuto\" \/>\n<script type=\"application\/ld+json\" class=\"yoast-schema-graph\">{\"@context\":\"https:\/\/schema.org\",\"@graph\":[{\"@type\":\"WebPage\",\"@id\":\"https:\/\/www.cacabelos.org\/ayuntamiento\/urbanismo\/obras\/inspeccion-tecnica-edificios\/\",\"url\":\"https:\/\/www.cacabelos.org\/ayuntamiento\/urbanismo\/obras\/inspeccion-tecnica-edificios\/\",\"name\":\"Inspecci\u00f3n t\u00e9cnica de edificios - Ayuntamiento de Cacabelos\",\"isPartOf\":{\"@id\":\"https:\/\/www.cacabelos.org\/ayuntamiento\/#website\"},\"datePublished\":\"2023-08-08T12:48:54+00:00\",\"dateModified\":\"2023-08-11T11:54:56+00:00\",\"breadcrumb\":{\"@id\":\"https:\/\/www.cacabelos.org\/ayuntamiento\/urbanismo\/obras\/inspeccion-tecnica-edificios\/#breadcrumb\"},\"inLanguage\":\"es\",\"potentialAction\":[{\"@type\":\"ReadAction\",\"target\":[\"https:\/\/www.cacabelos.org\/ayuntamiento\/urbanismo\/obras\/inspeccion-tecnica-edificios\/\"]}]},{\"@type\":\"BreadcrumbList\",\"@id\":\"https:\/\/www.cacabelos.org\/ayuntamiento\/urbanismo\/obras\/inspeccion-tecnica-edificios\/#breadcrumb\",\"itemListElement\":[{\"@type\":\"ListItem\",\"position\":1,\"name\":\"Portada\",\"item\":\"https:\/\/www.cacabelos.org\/ayuntamiento\/\"},{\"@type\":\"ListItem\",\"position\":2,\"name\":\"Urbanismo\",\"item\":\"https:\/\/www.cacabelos.org\/ayuntamiento\/urbanismo\/\"},{\"@type\":\"ListItem\",\"position\":3,\"name\":\"Obras\",\"item\":\"https:\/\/www.cacabelos.org\/ayuntamiento\/urbanismo\/obras\/\"},{\"@type\":\"ListItem\",\"position\":4,\"name\":\"Inspecci\u00f3n t\u00e9cnica de edificios\"}]},{\"@type\":\"WebSite\",\"@id\":\"https:\/\/www.cacabelos.org\/ayuntamiento\/#website\",\"url\":\"https:\/\/www.cacabelos.org\/ayuntamiento\/\",\"name\":\"Ayuntamiento de Cacabelos\",\"description\":\"Ayuntamiento de Cacabelos\",\"publisher\":{\"@id\":\"https:\/\/www.cacabelos.org\/ayuntamiento\/#organization\"},\"potentialAction\":[{\"@type\":\"SearchAction\",\"target\":{\"@type\":\"EntryPoint\",\"urlTemplate\":\"https:\/\/www.cacabelos.org\/ayuntamiento\/?s={search_term_string}\"},\"query-input\":\"required name=search_term_string\"}],\"inLanguage\":\"es\"},{\"@type\":\"Organization\",\"@id\":\"https:\/\/www.cacabelos.org\/ayuntamiento\/#organization\",\"name\":\"Ayuntamiento de Cacabelos\",\"url\":\"https:\/\/www.cacabelos.org\/ayuntamiento\/\",\"logo\":{\"@type\":\"ImageObject\",\"inLanguage\":\"es\",\"@id\":\"https:\/\/www.cacabelos.org\/ayuntamiento\/#\/schema\/logo\/image\/\",\"url\":\"https:\/\/www.cacabelos.org\/ayuntamiento\/wp-content\/uploads\/2023\/05\/Escudo_Cacabelos_sin-_fondo.png\",\"contentUrl\":\"https:\/\/www.cacabelos.org\/ayuntamiento\/wp-content\/uploads\/2023\/05\/Escudo_Cacabelos_sin-_fondo.png\",\"width\":907,\"height\":995,\"caption\":\"Ayuntamiento de Cacabelos\"},\"image\":{\"@id\":\"https:\/\/www.cacabelos.org\/ayuntamiento\/#\/schema\/logo\/image\/\"},\"sameAs\":[\"https:\/\/www.facebook.com\/aytocacabelos\",\"https:\/\/twitter.com\/aytocacabelos\",\"https:\/\/www.instagram.com\/ayuntamientocacabelos\/\"]}]}<\/script>\n<!-- \/ Yoast SEO plugin. -->","yoast_head_json":{"title":"Inspecci\u00f3n t\u00e9cnica de edificios - Ayuntamiento de Cacabelos","robots":{"index":"index","follow":"follow","max-snippet":"max-snippet:-1","max-image-preview":"max-image-preview:large","max-video-preview":"max-video-preview:-1"},"canonical":"https:\/\/www.cacabelos.org\/ayuntamiento\/urbanismo\/obras\/inspeccion-tecnica-edificios\/","og_locale":"es_ES","og_type":"article","og_title":"Inspecci\u00f3n t\u00e9cnica de edificios - Ayuntamiento de Cacabelos","og_description":"Inspecci\u00f3n t\u00e9cnica de edificios Por imperativo legal los propietarios de todos los edificios situados en el t\u00e9rmino municipal de Cacabelos con m\u00e1s de 40 a\u00f1os de antig\u00fcedad est\u00e1n obligados a [&hellip;]","og_url":"https:\/\/www.cacabelos.org\/ayuntamiento\/urbanismo\/obras\/inspeccion-tecnica-edificios\/","og_site_name":"Ayuntamiento de Cacabelos","article_publisher":"https:\/\/www.facebook.com\/aytocacabelos","article_modified_time":"2023-08-11T11:54:56+00:00","twitter_card":"summary_large_image","twitter_site":"@aytocacabelos","twitter_misc":{"Tiempo de lectura":"1 minuto"},"schema":{"@context":"https:\/\/schema.org","@graph":[{"@type":"WebPage","@id":"https:\/\/www.cacabelos.org\/ayuntamiento\/urbanismo\/obras\/inspeccion-tecnica-edificios\/","url":"https:\/\/www.cacabelos.org\/ayuntamiento\/urbanismo\/obras\/inspeccion-tecnica-edificios\/","name":"Inspecci\u00f3n t\u00e9cnica de edificios - Ayuntamiento de Cacabelos","isPartOf":{"@id":"https:\/\/www.cacabelos.org\/ayuntamiento\/#website"},"datePublished":"2023-08-08T12:48:54+00:00","dateModified":"2023-08-11T11:54:56+00:00","breadcrumb":{"@id":"https:\/\/www.cacabelos.org\/ayuntamiento\/urbanismo\/obras\/inspeccion-tecnica-edificios\/#breadcrumb"},"inLanguage":"es","potentialAction":[{"@type":"ReadAction","target":["https:\/\/www.cacabelos.org\/ayuntamiento\/urbanismo\/obras\/inspeccion-tecnica-edificios\/"]}]},{"@type":"BreadcrumbList","@id":"https:\/\/www.cacabelos.org\/ayuntamiento\/urbanismo\/obras\/inspeccion-tecnica-edificios\/#breadcrumb","itemListElement":[{"@type":"ListItem","position":1,"name":"Portada","item":"https:\/\/www.cacabelos.org\/ayuntamiento\/"},{"@type":"ListItem","position":2,"name":"Urbanismo","item":"https:\/\/www.cacabelos.org\/ayuntamiento\/urbanismo\/"},{"@type":"ListItem","position":3,"name":"Obras","item":"https:\/\/www.cacabelos.org\/ayuntamiento\/urbanismo\/obras\/"},{"@type":"ListItem","position":4,"name":"Inspecci\u00f3n t\u00e9cnica de edificios"}]},{"@type":"WebSite","@id":"https:\/\/www.cacabelos.org\/ayuntamiento\/#website","url":"https:\/\/www.cacabelos.org\/ayuntamiento\/","name":"Ayuntamiento de Cacabelos","description":"Ayuntamiento de Cacabelos","publisher":{"@id":"https:\/\/www.cacabelos.org\/ayuntamiento\/#organization"},"potentialAction":[{"@type":"SearchAction","target":{"@type":"EntryPoint","urlTemplate":"https:\/\/www.cacabelos.org\/ayuntamiento\/?s={search_term_string}"},"query-input":"required name=search_term_string"}],"inLanguage":"es"},{"@type":"Organization","@id":"https:\/\/www.cacabelos.org\/ayuntamiento\/#organization","name":"Ayuntamiento de Cacabelos","url":"https:\/\/www.cacabelos.org\/ayuntamiento\/","logo":{"@type":"ImageObject","inLanguage":"es","@id":"https:\/\/www.cacabelos.org\/ayuntamiento\/#\/schema\/logo\/image\/","url":"https:\/\/www.cacabelos.org\/ayuntamiento\/wp-content\/uploads\/2023\/05\/Escudo_Cacabelos_sin-_fondo.png","contentUrl":"https:\/\/www.cacabelos.org\/ayuntamiento\/wp-content\/uploads\/2023\/05\/Escudo_Cacabelos_sin-_fondo.png","width":907,"height":995,"caption":"Ayuntamiento de Cacabelos"},"image":{"@id":"https:\/\/www.cacabelos.org\/ayuntamiento\/#\/schema\/logo\/image\/"},"sameAs":["https:\/\/www.facebook.com\/aytocacabelos","https:\/\/twitter.com\/aytocacabelos","https:\/\/www.instagram.com\/ayuntamientocacabelos\/"]}]}},"_links":{"self":[{"href":"https:\/\/www.cacabelos.org\/ayuntamiento\/wp-json\/wp\/v2\/pages\/4454","targetHints":{"allow":["GET"]}}],"collection":[{"href":"https:\/\/www.cacabelos.org\/ayuntamiento\/wp-json\/wp\/v2\/pages"}],"about":[{"href":"https:\/\/www.cacabelos.org\/ayuntamiento\/wp-json\/wp\/v2\/types\/page"}],"author":[{"embeddable":true,"href":"https:\/\/www.cacabelos.org\/ayuntamiento\/wp-json\/wp\/v2\/users\/1"}],"replies":[{"embeddable":true,"href":"https:\/\/www.cacabelos.org\/ayuntamiento\/wp-json\/wp\/v2\/comments?post=4454"}],"version-history":[{"count":10,"href":"https:\/\/www.cacabelos.org\/ayuntamiento\/wp-json\/wp\/v2\/pages\/4454\/revisions"}],"predecessor-version":[{"id":4760,"href":"https:\/\/www.cacabelos.org\/ayuntamiento\/wp-json\/wp\/v2\/pages\/4454\/revisions\/4760"}],"up":[{"embeddable":true,"href":"https:\/\/www.cacabelos.org\/ayuntamiento\/wp-json\/wp\/v2\/pages\/4446"}],"wp:attachment":[{"href":"https:\/\/www.cacabelos.org\/ayuntamiento\/wp-json\/wp\/v2\/media?parent=4454"}],"curies":[{"name":"wp","href":"https:\/\/api.w.org\/{rel}","templated":true}]}}