{"id":112,"date":"2019-02-26T10:36:58","date_gmt":"2019-02-26T09:36:58","guid":{"rendered":"https:\/\/www.cacabelos.org\/biblioteca\/?page_id=112"},"modified":"2021-04-15T15:27:37","modified_gmt":"2021-04-15T14:27:37","slug":"espacio-infantil","status":"publish","type":"page","link":"https:\/\/www.cacabelos.org\/biblioteca\/gl\/espacio-infantil\/","title":{"rendered":"Espacio infantil"},"content":{"rendered":"<p>[et_pb_section admin_label=&#8221;section&#8221; fullwidth=&#8221;on&#8221;][et_pb_fullwidth_slider admin_label=&#8221;Fullwidth Slider&#8221; show_arrows=&#8221;on&#8221; show_pagination=&#8221;on&#8221; auto=&#8221;off&#8221; parallax=&#8221;on&#8221; auto_ignore_hover=&#8221;off&#8221; parallax_method=&#8221;off&#8221; remove_inner_shadow=&#8221;off&#8221; background_position=&#8221;default&#8221; background_size=&#8221;default&#8221; hide_content_on_mobile=&#8221;off&#8221; hide_cta_on_mobile=&#8221;off&#8221; show_image_video_mobile=&#8221;off&#8221; custom_button=&#8221;off&#8221; button_letter_spacing=&#8221;0&#8243; button_use_icon=&#8221;default&#8221; button_icon_placement=&#8221;right&#8221; button_on_hover=&#8221;on&#8221; button_letter_spacing_hover=&#8221;0&#8243;] [et_pb_slide heading=&#8221;Espazo infantil&#8221; button_link=&#8221;#&#8221; background_color=&#8221;#ffffff&#8221; alignment=&#8221;center&#8221; background_layout=&#8221;dark&#8221; video_bg_width=&#8221;1920&#8243; video_bg_height=&#8221;638&#8243; background_image=&#8221;https:\/\/www.cacabelos.org\/biblioteca\/wp-content\/uploads\/2019\/02\/IMG_20190226_103133.jpg&#8221; background_position=&#8221;default&#8221; background_size=&#8221;default&#8221; use_bg_overlay=&#8221;off&#8221; use_text_overlay=&#8221;on&#8221; allow_player_pause=&#8221;off&#8221; text_border_radius=&#8221;3&#8243; header_font_select=&#8221;default&#8221; header_font=&#8221;||||&#8221; body_font_select=&#8221;default&#8221; body_font=&#8221;||||&#8221; custom_button=&#8221;off&#8221; button_font_select=&#8221;default&#8221; button_font=&#8221;||||&#8221; button_use_icon=&#8221;default&#8221; button_icon_placement=&#8221;right&#8221; button_on_hover=&#8221;on&#8221; text_overlay_color=&#8221;#30bdea&#8221;]<\/p>\n<p>Onde inspirar, aprender e so\u00f1ar<\/p>\n<p>[\/et_pb_slide] [\/et_pb_fullwidth_slider][\/et_pb_section][et_pb_section admin_label=&#8221;section&#8221; fullwidth=&#8221;off&#8221;][et_pb_row admin_label=&#8221;row&#8221;][et_pb_column type=&#8221;1_3&#8243;][et_pb_blurb admin_label=&#8221;Blurb&#8221; title=&#8221;Selecci\u00f3n semanal&#8221; url_new_window=&#8221;off&#8221; animation=&#8221;left&#8221; background_layout=&#8221;light&#8221; text_orientation=&#8221;center&#8221; icon_placement=&#8221;top&#8221; font_icon=&#8221;\ue005&#8221; use_icon=&#8221;off&#8221; use_circle=&#8221;off&#8221; use_circle_border=&#8221;off&#8221; icon_color=&#8221;#7c4dd5&#8243; circle_color=&#8221;#7c4dd5&#8243; circle_border_color=&#8221;#2caaca&#8221; image=&#8221;https:\/\/www.cacabelos.org\/biblioteca\/wp-content\/uploads\/2019\/02\/IMG_20190226_114421.jpg&#8221; use_icon_font_size=&#8221;off&#8221; use_border_color=&#8221;off&#8221; border_color=&#8221;#ffffff&#8221; border_style=&#8221;solid&#8221;]<\/p>\n<p style=\"text-align: center;\">Con periodicidade semanal prep\u00e1ranse selecci\u00f3ns de libro infantil que se deixan en sobre as mesas<\/p>\n<div id=\"gtx-trans\" style=\"position: absolute; left: 309px; top: 8px;\"><\/div>\n<p>[\/et_pb_blurb][\/et_pb_column][et_pb_column type=&#8221;1_3&#8243;][et_pb_blurb admin_label=&#8221;Blurb&#8221; title=&#8221;Espazo c\u00f3modo&#8221; url_new_window=&#8221;off&#8221; animation=&#8221;top&#8221; background_layout=&#8221;light&#8221; text_orientation=&#8221;center&#8221; icon_placement=&#8221;top&#8221; font_icon=&#8221;\ue005&#8221; use_icon=&#8221;off&#8221; use_circle=&#8221;off&#8221; use_circle_border=&#8221;off&#8221; icon_color=&#8221;#7c4dd5&#8243; circle_color=&#8221;#7c4dd5&#8243; circle_border_color=&#8221;#2caaca&#8221; image=&#8221;https:\/\/www.cacabelos.org\/biblioteca\/wp-content\/uploads\/2019\/02\/IMG_20190226_112703.jpg&#8221; use_icon_font_size=&#8221;off&#8221; use_border_color=&#8221;off&#8221; border_color=&#8221;#ffffff&#8221; border_style=&#8221;solid&#8221;]<\/p>\n<p style=\"text-align: center;\">Un espazo de lectura c\u00f3modo, con mesas baixas e centos de libros ao alcance a man<\/p>\n<p>[\/et_pb_blurb][\/et_pb_column][et_pb_column type=&#8221;1_3&#8243;][et_pb_blurb admin_label=&#8221;Blurb&#8221; title=&#8221;Grandes colecci\u00f3ns&#8221; url_new_window=&#8221;off&#8221; animation=&#8221;right&#8221; background_layout=&#8221;light&#8221; text_orientation=&#8221;center&#8221; icon_placement=&#8221;top&#8221; font_icon=&#8221;\ue005&#8221; use_icon=&#8221;off&#8221; use_circle=&#8221;off&#8221; use_circle_border=&#8221;off&#8221; icon_color=&#8221;#7c4dd5&#8243; circle_color=&#8221;#7c4dd5&#8243; circle_border_color=&#8221;#2caaca&#8221; image=&#8221;https:\/\/www.cacabelos.org\/biblioteca\/wp-content\/uploads\/2019\/02\/IMG_20190226_103214.jpg&#8221; use_icon_font_size=&#8221;off&#8221; use_border_color=&#8221;off&#8221; border_color=&#8221;#ffffff&#8221; border_style=&#8221;solid&#8221;]<\/p>\n<p style=\"text-align: center;\">Series infant\u00eds e xuven\u00eds das principais editoriais. O Pequeno Vampiro, O Capit\u00e1n Calz\u00f3ns, Frei Perico, Larousse infantil, Pablo Dia\u00f1o, Ger\u00f3nimo Stilton\u2026<\/p>\n<p>[\/et_pb_blurb][\/et_pb_column][\/et_pb_row][\/et_pb_section][et_pb_section admin_label=&#8221;section&#8221; fullwidth=&#8221;on&#8221;][et_pb_fullwidth_slider admin_label=&#8221;Fullwidth Slider&#8221; show_arrows=&#8221;on&#8221; show_pagination=&#8221;on&#8221; auto=&#8221;off&#8221; parallax=&#8221;on&#8221; auto_ignore_hover=&#8221;off&#8221; parallax_method=&#8221;off&#8221; remove_inner_shadow=&#8221;off&#8221; background_position=&#8221;default&#8221; background_size=&#8221;default&#8221; hide_content_on_mobile=&#8221;off&#8221; hide_cta_on_mobile=&#8221;off&#8221; show_image_video_mobile=&#8221;off&#8221; custom_button=&#8221;off&#8221; button_letter_spacing=&#8221;0&#8243; button_use_icon=&#8221;default&#8221; button_icon_placement=&#8221;right&#8221; button_on_hover=&#8221;on&#8221; button_letter_spacing_hover=&#8221;0&#8243;] [et_pb_slide button_link=&#8221;#&#8221; background_color=&#8221;#ffffff&#8221; alignment=&#8221;center&#8221; background_layout=&#8221;dark&#8221; video_bg_width=&#8221;1920&#8243; video_bg_height=&#8221;638&#8243; background_image=&#8221;https:\/\/www.cacabelos.org\/biblioteca\/wp-content\/uploads\/2019\/02\/IMG_20190226_122928.jpg&#8221; background_position=&#8221;default&#8221; background_size=&#8221;default&#8221; use_bg_overlay=&#8221;off&#8221; use_text_overlay=&#8221;off&#8221; allow_player_pause=&#8221;off&#8221; text_border_radius=&#8221;3&#8243; header_font_select=&#8221;default&#8221; header_font=&#8221;||||&#8221; body_font_select=&#8221;default&#8221; body_font=&#8221;||||&#8221; custom_button=&#8221;off&#8221; button_font_select=&#8221;default&#8221; button_font=&#8221;||||&#8221; button_use_icon=&#8221;default&#8221; button_icon_placement=&#8221;right&#8221; button_on_hover=&#8221;on&#8221; text_overlay_color=&#8221;#30bdea&#8221;][\/et_pb_slide] [\/et_pb_fullwidth_slider][\/et_pb_section][et_pb_section admin_label=&#8221;section&#8221;][et_pb_row admin_label=&#8221;row&#8221;][et_pb_column type=&#8221;4_4&#8243;][et_pb_text admin_label=&#8221;Text&#8221; background_layout=&#8221;light&#8221; text_orientation=&#8221;center&#8221; use_border_color=&#8221;off&#8221; border_color=&#8221;#ffffff&#8221; border_style=&#8221;solid&#8221;]<\/p>\n<h1>Condici\u00f3ns de pr\u00e9stamo<\/h1>\n<p>[\/et_pb_text][\/et_pb_column][\/et_pb_row][et_pb_row admin_label=&#8221;row&#8221;][et_pb_column type=&#8221;1_3&#8243;][et_pb_blurb admin_label=&#8221;Blurb&#8221; title=&#8221;Libros&#8221; url_new_window=&#8221;off&#8221; image=&#8221;http:\/\/elegantthemesimages.com\/images\/premade\/builder-blurbs-builder.jpg&#8221; animation=&#8221;bottom&#8221; background_layout=&#8221;light&#8221; text_orientation=&#8221;center&#8221; use_icon=&#8221;on&#8221; icon_color=&#8221;#30bdea&#8221; use_circle=&#8221;off&#8221; circle_color=&#8221;#2caaca&#8221; use_circle_border=&#8221;off&#8221; circle_border_color=&#8221;#2caaca&#8221; icon_placement=&#8221;top&#8221; font_icon=&#8221;%%127%%&#8221; use_icon_font_size=&#8221;off&#8221; use_border_color=&#8221;off&#8221; border_color=&#8221;#ffffff&#8221; border_style=&#8221;solid&#8221;]<\/p>\n<p>Por cada carn\u00e9 infantil pr\u00e9stanse 5 libros durante 21 d\u00edas, pod\u00e9ndose renovar unha vez<\/p>\n<p>[\/et_pb_blurb][\/et_pb_column][et_pb_column type=&#8221;1_3&#8243;][et_pb_blurb admin_label=&#8221;Blurb&#8221; title=&#8221;Pel\u00edculas&#8221; url_new_window=&#8221;off&#8221; image=&#8221;http:\/\/elegantthemesimages.com\/images\/premade\/builder-blurbs-layouts.jpg&#8221; animation=&#8221;bottom&#8221; background_layout=&#8221;light&#8221; text_orientation=&#8221;center&#8221; use_icon=&#8221;on&#8221; icon_color=&#8221;#30bdea&#8221; use_circle=&#8221;off&#8221; circle_color=&#8221;#2caaca&#8221; use_circle_border=&#8221;off&#8221; circle_border_color=&#8221;#2caaca&#8221; icon_placement=&#8221;top&#8221; font_icon=&#8221;%%129%%&#8221; use_icon_font_size=&#8221;off&#8221; use_border_color=&#8221;off&#8221; border_color=&#8221;#ffffff&#8221; border_style=&#8221;solid&#8221;]<\/p>\n<p>Por cada carn\u00e9 infantil pr\u00e9stanse 2 pel\u00edculas durante 7 d\u00edas<\/p>\n<p>[\/et_pb_blurb][\/et_pb_column][et_pb_column type=&#8221;1_3&#8243;][et_pb_blurb admin_label=&#8221;Blurb&#8221; title=&#8221;Internet&#8221; url_new_window=&#8221;off&#8221; image=&#8221;http:\/\/elegantthemesimages.com\/images\/premade\/builder-blurbs-export.jpg&#8221; animation=&#8221;bottom&#8221; background_layout=&#8221;light&#8221; text_orientation=&#8221;center&#8221; use_icon=&#8221;on&#8221; icon_color=&#8221;#30bdea&#8221; use_circle=&#8221;off&#8221; circle_color=&#8221;#2caaca&#8221; use_circle_border=&#8221;off&#8221; circle_border_color=&#8221;#2caaca&#8221; icon_placement=&#8221;top&#8221; font_icon=&#8221;%%107%%&#8221; use_icon_font_size=&#8221;off&#8221; use_border_color=&#8221;off&#8221; border_color=&#8221;#ffffff&#8221; border_style=&#8221;solid&#8221;]<\/p>\n<p>A trav\u00e9s dos computadores de uso p\u00fablico p\u00f3dese acceder a Internet e traballar con LibreOffice<\/p>\n<p>[\/et_pb_blurb][\/et_pb_column][\/et_pb_row][\/et_pb_section][et_pb_section admin_label=&#8221;section&#8221; fullwidth=&#8221;off&#8221; background_color=&#8221;#30bdea&#8221; inner_shadow=&#8221;off&#8221; parallax=&#8221;off&#8221; transparent_background=&#8221;off&#8221; allow_player_pause=&#8221;off&#8221; parallax_method=&#8221;off&#8221; padding_mobile=&#8221;off&#8221; make_fullwidth=&#8221;off&#8221; use_custom_width=&#8221;off&#8221; width_unit=&#8221;on&#8221; make_equal=&#8221;off&#8221; use_custom_gutter=&#8221;off&#8221;][et_pb_row admin_label=&#8221;row&#8221; make_fullwidth=&#8221;off&#8221; use_custom_width=&#8221;off&#8221; width_unit=&#8221;on&#8221; use_custom_gutter=&#8221;off&#8221; padding_mobile=&#8221;off&#8221; allow_player_pause=&#8221;off&#8221; parallax=&#8221;off&#8221; parallax_method=&#8221;off&#8221; make_equal=&#8221;off&#8221; parallax_1=&#8221;off&#8221; parallax_method_1=&#8221;off&#8221; column_padding_mobile=&#8221;on&#8221;][et_pb_column type=&#8221;4_4&#8243;][et_pb_text admin_label=&#8221;Texto&#8221; background_layout=&#8221;light&#8221; text_orientation=&#8221;left&#8221; use_border_color=&#8221;off&#8221; border_color=&#8221;#ffffff&#8221; border_style=&#8221;solid&#8221;]<\/p>\n<h1 style=\"text-align: center;\"><span style=\"color: #ffffff;\"><a style=\"color: #ffffff;\" href=\"https:\/\/es.wikipedia.org\/wiki\/Emily_Dickinson\" target=\"_blank\">&#8220;Para viaxar lonxe, non hai mellor nave que un libro&#8221;<\/a><\/span><\/h1>\n<h1 style=\"text-align: center;\"><span style=\"color: #ffffff;\"><a style=\"color: #ffffff;\" href=\"https:\/\/es.wikipedia.org\/wiki\/Emily_Dickinson\" target=\"_blank\"><em>Emily Dickinso<\/em><em>n<\/em><\/a><\/span><\/h1>\n<p>[\/et_pb_text][\/et_pb_column][\/et_pb_row][\/et_pb_section]<\/p>","protected":false},"excerpt":{"rendered":"<p>[et_pb_section admin_label=&#8221;section&#8221; fullwidth=&#8221;on&#8221;][et_pb_fullwidth_slider admin_label=&#8221;Fullwidth Slider&#8221; show_arrows=&#8221;on&#8221; show_pagination=&#8221;on&#8221; auto=&#8221;off&#8221; parallax=&#8221;on&#8221; auto_ignore_hover=&#8221;off&#8221; parallax_method=&#8221;off&#8221; remove_inner_shadow=&#8221;off&#8221; background_position=&#8221;default&#8221; background_size=&#8221;default&#8221; hide_content_on_mobile=&#8221;off&#8221; hide_cta_on_mobile=&#8221;off&#8221; show_image_video_mobile=&#8221;off&#8221; custom_button=&#8221;off&#8221; button_letter_spacing=&#8221;0&#8243; button_use_icon=&#8221;default&#8221; button_icon_placement=&#8221;right&#8221; button_on_hover=&#8221;on&#8221; button_letter_spacing_hover=&#8221;0&#8243;] [et_pb_slide heading=&#8221;Espazo infantil&#8221; button_link=&#8221;#&#8221; background_color=&#8221;#ffffff&#8221; alignment=&#8221;center&#8221; background_layout=&#8221;dark&#8221; video_bg_width=&#8221;1920&#8243; video_bg_height=&#8221;638&#8243; background_image=&#8221;https:\/\/www.cacabelos.org\/biblioteca\/wp-content\/uploads\/2019\/02\/IMG_20190226_103133.jpg&#8221; background_position=&#8221;default&#8221; background_size=&#8221;default&#8221; use_bg_overlay=&#8221;off&#8221; use_text_overlay=&#8221;on&#8221; allow_player_pause=&#8221;off&#8221; text_border_radius=&#8221;3&#8243; header_font_select=&#8221;default&#8221; header_font=&#8221;||||&#8221; body_font_select=&#8221;default&#8221; body_font=&#8221;||||&#8221; custom_button=&#8221;off&#8221; button_font_select=&#8221;default&#8221; button_font=&#8221;||||&#8221; button_use_icon=&#8221;default&#8221; button_icon_placement=&#8221;right&#8221; button_on_hover=&#8221;on&#8221; text_overlay_color=&#8221;#30bdea&#8221;] Onde inspirar, aprender e so\u00f1ar [&hellip;]<\/p>\n","protected":false},"author":2,"featured_media":0,"parent":0,"menu_order":2,"comment_status":"closed","ping_status":"closed","template":"","meta":[],"_links":{"self":[{"href":"https:\/\/www.cacabelos.org\/biblioteca\/gl\/wp-json\/wp\/v2\/pages\/112"}],"collection":[{"href":"https:\/\/www.cacabelos.org\/biblioteca\/gl\/wp-json\/wp\/v2\/pages"}],"about":[{"href":"https:\/\/www.cacabelos.org\/biblioteca\/gl\/wp-json\/wp\/v2\/types\/page"}],"author":[{"embeddable":true,"href":"https:\/\/www.cacabelos.org\/biblioteca\/gl\/wp-json\/wp\/v2\/users\/2"}],"replies":[{"embeddable":true,"href":"https:\/\/www.cacabelos.org\/biblioteca\/gl\/wp-json\/wp\/v2\/comments?post=112"}],"version-history":[{"count":48,"href":"https:\/\/www.cacabelos.org\/biblioteca\/gl\/wp-json\/wp\/v2\/pages\/112\/revisions"}],"predecessor-version":[{"id":1867,"href":"https:\/\/www.cacabelos.org\/biblioteca\/gl\/wp-json\/wp\/v2\/pages\/112\/revisions\/1867"}],"wp:attachment":[{"href":"https:\/\/www.cacabelos.org\/biblioteca\/gl\/wp-json\/wp\/v2\/media?parent=112"}],"curies":[{"name":"wp","href":"https:\/\/api.w.org\/{rel}","templated":true}]}}