{"id":1693,"date":"2021-03-09T13:52:37","date_gmt":"2021-03-09T12:52:37","guid":{"rendered":"https:\/\/www.cacabelos.org\/biblioteca\/?page_id=1693"},"modified":"2022-04-21T11:51:23","modified_gmt":"2022-04-21T10:51:23","slug":"materiales","status":"publish","type":"page","link":"https:\/\/www.cacabelos.org\/biblioteca\/gl\/materiales\/","title":{"rendered":"Materiales"},"content":{"rendered":"<p>[et_pb_section admin_label=&#8221;Section&#8221; fullwidth=&#8221;on&#8221; specialty=&#8221;off&#8221;][et_pb_fullwidth_slider admin_label=&#8221;Fullwidth Slider&#8221; show_arrows=&#8221;off&#8221; show_pagination=&#8221;off&#8221; auto=&#8221;off&#8221; auto_ignore_hover=&#8221;off&#8221; parallax=&#8221;on&#8221; parallax_method=&#8221;off&#8221; remove_inner_shadow=&#8221;off&#8221; background_position=&#8221;default&#8221; background_size=&#8221;default&#8221; hide_content_on_mobile=&#8221;off&#8221; hide_cta_on_mobile=&#8221;off&#8221; show_image_video_mobile=&#8221;off&#8221; custom_button=&#8221;off&#8221; button_letter_spacing=&#8221;0&#8243; button_use_icon=&#8221;default&#8221; button_icon_placement=&#8221;right&#8221; button_on_hover=&#8221;on&#8221; button_letter_spacing_hover=&#8221;0&#8243;] [et_pb_slide heading=&#8221;Materiales&#8221; background_image=&#8221;https:\/\/www.cacabelos.org\/biblioteca\/wp-content\/uploads\/2020\/12\/122118545_3576239472419583_8076705475842790523_o.jpg&#8221; background_position=&#8221;default&#8221; background_size=&#8221;default&#8221; background_color=&#8221;#30bdea&#8221; use_bg_overlay=&#8221;off&#8221; use_text_overlay=&#8221;on&#8221; alignment=&#8221;center&#8221; background_layout=&#8221;dark&#8221; allow_player_pause=&#8221;off&#8221; text_border_radius=&#8221;3&#8243; header_font_select=&#8221;default&#8221; header_font=&#8221;||||&#8221; body_font_select=&#8221;default&#8221; body_font=&#8221;||||&#8221; custom_button=&#8221;off&#8221; button_font_select=&#8221;default&#8221; button_font=&#8221;||||&#8221; button_use_icon=&#8221;default&#8221; button_icon_placement=&#8221;right&#8221; button_on_hover=&#8221;on&#8221; text_overlay_color=&#8221;#30bdea&#8221;]<\/p>\n<p style=\"text-align: center;\">Da Biblioteca e as s\u00faas colaboraci\u00f3ns<\/p>\n<p>[\/et_pb_slide] [\/et_pb_fullwidth_slider][\/et_pb_section][et_pb_section admin_label=&#8221;Section&#8221; fullwidth=&#8221;off&#8221; specialty=&#8221;off&#8221;][et_pb_row admin_label=&#8221;Row&#8221;][et_pb_column type=&#8221;1_2&#8243;][et_pb_text admin_label=&#8221;Text&#8221; background_layout=&#8221;light&#8221; text_orientation=&#8221;left&#8221; use_border_color=&#8221;off&#8221; border_color=&#8221;#ffffff&#8221; border_style=&#8221;solid&#8221;]<\/p>\n<h3 style=\"text-align: center;\">D\u00eda do Libro 2022<\/h3>\n<blockquote>\n<p style=\"text-align: center;\">Proposta de fomento da lectura con motivo do D\u00eda do Libro de 2022. Neste documento atopar\u00e1s 10 primeiras p\u00e1xinas de 10 libros distintos. Non amosamos a cuberta, nin o t\u00edtulo, nin autor\u00eda\u2026 Nada. \u00danicamente ver\u00e1s a primeira p\u00e1xina do libro ?\ufe0f\u200d\u2640\ufe0f<br \/>\nFacendo clic <a href=\"https:\/\/www.cacabelos.org\/biblioteca\/wp-content\/uploads\/2022\/04\/Lecturas-a-ciegas-Cacabelos.pdf\" target=\"_blank\"><strong>AQU\u00cd<\/strong> <\/a>poder\u00e1s descargar o documento<\/p>\n<\/blockquote>\n<p>[\/et_pb_text][\/et_pb_column][et_pb_column type=&#8221;1_2&#8243;][et_pb_text admin_label=&#8221;Text&#8221; background_layout=&#8221;light&#8221; text_orientation=&#8221;left&#8221; use_border_color=&#8221;off&#8221; border_color=&#8221;#ffffff&#8221; border_style=&#8221;solid&#8221;]<\/p>\n<h3 style=\"text-align: center;\">Nadal 2021<\/h3>\n<blockquote>\n<p style=\"text-align: center;\"><em>A postal navide\u00f1a do ano\u00a02021. Facendo clic <a href=\"https:\/\/www.cacabelos.org\/biblioteca\/wp-content\/uploads\/2021\/12\/postal_gal.png\" target=\"_blank\"><strong>AQU\u00cd<\/strong> <\/a>a\u00a0podes\u00a0descargar.<\/em><\/p>\n<\/blockquote>\n<p>[\/et_pb_text][\/et_pb_column][\/et_pb_row][et_pb_row admin_label=&#8221;Row&#8221;][et_pb_column type=&#8221;1_2&#8243;][et_pb_text admin_label=&#8221;Text&#8221; background_layout=&#8221;light&#8221; text_orientation=&#8221;left&#8221; use_border_color=&#8221;off&#8221; border_color=&#8221;#ffffff&#8221; border_style=&#8221;solid&#8221;]<\/p>\n<h3 style=\"text-align: center;\"><a href=\"https:\/\/www.cacabelos.org\/biblioteca\/wp-content\/uploads\/2021\/06\/guia_golondrinas_biblioteca_cacabelos.pdf\" target=\"_blank\">\u201cGu\u00eda de bolsillo: Golondrinas, aviones y vencejos\u201d<\/a><\/h3>\n<blockquote>\n<p style=\"text-align: center;\"><em>Gu\u00eda elaborada pola <a href=\"https:\/\/www.facebook.com\/El-Bierzo-Sentido-1069667969888736\/\" target=\"_blank\">Asociaci\u00f3n de Educaci\u00f3n Ambiental \u201cEl Bierzo Sentido\u201d<\/a> e onde participou a Biblioteca de Cacabelos.\u00a0Facendo clic <a href=\"https:\/\/www.facebook.com\/bibliotecadecacabelos\/posts\/4220847111292146\" target=\"_blank\"><strong>AQU\u00cd<\/strong> <\/a>acc\u00e9dese \u00e1 noticia.<\/em><\/p>\n<\/blockquote>\n<div id=\"gtx-trans\" style=\"position: absolute; left: 86px; top: 93px;\"><\/div>\n<p>[\/et_pb_text][\/et_pb_column][et_pb_column type=&#8221;1_2&#8243;][et_pb_text admin_label=&#8221;Text&#8221; background_layout=&#8221;light&#8221; text_orientation=&#8221;left&#8221; use_border_color=&#8221;off&#8221; border_color=&#8221;#ffffff&#8221; border_style=&#8221;solid&#8221;]<\/p>\n<h3 style=\"text-align: center;\">D\u00eda do Libro 2021<\/h3>\n<blockquote>\n<p style=\"text-align: center;\"><em>Fotograf\u00edas da exposici\u00f3n ao aire libre para celebrar o D\u00eda do Libro de 2021. As fotograf\u00edas estiveron na Praza Maior de Cacabelos durante o mes de maio de 2021. Facendo clic <a href=\"https:\/\/www.facebook.com\/bibliotecadecacabelos\/posts\/4112515992125259\" target=\"_blank\"><strong>AQU\u00cd<\/strong> <\/a>acc\u00e9dese \u00e1 noticia,<\/em><\/p>\n<\/blockquote>\n<p>[\/et_pb_text][\/et_pb_column][\/et_pb_row][et_pb_row admin_label=&#8221;Row&#8221;][et_pb_column type=&#8221;1_2&#8243;][et_pb_text admin_label=&#8221;Text&#8221; background_layout=&#8221;light&#8221; text_orientation=&#8221;left&#8221; use_border_color=&#8221;off&#8221; border_color=&#8221;#ffffff&#8221; border_style=&#8221;solid&#8221;]<\/p>\n<h3 style=\"text-align: center;\"><a href=\"https:\/\/www.cacabelos.org\/biblioteca\/wp-content\/uploads\/2021\/03\/tr\u00edptico_espaciovioleta.pdf\" target=\"_blank\">Gu\u00eda Violeta 2021<\/a><\/h3>\n<blockquote>\n<p style=\"text-align: justify;\"><em>Tr\u00edptico informativo para conmemorar o D\u00eda Internacional da Muller de 2021 e para amosar o <strong><a href=\"https:\/\/www.cacabelos.org\/biblioteca\/gl\/violeta\/\">Espacio Violeta<\/a><\/strong>, un recurso destinado a recoller e divulgar lecturas que poden axudarnos a correxir unha visi\u00f3n estereotipada sobre o sexismo, as relaci\u00f3ns entre x\u00e9neros e a desigualdade.<\/em><\/p>\n<\/blockquote>\n<p>[\/et_pb_text][\/et_pb_column][et_pb_column type=&#8221;1_2&#8243;][et_pb_text admin_label=&#8221;Text&#8221; background_layout=&#8221;light&#8221; text_orientation=&#8221;left&#8221; use_border_color=&#8221;off&#8221; border_color=&#8221;#ffffff&#8221; border_style=&#8221;solid&#8221;]<\/p>\n<h3 style=\"text-align: center;\"><a href=\"https:\/\/www.cacabelos.org\/biblioteca\/wp-content\/uploads\/2021\/03\/guiaespeciesautoctonas.pdf\" target=\"_blank\">\u201c\u00c1rboles, alimento del planeta: Gu\u00eda de especies aut\u00f3ctonas\u201d<\/a><\/h3>\n<blockquote>\n<p style=\"text-align: justify;\"><em>Gu\u00eda de especies aut\u00f3ctonas do Bierzo que realizou a <strong><a href=\"https:\/\/www.facebook.com\/El-Bierzo-Sentido-1069667969888736\/\" target=\"_blank\">Asociaci\u00f3n de Educaci\u00f3n Ambiental &#8220;El Bierzo Sentido&#8221;<\/a><\/strong>\u00a0e onde participou a Biblioteca de Cacabelos.\u00a0Facendo clic <a href=\"https:\/\/www.facebook.com\/bibliotecadecacabelos\/posts\/3983021305074729\" target=\"_blank\"><strong>AQU\u00cd<\/strong> <\/a>acc\u00e9dese \u00e1 noticia.<\/em><\/p>\n<\/blockquote>\n<p>[\/et_pb_text][\/et_pb_column][\/et_pb_row][et_pb_row admin_label=&#8221;Row&#8221;][et_pb_column type=&#8221;1_2&#8243;][et_pb_text admin_label=&#8221;Text&#8221; background_layout=&#8221;light&#8221; text_orientation=&#8221;left&#8221; use_border_color=&#8221;off&#8221; border_color=&#8221;#ffffff&#8221; border_style=&#8221;solid&#8221;]<\/p>\n<h3 style=\"text-align: center;\"><a href=\"https:\/\/www.cacabelos.org\/biblioteca\/wp-content\/uploads\/2020\/10\/poemasdiadelasescritoras.pdf\" target=\"_blank\">Poemas do D\u00eda das Escritoras 2020<\/a><\/h3>\n<blockquote>\n<p style=\"text-align: justify;\"><em>Selecci\u00f3n de poemas de Manuela L\u00f3pez para regalar durante o D\u00eda das Escritoras de 2020.\u00a0Facendo clic <a href=\"https:\/\/www.facebook.com\/bibliotecadecacabelos\/posts\/3576239565752907\" target=\"_blank\"><strong>AQU\u00cd<\/strong> <\/a>acc\u00e9dese \u00e1 noticia.<\/em><\/p>\n<\/blockquote>\n<p>[\/et_pb_text][\/et_pb_column][et_pb_column type=&#8221;1_2&#8243;][et_pb_text admin_label=&#8221;Text&#8221; background_layout=&#8221;light&#8221; text_orientation=&#8221;left&#8221; use_border_color=&#8221;off&#8221; border_color=&#8221;#ffffff&#8221; border_style=&#8221;solid&#8221;]<\/p>\n<h3 style=\"text-align: center;\"><a href=\"https:\/\/www.cacabelos.org\/biblioteca\/2020\/12\/01\/exposicion-dia-de-las-bibliotecas-2020\/\" target=\"_blank\">Exposici\u00f3n D\u00eda das Bibliotecas 2020<\/a><\/h3>\n<blockquote><p><em>Paneis da exposici\u00f3n ao aire libre para celebrar o D\u00eda das Bibliotecas de 2020. Os paneis estiveron na Praza Maior de Cacabelos entre o 23 de outubro e o 2 de novembro de 2020.\u00a0Facendo clic <a href=\"https:\/\/www.facebook.com\/bibliotecadecacabelos\/posts\/3589831384393725\" target=\"_blank\"><strong>AQU\u00cd<\/strong> <\/a>acc\u00e9dese \u00e1 noticia.<\/em><\/p><\/blockquote>\n<p>[\/et_pb_text][\/et_pb_column][\/et_pb_row][et_pb_row admin_label=&#8221;Row&#8221;][et_pb_column type=&#8221;1_2&#8243;][et_pb_text admin_label=&#8221;Text&#8221; background_layout=&#8221;light&#8221; text_orientation=&#8221;left&#8221; use_border_color=&#8221;off&#8221; border_color=&#8221;#ffffff&#8221; border_style=&#8221;solid&#8221;]<\/p>\n<h3 style=\"text-align: center;\"><a href=\"https:\/\/www.cacabelos.org\/biblioteca\/wp-content\/uploads\/2021\/04\/Mini_guia_serpientes_bierzo.pdf\" target=\"_blank\">\u201cGu\u00eda de bolsillo: Las serpientes bercianas\u201d<\/a><\/h3>\n<blockquote>\n<p style=\"text-align: justify;\"><em>Unha gu\u00eda dese\u00f1ada pola\u00a0<strong><a href=\"https:\/\/www.facebook.com\/El-Bierzo-Sentido-1069667969888736\/\" target=\"_blank\">Asociaci\u00f3n de Educaci\u00f3n Ambiental &#8220;El Bierzo Sentido&#8221;<\/a><\/strong>\u00a0coa participaci\u00f3n da Biblioteca de Cacabelos. Facendo clic <a href=\"https:\/\/www.facebook.com\/bibliotecadecacabelos\/posts\/2621777807865759\" target=\"_blank\"><strong>AQU\u00cd<\/strong> <\/a>acc\u00e9dese\u00a0\u00e1 noticia sobre a presentaci\u00f3n que tivo lugar\u00a0na Biblioteca. E facendo clic <strong><a href=\"https:\/\/www.facebook.com\/bibliotecadecacabelos\/posts\/2506867756023432\" target=\"_blank\">AQU\u00cd<\/a>\u00a0<\/strong>acc\u00e9dese\u00a0\u00e1 noticia sobre a inauguraci\u00f3n da exposici\u00f3n fotogr\u00e1fica.<\/em><\/p>\n<\/blockquote>\n<p>[\/et_pb_text][\/et_pb_column][et_pb_column type=&#8221;1_2&#8243;][et_pb_text admin_label=&#8221;Text&#8221; background_layout=&#8221;light&#8221; text_orientation=&#8221;left&#8221; use_border_color=&#8221;off&#8221; border_color=&#8221;#ffffff&#8221; border_style=&#8221;solid&#8221;]<\/p>\n<h3 style=\"text-align: center;\"><a href=\"https:\/\/www.cacabelos.org\/biblioteca\/wp-content\/uploads\/2019\/05\/Fichas-La-Trama-ADULTO.pdf\" target=\"_blank\">Fichas da actividade &#8220;La Trama&#8221;<\/a><\/h3>\n<blockquote>\n<p style=\"text-align: justify;\"><em>Ficha para participar\u00a0na actividade &#8220;La Trama&#8221;, desarrollada\u00a0no\u00a0ver\u00e1nde 2019.<\/em><\/p>\n<\/blockquote>\n<p>[\/et_pb_text][\/et_pb_column][\/et_pb_row][\/et_pb_section]<\/p>","protected":false},"excerpt":{"rendered":"<p>[et_pb_section admin_label=&#8221;Section&#8221; fullwidth=&#8221;on&#8221; specialty=&#8221;off&#8221;][et_pb_fullwidth_slider admin_label=&#8221;Fullwidth Slider&#8221; show_arrows=&#8221;off&#8221; show_pagination=&#8221;off&#8221; auto=&#8221;off&#8221; auto_ignore_hover=&#8221;off&#8221; parallax=&#8221;on&#8221; parallax_method=&#8221;off&#8221; remove_inner_shadow=&#8221;off&#8221; background_position=&#8221;default&#8221; background_size=&#8221;default&#8221; hide_content_on_mobile=&#8221;off&#8221; hide_cta_on_mobile=&#8221;off&#8221; show_image_video_mobile=&#8221;off&#8221; custom_button=&#8221;off&#8221; button_letter_spacing=&#8221;0&#8243; button_use_icon=&#8221;default&#8221; button_icon_placement=&#8221;right&#8221; button_on_hover=&#8221;on&#8221; button_letter_spacing_hover=&#8221;0&#8243;] [et_pb_slide heading=&#8221;Materiales&#8221; background_image=&#8221;https:\/\/www.cacabelos.org\/biblioteca\/wp-content\/uploads\/2020\/12\/122118545_3576239472419583_8076705475842790523_o.jpg&#8221; background_position=&#8221;default&#8221; background_size=&#8221;default&#8221; background_color=&#8221;#30bdea&#8221; use_bg_overlay=&#8221;off&#8221; use_text_overlay=&#8221;on&#8221; alignment=&#8221;center&#8221; background_layout=&#8221;dark&#8221; allow_player_pause=&#8221;off&#8221; text_border_radius=&#8221;3&#8243; header_font_select=&#8221;default&#8221; header_font=&#8221;||||&#8221; body_font_select=&#8221;default&#8221; body_font=&#8221;||||&#8221; custom_button=&#8221;off&#8221; button_font_select=&#8221;default&#8221; button_font=&#8221;||||&#8221; button_use_icon=&#8221;default&#8221; button_icon_placement=&#8221;right&#8221; button_on_hover=&#8221;on&#8221; text_overlay_color=&#8221;#30bdea&#8221;] Da Biblioteca e as s\u00faas colaboraci\u00f3ns [\/et_pb_slide] [\/et_pb_fullwidth_slider][\/et_pb_section][et_pb_section [&hellip;]<\/p>\n","protected":false},"author":2,"featured_media":0,"parent":0,"menu_order":0,"comment_status":"closed","ping_status":"closed","template":"","meta":[],"_links":{"self":[{"href":"https:\/\/www.cacabelos.org\/biblioteca\/gl\/wp-json\/wp\/v2\/pages\/1693"}],"collection":[{"href":"https:\/\/www.cacabelos.org\/biblioteca\/gl\/wp-json\/wp\/v2\/pages"}],"about":[{"href":"https:\/\/www.cacabelos.org\/biblioteca\/gl\/wp-json\/wp\/v2\/types\/page"}],"author":[{"embeddable":true,"href":"https:\/\/www.cacabelos.org\/biblioteca\/gl\/wp-json\/wp\/v2\/users\/2"}],"replies":[{"embeddable":true,"href":"https:\/\/www.cacabelos.org\/biblioteca\/gl\/wp-json\/wp\/v2\/comments?post=1693"}],"version-history":[{"count":29,"href":"https:\/\/www.cacabelos.org\/biblioteca\/gl\/wp-json\/wp\/v2\/pages\/1693\/revisions"}],"predecessor-version":[{"id":2304,"href":"https:\/\/www.cacabelos.org\/biblioteca\/gl\/wp-json\/wp\/v2\/pages\/1693\/revisions\/2304"}],"wp:attachment":[{"href":"https:\/\/www.cacabelos.org\/biblioteca\/gl\/wp-json\/wp\/v2\/media?parent=1693"}],"curies":[{"name":"wp","href":"https:\/\/api.w.org\/{rel}","templated":true}]}}