{"id":2,"date":"2019-02-22T17:44:58","date_gmt":"2019-02-22T16:44:58","guid":{"rendered":"https:\/\/www.cacabelos.org\/biblioteca\/?page_id=2"},"modified":"2023-03-06T13:54:13","modified_gmt":"2023-03-06T12:54:13","slug":"pagina-ejemplo","status":"publish","type":"page","link":"https:\/\/www.cacabelos.org\/biblioteca\/gl\/","title":{"rendered":"Inicio"},"content":{"rendered":"<h1 style=\"text-align: center;\"><strong>El sitio web de la Biblioteca est\u00e1 en mantenimiento<\/strong><\/h1>\n<p>[et_pb_section admin_label=&#8221;Secci\u00f3n&#8221; fullwidth=&#8221;on&#8221; specialty=&#8221;off&#8221;][et_pb_fullwidth_image admin_label=&#8221;Imagen de anchura completa&#8221; src=&#8221;https:\/\/www.cacabelos.org\/biblioteca\/wp-content\/uploads\/2020\/06\/fondoindice.jpg&#8221; show_in_lightbox=&#8221;off&#8221; url_new_window=&#8221;off&#8221; use_overlay=&#8221;off&#8221; animation=&#8221;off&#8221; use_border_color=&#8221;off&#8221; border_color=&#8221;#ffffff&#8221; border_style=&#8221;solid&#8221;] [\/et_pb_fullwidth_image][\/et_pb_section][et_pb_section admin_label=&#8221;Secci\u00f3n&#8221; fullwidth=&#8221;off&#8221; specialty=&#8221;off&#8221; transparent_background=&#8221;off&#8221; background_color=&#8221;#ffffff&#8221; allow_player_pause=&#8221;off&#8221; inner_shadow=&#8221;off&#8221; parallax=&#8221;off&#8221; parallax_method=&#8221;off&#8221; padding_mobile=&#8221;off&#8221; make_fullwidth=&#8221;off&#8221; use_custom_width=&#8221;off&#8221; width_unit=&#8221;on&#8221; make_equal=&#8221;off&#8221; use_custom_gutter=&#8221;off&#8221; custom_padding=&#8221;3px|3px|3px|3px&#8221;][et_pb_row admin_label=&#8221;Fila&#8221;][et_pb_column type=&#8221;1_3&#8243;][et_pb_text admin_label=&#8221;Text&#8221; background_layout=&#8221;light&#8221; text_orientation=&#8221;left&#8221; use_border_color=&#8221;off&#8221; border_color=&#8221;#ffffff&#8221; border_style=&#8221;solid&#8221;]<\/p>\n<h1 style=\"text-align: center;\">Novidades<\/h1>\n<h2 style=\"text-align: center;\"><a href=\"https:\/\/www.cacabelos.org\/biblioteca\/wp-content\/uploads\/2022\/06\/boletin202206.pdf\" target=\"_blank\" rel=\"noopener\"><span style=\"color: #339966;\">Bolet\u00edn de <strong>novidades<\/strong>\u00a0para xu\u00f1o<\/span><\/a><\/h2>\n<p>[\/et_pb_text][\/et_pb_column][et_pb_column type=&#8221;1_3&#8243;][et_pb_text admin_label=&#8221;Text&#8221; background_layout=&#8221;light&#8221; text_orientation=&#8221;left&#8221; use_border_color=&#8221;off&#8221; border_color=&#8221;#ffffff&#8221; border_style=&#8221;solid&#8221;]<\/p>\n<h1 style=\"text-align: center;\">Roman\u00edzate lendo!<\/h1>\n<p><a href=\"https:\/\/www.cacabelos.org\/biblioteca\/wp-content\/uploads\/2022\/07\/romanizate_leyendo.pdf\" target=\"_blank\" rel=\"noopener\"><img decoding=\"async\" loading=\"lazy\" class=\"aligncenter wp-image-2394 size-medium\" src=\"https:\/\/www.cacabelos.org\/biblioteca\/wp-content\/uploads\/2022\/07\/banner-1-300x106.jpg\" alt=\"banner\" width=\"300\" height=\"106\" srcset=\"https:\/\/www.cacabelos.org\/biblioteca\/wp-content\/uploads\/2022\/07\/banner-1-300x106.jpg 300w, https:\/\/www.cacabelos.org\/biblioteca\/wp-content\/uploads\/2022\/07\/banner-1.jpg 483w\" sizes=\"(max-width: 300px) 100vw, 300px\" \/><\/a><\/p>\n<p>[\/et_pb_text][\/et_pb_column][et_pb_column type=&#8221;1_3&#8243;][et_pb_text admin_label=&#8221;Text&#8221; background_layout=&#8221;light&#8221; text_orientation=&#8221;left&#8221; use_border_color=&#8221;off&#8221; border_color=&#8221;#ffffff&#8221; border_style=&#8221;solid&#8221;]<\/p>\n<h1 style=\"text-align: center;\">Certame de poes\u00eda<\/h1>\n<p><img decoding=\"async\" loading=\"lazy\" class=\"aligncenter size-medium wp-image-2388\" src=\"https:\/\/www.cacabelos.org\/biblioteca\/wp-content\/uploads\/2022\/07\/banner-300x97.jpg\" alt=\"banner\" width=\"300\" height=\"97\" srcset=\"https:\/\/www.cacabelos.org\/biblioteca\/wp-content\/uploads\/2022\/07\/banner-300x97.jpg 300w, https:\/\/www.cacabelos.org\/biblioteca\/wp-content\/uploads\/2022\/07\/banner-768x248.jpg 768w, https:\/\/www.cacabelos.org\/biblioteca\/wp-content\/uploads\/2022\/07\/banner.jpg 1024w\" sizes=\"(max-width: 300px) 100vw, 300px\" \/><\/p>\n<p>[\/et_pb_text][\/et_pb_column][\/et_pb_row][et_pb_row admin_label=&#8221;Fila&#8221;][et_pb_column type=&#8221;1_2&#8243;][et_pb_blurb admin_label=&#8221;Blurb&#8221; title=&#8221;Materiais da Biblioteca&#8221; url=&#8221;https:\/\/www.cacabelos.org\/biblioteca\/gl\/materiales\/&#8221; url_new_window=&#8221;off&#8221; use_icon=&#8221;on&#8221; font_icon=&#8221;%%266%%&#8221; icon_color=&#8221;#30bdea&#8221; use_circle=&#8221;off&#8221; circle_color=&#8221;#30bdea&#8221; use_circle_border=&#8221;off&#8221; circle_border_color=&#8221;#30bdea&#8221; icon_placement=&#8221;top&#8221; animation=&#8221;off&#8221; background_layout=&#8221;light&#8221; text_orientation=&#8221;center&#8221; use_icon_font_size=&#8221;off&#8221; use_border_color=&#8221;off&#8221; border_color=&#8221;#ffffff&#8221; border_style=&#8221;solid&#8221;] [\/et_pb_blurb][\/et_pb_column][et_pb_column type=&#8221;1_2&#8243;][et_pb_text admin_label=&#8221;Texto&#8221; background_layout=&#8221;light&#8221; text_orientation=&#8221;center&#8221; use_border_color=&#8221;off&#8221; border_color=&#8221;#ffffff&#8221; border_style=&#8221;solid&#8221;]<\/p>\n<h4 style=\"text-align: center;\"><a href=\"https:\/\/www.cacabelos.org\/biblioteca\/caldeiro-de-palabras\/\"><img decoding=\"async\" loading=\"lazy\" class=\"aligncenter wp-image-800 size-medium\" src=\"https:\/\/www.cacabelos.org\/biblioteca\/wp-content\/uploads\/2020\/03\/logo-caldeiro-300x122.jpg\" alt=\"Caldeiro de Palabras\" width=\"300\" height=\"122\" srcset=\"https:\/\/www.cacabelos.org\/biblioteca\/wp-content\/uploads\/2020\/03\/logo-caldeiro-300x122.jpg 300w, https:\/\/www.cacabelos.org\/biblioteca\/wp-content\/uploads\/2020\/03\/logo-caldeiro-768x313.jpg 768w, https:\/\/www.cacabelos.org\/biblioteca\/wp-content\/uploads\/2020\/03\/logo-caldeiro-1024x418.jpg 1024w, https:\/\/www.cacabelos.org\/biblioteca\/wp-content\/uploads\/2020\/03\/logo-caldeiro-1080x440.jpg 1080w, https:\/\/www.cacabelos.org\/biblioteca\/wp-content\/uploads\/2020\/03\/logo-caldeiro.jpg 1280w\" sizes=\"(max-width: 300px) 100vw, 300px\" \/><\/a><a href=\"https:\/\/www.cacabelos.org\/biblioteca\/caldeiro-de-palabras\/\" target=\"_blank\" rel=\"noopener\">Proxecto de difusi\u00f3n de l\u00e9xico berciano occidental<\/a><\/h4>\n<p>[\/et_pb_text][\/et_pb_column][\/et_pb_row][et_pb_row admin_label=&#8221;Fila&#8221;][et_pb_column type=&#8221;4_4&#8243;][et_pb_code admin_label=&#8221;Code&#8221;]&lt;hr \/&gt;[\/et_pb_code][\/et_pb_column][\/et_pb_row][et_pb_row admin_label=&#8221;Fila&#8221;][et_pb_column type=&#8221;1_3&#8243;][et_pb_blurb admin_label=&#8221;Blurb&#8221; title=&#8221;Facebook&#8221; url_new_window=&#8221;on&#8221; animation=&#8221;off&#8221; background_layout=&#8221;light&#8221; text_orientation=&#8221;center&#8221; use_icon=&#8221;on&#8221; font_icon=&#8221;%%337%%&#8221; icon_color=&#8221;#30bdea&#8221; use_circle=&#8221;on&#8221; circle_color=&#8221;#ffffff&#8221; use_circle_border=&#8221;on&#8221; circle_border_color=&#8221;#e0e0e0&#8243; icon_placement=&#8221;top&#8221; use_icon_font_size=&#8221;off&#8221; use_border_color=&#8221;off&#8221; border_color=&#8221;#ffffff&#8221; border_style=&#8221;solid&#8221; url=&#8221;https:\/\/www.facebook.com\/bibliotecadecacabelos&#8221; image=&#8221;https:\/\/www.cacabelos.org\/biblioteca\/wp-content\/uploads\/2019\/02\/ebiblio.png&#8221;]<\/p>\n<div id=\"gtx-trans\" style=\"position: absolute; left: -34px; top: 8px;\"><\/div>\n<p>[\/et_pb_blurb][\/et_pb_column][et_pb_column type=&#8221;1_3&#8243;][et_pb_blurb admin_label=&#8221;Blurb&#8221; title=&#8221;Instagram&#8221; url_new_window=&#8221;on&#8221; animation=&#8221;off&#8221; background_layout=&#8221;light&#8221; text_orientation=&#8221;center&#8221; use_icon=&#8221;on&#8221; font_icon=&#8221;%%321%%&#8221; icon_color=&#8221;#30bdea&#8221; use_circle=&#8221;on&#8221; circle_color=&#8221;#ffffff&#8221; use_circle_border=&#8221;on&#8221; circle_border_color=&#8221;#e0e0e0&#8243; icon_placement=&#8221;top&#8221; use_icon_font_size=&#8221;off&#8221; use_border_color=&#8221;off&#8221; border_color=&#8221;#ffffff&#8221; border_style=&#8221;solid&#8221; url=&#8221;https:\/\/www.instagram.com\/bibliotecadecacabelos\/&#8221; image=&#8221;https:\/\/www.cacabelos.org\/biblioteca\/wp-content\/uploads\/2019\/02\/coleccionefilm.png&#8221;]<\/p>\n<div id=\"gtx-trans\" style=\"position: absolute; left: -58px; top: 8px;\"><\/div>\n<p>[\/et_pb_blurb][\/et_pb_column][et_pb_column type=&#8221;1_3&#8243;][et_pb_blurb admin_label=&#8221;Blurb&#8221; title=&#8221;Blog&#8221; url_new_window=&#8221;on&#8221; animation=&#8221;off&#8221; background_layout=&#8221;light&#8221; text_orientation=&#8221;center&#8221; use_icon=&#8221;on&#8221; font_icon=&#8221;%%72%%&#8221; icon_color=&#8221;#30bdea&#8221; use_circle=&#8221;on&#8221; circle_color=&#8221;#ffffff&#8221; use_circle_border=&#8221;on&#8221; circle_border_color=&#8221;#e0e0e0&#8243; icon_placement=&#8221;top&#8221; use_icon_font_size=&#8221;off&#8221; use_border_color=&#8221;off&#8221; border_color=&#8221;#ffffff&#8221; border_style=&#8221;solid&#8221; url=&#8221;https:\/\/www.cacabelos.org\/biblioteca\/gl\/blog&#8221; image=&#8221;https:\/\/www.cacabelos.org\/biblioteca\/wp-content\/uploads\/2019\/02\/coleccionefilm.png&#8221;] [\/et_pb_blurb][\/et_pb_column][\/et_pb_row][et_pb_row admin_label=&#8221;Fila&#8221;][et_pb_column type=&#8221;1_2&#8243;][et_pb_blurb admin_label=&#8221;Blurb&#8221; url_new_window=&#8221;on&#8221; animation=&#8221;off&#8221; background_layout=&#8221;light&#8221; text_orientation=&#8221;center&#8221; use_icon=&#8221;off&#8221; font_icon=&#8221;%%72%%&#8221; icon_color=&#8221;#30bdea&#8221; use_circle=&#8221;on&#8221; circle_color=&#8221;#ffffff&#8221; use_circle_border=&#8221;on&#8221; circle_border_color=&#8221;#e0e0e0&#8243; icon_placement=&#8221;top&#8221; use_icon_font_size=&#8221;off&#8221; use_border_color=&#8221;off&#8221; border_color=&#8221;#ffffff&#8221; border_style=&#8221;solid&#8221; url=&#8221;https:\/\/www.cacabelos.org\/biblioteca\/gl\/blog&#8221;]<\/p>\n<p><img decoding=\"async\" loading=\"lazy\" class=\"aligncenter wp-image-1684\" src=\"https:\/\/www.cacabelos.org\/biblioteca\/wp-content\/uploads\/2019\/02\/whatsapp-150x150.png\" alt=\"Whatsapp\" width=\"100\" height=\"100\" srcset=\"https:\/\/www.cacabelos.org\/biblioteca\/wp-content\/uploads\/2019\/02\/whatsapp-150x150.png 150w, https:\/\/www.cacabelos.org\/biblioteca\/wp-content\/uploads\/2019\/02\/whatsapp-300x300.png 300w, https:\/\/www.cacabelos.org\/biblioteca\/wp-content\/uploads\/2019\/02\/whatsapp.png 512w\" sizes=\"(max-width: 100px) 100vw, 100px\" \/><\/p>\n<p style=\"text-align: center;\">No<strong> +34 674323820<\/strong><\/p>\n<p>[\/et_pb_blurb][\/et_pb_column][et_pb_column type=&#8221;1_2&#8243;][et_pb_blurb admin_label=&#8221;Blurb&#8221; url_new_window=&#8221;on&#8221; animation=&#8221;off&#8221; background_layout=&#8221;light&#8221; text_orientation=&#8221;center&#8221; use_icon=&#8221;off&#8221; font_icon=&#8221;%%72%%&#8221; icon_color=&#8221;#30bdea&#8221; use_circle=&#8221;on&#8221; circle_color=&#8221;#ffffff&#8221; use_circle_border=&#8221;on&#8221; circle_border_color=&#8221;#e0e0e0&#8243; icon_placement=&#8221;top&#8221; use_icon_font_size=&#8221;off&#8221; use_border_color=&#8221;off&#8221; border_color=&#8221;#ffffff&#8221; border_style=&#8221;solid&#8221; url=&#8221;https:\/\/www.cacabelos.org\/biblioteca\/gl\/blog&#8221;]<\/p>\n<p><a href=\"https:\/\/t.me\/bibliotecadecacabelosinforma\" target=\"_blank\" rel=\"noopener\"><img decoding=\"async\" loading=\"lazy\" class=\"aligncenter wp-image-1683\" src=\"https:\/\/www.cacabelos.org\/biblioteca\/wp-content\/uploads\/2019\/02\/telegram-150x150.png\" width=\"100\" height=\"100\" srcset=\"https:\/\/www.cacabelos.org\/biblioteca\/wp-content\/uploads\/2019\/02\/telegram-150x150.png 150w, https:\/\/www.cacabelos.org\/biblioteca\/wp-content\/uploads\/2019\/02\/telegram-300x300.png 300w, https:\/\/www.cacabelos.org\/biblioteca\/wp-content\/uploads\/2019\/02\/telegram.png 512w\" sizes=\"(max-width: 100px) 100vw, 100px\" \/><\/a><\/p>\n<p style=\"text-align: center;\">No<strong> +34 674323820<\/strong> e no canle\u00a0<a href=\"https:\/\/t.me\/bibliotecadecacabelosinforma\" target=\"_blank\" rel=\"noopener\"><strong>https:\/\/t.me\/bibliotecadecacabelosinforma<\/strong><\/a><\/p>\n<p>[\/et_pb_blurb][\/et_pb_column][\/et_pb_row][et_pb_row admin_label=&#8221;Fila&#8221;][et_pb_column type=&#8221;4_4&#8243;][et_pb_code admin_label=&#8221;Code&#8221;]&lt;hr \/&gt;[\/et_pb_code][\/et_pb_column][\/et_pb_row][et_pb_row admin_label=&#8221;Fila&#8221;][et_pb_column type=&#8221;1_2&#8243;][et_pb_blurb admin_label=&#8221;Blurb&#8221; title=&#8221;Colecci\u00f3n dixital&#8221; url_new_window=&#8221;on&#8221; animation=&#8221;off&#8221; background_layout=&#8221;light&#8221; text_orientation=&#8221;center&#8221; use_icon=&#8221;off&#8221; font_icon=&#8221;%%78%%&#8221; icon_color=&#8221;#30bdea&#8221; use_circle=&#8221;on&#8221; circle_color=&#8221;#ffffff&#8221; use_circle_border=&#8221;on&#8221; circle_border_color=&#8221;#e0e0e0&#8243; icon_placement=&#8221;top&#8221; use_icon_font_size=&#8221;off&#8221; use_border_color=&#8221;off&#8221; border_color=&#8221;#ffffff&#8221; border_style=&#8221;solid&#8221; url=&#8221;https:\/\/castillayleon.ebiblio.es\/opac\/#indice&#8221; image=&#8221;https:\/\/www.cacabelos.org\/biblioteca\/wp-content\/uploads\/2019\/02\/ebiblio.png&#8221;] Libros, xornais, revistas e audiolibros [\/et_pb_blurb][\/et_pb_column][et_pb_column type=&#8221;1_2&#8243;][et_pb_blurb admin_label=&#8221;Blurb&#8221; title=&#8221;Colecci\u00f3n dixital&#8221; url_new_window=&#8221;on&#8221; animation=&#8221;off&#8221; background_layout=&#8221;light&#8221; text_orientation=&#8221;center&#8221; use_icon=&#8221;off&#8221; font_icon=&#8221;%%78%%&#8221; icon_color=&#8221;#30bdea&#8221; use_circle=&#8221;on&#8221; circle_color=&#8221;#ffffff&#8221; use_circle_border=&#8221;on&#8221; circle_border_color=&#8221;#e0e0e0&#8243; icon_placement=&#8221;top&#8221; use_icon_font_size=&#8221;off&#8221; use_border_color=&#8221;off&#8221; border_color=&#8221;#ffffff&#8221; border_style=&#8221;solid&#8221; url=&#8221;https:\/\/cinecyl.efilm.online\/gl\/jcyl\/&#8221; image=&#8221;https:\/\/www.cacabelos.org\/biblioteca\/wp-content\/uploads\/2019\/02\/coleccionefilm.png&#8221;] Pel\u00edculas, curtos e series [\/et_pb_blurb][\/et_pb_column][\/et_pb_row][et_pb_row admin_label=&#8221;Fila&#8221;][et_pb_column type=&#8221;4_4&#8243;][et_pb_code admin_label=&#8221;Code&#8221;]&lt;hr \/&gt;[\/et_pb_code][\/et_pb_column][\/et_pb_row][et_pb_row admin_label=&#8221;row&#8221;][et_pb_column type=&#8221;1_4&#8243;][et_pb_blurb admin_label=&#8221;Blurb&#8221; title=&#8221;Pr\u00e9stamo&#8221; url_new_window=&#8221;off&#8221; animation=&#8221;top&#8221; background_layout=&#8221;light&#8221; text_orientation=&#8221;center&#8221; use_icon=&#8221;on&#8221; font_icon=&#8221;%%127%%&#8221; icon_color=&#8221;#30bdea&#8221; use_circle=&#8221;on&#8221; circle_color=&#8221;#ffffff&#8221; use_circle_border=&#8221;on&#8221; circle_border_color=&#8221;#e0e0e0&#8243; icon_placement=&#8221;top&#8221; use_icon_font_size=&#8221;off&#8221; use_border_color=&#8221;off&#8221; border_color=&#8221;#ffffff&#8221; border_style=&#8221;solid&#8221; url=&#8221;https:\/\/www.cacabelos.org\/biblioteca\/servicios\/prestamo-a-domicilio\/&#8221;] Servizo de pr\u00e9stamo a domicilio que incl\u00fae \u00e1 gran maior\u00eda dos fondos da Biblioteca. Ademais, existen outros tipos de pr\u00e9stamo, como o interbibliotecario, o electr\u00f3nico ou o colectivo [\/et_pb_blurb][\/et_pb_column][et_pb_column type=&#8221;1_4&#8243;][et_pb_blurb admin_label=&#8221;Blurb&#8221; title=&#8221;Internet&#8221; url_new_window=&#8221;off&#8221; animation=&#8221;top&#8221; background_layout=&#8221;light&#8221; text_orientation=&#8221;center&#8221; use_icon=&#8221;on&#8221; font_icon=&#8221;%%107%%&#8221; icon_color=&#8221;#30bdea&#8221; use_circle=&#8221;on&#8221; circle_color=&#8221;#ffffff&#8221; use_circle_border=&#8221;on&#8221; circle_border_color=&#8221;#e0e0e0&#8243; icon_placement=&#8221;top&#8221; use_icon_font_size=&#8221;off&#8221; use_border_color=&#8221;off&#8221; border_color=&#8221;#ffffff&#8221; border_style=&#8221;solid&#8221; url=&#8221;https:\/\/www.cacabelos.org\/biblioteca\/la-biblioteca\/internet\/&#8221;] Acceso a Internet a trav\u00e9s de dous ordenadores de acceso p\u00fablico, en mesas individuais, concibidas como espazos de traballo. Ademais, a Biblioteca conta con rede WiFi, para conectar dispositivos como port\u00e1tiles, tabletas ou tel\u00e9fonos [\/et_pb_blurb][\/et_pb_column][et_pb_column type=&#8221;1_4&#8243;][et_pb_blurb admin_label=&#8221;Blurb&#8221; url_new_window=&#8221;off&#8221; animation=&#8221;top&#8221; background_layout=&#8221;light&#8221; text_orientation=&#8221;center&#8221; use_icon=&#8221;on&#8221; font_icon=&#8221;%%157%%&#8221; icon_color=&#8221;#30bdea&#8221; use_circle=&#8221;on&#8221; circle_color=&#8221;#ffffff&#8221; use_circle_border=&#8221;on&#8221; circle_border_color=&#8221;#e0e0e0&#8243; icon_placement=&#8221;top&#8221; use_icon_font_size=&#8221;off&#8221; use_border_color=&#8221;off&#8221; border_color=&#8221;#ffffff&#8221; border_style=&#8221;solid&#8221; title=&#8221;Estudo&#8221; url=&#8221;https:\/\/www.cacabelos.org\/biblioteca\/la-biblioteca\/sala-de-estudio\/&#8221;] Espazo de silencio, con separaci\u00f3n f\u00edsica do resto da Biblioteca, no que poder relaxarse, concentrarse e estudar. \u00c9 un espazo vers\u00e1til que pode ampliar e reducir a s\u00faa capacidade, con mesas amplas, acceso \u00e1 rede WiFi e conexi\u00f3ns de corrente el\u00e9ctrica. [\/et_pb_blurb][\/et_pb_column][et_pb_column type=&#8221;1_4&#8243;][et_pb_blurb admin_label=&#8221;Blurb&#8221; title=&#8221;Dep\u00f3sito&#8221; url_new_window=&#8221;off&#8221; animation=&#8221;top&#8221; background_layout=&#8221;light&#8221; text_orientation=&#8221;center&#8221; use_icon=&#8221;on&#8221; font_icon=&#8221;%%78%%&#8221; icon_color=&#8221;#30bdea&#8221; use_circle=&#8221;on&#8221; circle_color=&#8221;#ffffff&#8221; use_circle_border=&#8221;on&#8221; circle_border_color=&#8221;#e0e0e0&#8243; icon_placement=&#8221;top&#8221; use_icon_font_size=&#8221;off&#8221; use_border_color=&#8221;off&#8221; border_color=&#8221;#ffffff&#8221; border_style=&#8221;solid&#8221;] A Biblioteca conta cun dep\u00f3sito, onde se conservan as obras de menos uso. Ofr\u00e9cese un servizo de petici\u00f3n anticipada que, no prazo de 24 horas, permite consultar as obras do dep\u00f3sito [\/et_pb_blurb][\/et_pb_column][\/et_pb_row][et_pb_row admin_label=&#8221;Fila&#8221;][et_pb_column type=&#8221;4_4&#8243;][et_pb_gallery admin_label=&#8221;Galer\u00eda&#8221; gallery_ids=&#8221;1390,1391,1397,1392,1394,1396,1393,1399&#8243; fullwidth=&#8221;on&#8221; show_title_and_caption=&#8221;off&#8221; show_pagination=&#8221;on&#8221; background_layout=&#8221;light&#8221; auto=&#8221;on&#8221; hover_overlay_color=&#8221;rgba(255,255,255,0.9)&#8221; caption_all_caps=&#8221;off&#8221; use_border_color=&#8221;off&#8221; border_color=&#8221;#ffffff&#8221; border_style=&#8221;solid&#8221; gallery_orderby=&#8221;rand&#8221;] [\/et_pb_gallery][\/et_pb_column][\/et_pb_row][et_pb_row admin_label=&#8221;Fila&#8221;][et_pb_column type=&#8221;4_4&#8243;][et_pb_text admin_label=&#8221;Texto&#8221; background_layout=&#8221;light&#8221; text_orientation=&#8221;left&#8221; use_border_color=&#8221;off&#8221; border_color=&#8221;#ffffff&#8221; border_style=&#8221;solid&#8221;] <iframe loading=\"lazy\" src=\"https:\/\/www.youtube.com\/embed\/U2hPn1BaZz0?start=1\" width=\"560\" height=\"315\" frameborder=\"0\" allowfullscreen=\"allowfullscreen\"><\/iframe> [\/et_pb_text][\/et_pb_column][\/et_pb_row][\/et_pb_section]<\/p>","protected":false},"excerpt":{"rendered":"<p>El sitio web de la Biblioteca est\u00e1 en mantenimiento [et_pb_section admin_label=&#8221;Secci\u00f3n&#8221; fullwidth=&#8221;on&#8221; specialty=&#8221;off&#8221;][et_pb_fullwidth_image admin_label=&#8221;Imagen de anchura completa&#8221; src=&#8221;https:\/\/www.cacabelos.org\/biblioteca\/wp-content\/uploads\/2020\/06\/fondoindice.jpg&#8221; show_in_lightbox=&#8221;off&#8221; url_new_window=&#8221;off&#8221; use_overlay=&#8221;off&#8221; animation=&#8221;off&#8221; use_border_color=&#8221;off&#8221; border_color=&#8221;#ffffff&#8221; border_style=&#8221;solid&#8221;] [\/et_pb_fullwidth_image][\/et_pb_section][et_pb_section admin_label=&#8221;Secci\u00f3n&#8221; fullwidth=&#8221;off&#8221; specialty=&#8221;off&#8221; transparent_background=&#8221;off&#8221; background_color=&#8221;#ffffff&#8221; allow_player_pause=&#8221;off&#8221; inner_shadow=&#8221;off&#8221; parallax=&#8221;off&#8221; parallax_method=&#8221;off&#8221; padding_mobile=&#8221;off&#8221; make_fullwidth=&#8221;off&#8221; use_custom_width=&#8221;off&#8221; width_unit=&#8221;on&#8221; make_equal=&#8221;off&#8221; use_custom_gutter=&#8221;off&#8221; custom_padding=&#8221;3px|3px|3px|3px&#8221;][et_pb_row admin_label=&#8221;Fila&#8221;][et_pb_column type=&#8221;1_3&#8243;][et_pb_text admin_label=&#8221;Text&#8221; background_layout=&#8221;light&#8221; text_orientation=&#8221;left&#8221; use_border_color=&#8221;off&#8221; border_color=&#8221;#ffffff&#8221; border_style=&#8221;solid&#8221;] Novidades Bolet\u00edn de novidades\u00a0para xu\u00f1o [&hellip;]<\/p>\n","protected":false},"author":2,"featured_media":0,"parent":0,"menu_order":1,"comment_status":"closed","ping_status":"closed","template":"","meta":[],"_links":{"self":[{"href":"https:\/\/www.cacabelos.org\/biblioteca\/gl\/wp-json\/wp\/v2\/pages\/2"}],"collection":[{"href":"https:\/\/www.cacabelos.org\/biblioteca\/gl\/wp-json\/wp\/v2\/pages"}],"about":[{"href":"https:\/\/www.cacabelos.org\/biblioteca\/gl\/wp-json\/wp\/v2\/types\/page"}],"author":[{"embeddable":true,"href":"https:\/\/www.cacabelos.org\/biblioteca\/gl\/wp-json\/wp\/v2\/users\/2"}],"replies":[{"embeddable":true,"href":"https:\/\/www.cacabelos.org\/biblioteca\/gl\/wp-json\/wp\/v2\/comments?post=2"}],"version-history":[{"count":576,"href":"https:\/\/www.cacabelos.org\/biblioteca\/gl\/wp-json\/wp\/v2\/pages\/2\/revisions"}],"predecessor-version":[{"id":2486,"href":"https:\/\/www.cacabelos.org\/biblioteca\/gl\/wp-json\/wp\/v2\/pages\/2\/revisions\/2486"}],"wp:attachment":[{"href":"https:\/\/www.cacabelos.org\/biblioteca\/gl\/wp-json\/wp\/v2\/media?parent=2"}],"curies":[{"name":"wp","href":"https:\/\/api.w.org\/{rel}","templated":true}]}}