{"id":2071,"date":"2021-09-24T11:19:25","date_gmt":"2021-09-24T10:19:25","guid":{"rendered":"https:\/\/www.cacabelos.org\/biblioteca\/?page_id=2071"},"modified":"2022-04-22T09:52:30","modified_gmt":"2022-04-22T08:52:30","slug":"noticias-en-medios","status":"publish","type":"page","link":"https:\/\/www.cacabelos.org\/biblioteca\/gl\/noticias-en-medios\/","title":{"rendered":"Noticias nos medios"},"content":{"rendered":"<p>[et_pb_section admin_label=&#8221;Section&#8221; fullwidth=&#8221;on&#8221; specialty=&#8221;off&#8221;][et_pb_fullwidth_slider admin_label=&#8221;Fullwidth Slider&#8221; show_arrows=&#8221;off&#8221; show_pagination=&#8221;off&#8221; auto=&#8221;off&#8221; auto_ignore_hover=&#8221;off&#8221; parallax=&#8221;on&#8221; parallax_method=&#8221;off&#8221; remove_inner_shadow=&#8221;off&#8221; background_position=&#8221;default&#8221; background_size=&#8221;default&#8221; hide_content_on_mobile=&#8221;off&#8221; hide_cta_on_mobile=&#8221;off&#8221; show_image_video_mobile=&#8221;off&#8221; custom_button=&#8221;off&#8221; button_letter_spacing=&#8221;0&#8243; button_use_icon=&#8221;default&#8221; button_icon_placement=&#8221;right&#8221; button_on_hover=&#8221;on&#8221; button_letter_spacing_hover=&#8221;0&#8243;]<\/p>\n<p>[et_pb_slide heading=&#8221;Dosier de prensa&#8221; background_image=&#8221;https:\/\/www.cacabelos.org\/biblioteca\/wp-content\/uploads\/2019\/03\/IMG_20190305_161813.jpg&#8221; background_position=&#8221;default&#8221; background_size=&#8221;default&#8221; background_color=&#8221;#30bdea&#8221; use_bg_overlay=&#8221;off&#8221; use_text_overlay=&#8221;on&#8221; alignment=&#8221;center&#8221; background_layout=&#8221;dark&#8221; allow_player_pause=&#8221;off&#8221; text_border_radius=&#8221;3&#8243; header_font_select=&#8221;default&#8221; header_font=&#8221;||||&#8221; body_font_select=&#8221;default&#8221; body_font=&#8221;||||&#8221; custom_button=&#8221;off&#8221; button_font_select=&#8221;default&#8221; button_font=&#8221;||||&#8221; button_use_icon=&#8221;default&#8221; button_icon_placement=&#8221;right&#8221; button_on_hover=&#8221;on&#8221; text_overlay_color=&#8221;#30bdea&#8221;]<\/p>\n<p style=\"text-align: center;\">O que din os medios sobre a\u00a0Biblioteca<\/p>\n<p>[\/et_pb_slide]<\/p>\n<p>[\/et_pb_fullwidth_slider][\/et_pb_section][et_pb_section admin_label=&#8221;Section&#8221; fullwidth=&#8221;off&#8221; specialty=&#8221;off&#8221;][et_pb_row admin_label=&#8221;Row&#8221;][et_pb_column type=&#8221;4_4&#8243;][et_pb_text admin_label=&#8221;Text&#8221; background_layout=&#8221;light&#8221; text_orientation=&#8221;justified&#8221; use_border_color=&#8221;off&#8221; border_color=&#8221;#ffffff&#8221; border_style=&#8221;solid&#8221;]<\/p>\n<p style=\"text-align: justify;\">2022-04-21\u00a0<a href=\"https:\/\/www.lanuevacronica.com\/leer-un-libro-sin-saber-cual-es\" target=\"_blank\">Leer un libro sin saber cu\u00e1l es<\/a><\/p>\n<p style=\"text-align: justify;\">2022-04-21\u00a0<a href=\"https:\/\/www.elbierzodigital.com\/lecturas-ciegas-biblioteca-cacabelos\/438369\" target=\"_blank\">\u201cLecturas a Ciegas\u201d para celebrar el D\u00eda del Libro en la Biblioteca de Cacabelos<\/a><\/p>\n<p style=\"text-align: justify;\">2022-02-22\u00a0<a href=\"https:\/\/www.bierzodiario.es\/?p=80740\" target=\"_blank\">Cacabelos recupera su cineclub, que abrir\u00e1 la temporada con \u2018O que arde\u2019<\/a><\/p>\n<p style=\"text-align: justify;\">2022-02-22\u00a0<a href=\"https:\/\/www.leonoticias.com\/bierzo\/cacabelos-pone-marcha-20220222113913-nt.html\" target=\"_blank\">Cacabelos estrena su primer Cineclub que pone en valor el arte en la villa del C\u00faa<\/a><\/p>\n<p style=\"text-align: justify;\">2022-02-22\u00a0<a href=\"https:\/\/www.leonoticias.com\/bierzo\/cacabelos-pone-marcha-20220222113913-nt.html\" target=\"_blank\">Cacabelos pone en marcha su primer Cineclub<\/a><\/p>\n<p style=\"text-align: justify;\">2021-12-14\u00a0<a href=\"https:\/\/www.elbierzodigital.com\/pablo-lopez-carballo-cacabelos\/415608\" target=\"_blank\">&#8216;El oto\u00f1o siempre hiere&#8217; se acompa\u00f1a de Pablo L\u00f3pez Carballo<\/a><\/p>\n<p style=\"text-align: justify;\">2021-11-15\u00a0<a href=\"https:\/\/www.infobierzo.com\/bierzo-la-biblioteca-de-cacabelos-acogera-la-presentacion-del-libro-enumeracion-un-libro-compuesto-por-51-poemas\/634790\/\" target=\"_blank\">La Biblioteca de Cacabelos acoger\u00e1 la presentaci\u00f3n del libro \u201cEnumeraci\u00f3n: un libro compuesto por 51 poemas\u201d<\/a><\/p>\n<p style=\"text-align: justify;\">2021-11-09\u00a0<a href=\"https:\/\/www.ileon.com\/actualidad\/123534\/cacabelos-pondra-en-marcha-un-club-de-lectura-en-la-biblioteca-municipal\" target=\"_blank\">Cacabelos pondr\u00e1 en marcha un Club de Lectura en la Biblioteca Municipal<\/a><\/p>\n<p style=\"text-align: justify;\">2021-11-08\u00a0<a href=\"https:\/\/www.bierzotv.com\/la-biblioteca-de-cacabelos-pone-en-marcha-un-club-de-lectura-dirigido-por-ester-folgueral\/\" target=\"_blank\">La Biblioteca de Cacabelos pone en marcha un club de lectura dirigido por Ester Folgueral<\/a><\/p>\n<p style=\"text-align: justify;\">2021-11-08\u00a0<a href=\"https:\/\/www.elbierzonoticias.com\/bierzo\/biblioteca-cacabelos-pondra-20211108162023-nt.html\" target=\"_blank\">La Biblioteca de Cacabelos pondr\u00e1 en marcha un Club de Lectura<\/a><\/p>\n<p style=\"text-align: justify;\">2021-11-03\u00a0<a href=\"https:\/\/www.elbierzodigital.com\/nestor-rojas-en-la-segunda-jornada-del-ciclo-el-otono-siempre-hiere-en-cacabelos\/408516\" target=\"_blank\">N\u00e9stor Rojas en la segunda jornada del ciclo &#8216;El oto\u00f1o siempre hiere&#8217; en Cacabelos<\/a><\/p>\n<p style=\"text-align: justify;\">2021-10-26 <a href=\"https:\/\/youtu.be\/-55rF3MehFA?t=3405\" target=\"_blank\">Visita al Magazine de La 8 Bierzo<\/a><\/p>\n<p style=\"text-align: justify;\">2021-10-21\u00a0<a href=\"https:\/\/www.lanuevacronica.com\/cacabelos-abre-este-viernes-con-pilar-blanco-su-ciclo-de-presentacion-de-poemarios\" target=\"_blank\">Cacabelos abre este viernes con Pilar Blanco su ciclo de presentaci\u00f3n de poemarios<\/a><\/p>\n<p style=\"text-align: justify;\">2021-09-21\u00a0<a href=\"https:\/\/www.lanuevacronica.com\/cacabelos-es-un-pueblo-que-sorprende-en-las-distancias-cortas\" target=\"_blank\">&#8220;Cacabelos es un pueblo que sorprende en las distancias cortas&#8221;<\/a><\/p>\n<p style=\"text-align: justify;\">2021-09-15\u00a0<a href=\"https:\/\/youtu.be\/InD8X4qAetM?t=2419\" target=\"_blank\">Visita al Magizine de La 8 Bierzo<\/a><\/p>\n<p style=\"text-align: justify;\">2021-05-27\u00a0<a href=\"https:\/\/youtu.be\/8KHJzxVZk6Y?t=3493\" target=\"_blank\">Visita al Magazine de La 8 Bierzo<\/a><\/p>\n<p style=\"text-align: justify;\">2021-05-24\u00a0<a href=\"https:\/\/www.bierzotv.com\/la-biblioteca-de-cacabelos-abrira-de-forma-ininterrumpida-12-horas-al-dia\/\" target=\"_blank\">La biblioteca de Cacabelos abrir\u00e1 de forma ininterrumpida 12 horas al d\u00eda<\/a><\/p>\n<p style=\"text-align: justify;\">2021-05-24\u00a0<a href=\"https:\/\/www.infobierzo.com\/la-biblioteca-de-cacabelos-amplia-horario-y-aforo-para-la-ebau\/608090\/\" target=\"_blank\">La Biblioteca de Cacabelos ampl\u00eda horario y aforo para la EBAU<\/a><\/p>\n<p style=\"text-align: justify;\">2021-05-04\u00a0<a href=\"https:\/\/agendadelbierzo.com\/cultura\/literatura\/actividades-fomento-lectura-biblioteca-municipal-cacabelos\/\" target=\"_blank\">La hora de los cuentos regresa este mes de mayo a la Biblioteca Municipal de Cacabelos<\/a><\/p>\n<p style=\"text-align: justify;\">2021-04-13\u00a0<a href=\"https:\/\/www.bierzotv.com\/ya-se-puede-seguir-a-la-biblioteca-de-cacabelos-en-whatsapp-y-telegram\/\" target=\"_blank\">Ya se puede seguir a la Biblioteca de Cacabelos en Whatsapp y Telegram<\/a><\/p>\n<p style=\"text-align: justify;\">2021-03-06\u00a0<a href=\"https:\/\/www.cacabelos.org\/biblioteca\/wp-content\/uploads\/2021\/03\/ondabierzo.mp3\" target=\"_blank\">El Caldeiro de Palabras en Onda Bierzo<\/a><\/p>\n<p style=\"text-align: justify;\">2021-02-18\u00a0<a href=\"https:\/\/youtu.be\/jDtpNteoDXo\" target=\"_blank\">La Tierra de las tres lenguas &#8211; Objetivo Bierzo<\/a><\/p>\n<p style=\"text-align: justify;\">2021-02-07\u00a0<a href=\"https:\/\/www.infobierzo.com\/la-iniciativa-caldeiro-de-palabras-de-la-biblioteca-de-cacabelos-cumple-un-ano\/593923\/\" target=\"_blank\">La iniciativa \u2018Caldeiro de palabras\u2019 de la biblioteca de Cacabelos cumple un a\u00f1o<\/a><\/p>\n<p style=\"text-align: justify;\">2021-02-07\u00a0<a href=\"https:\/\/www.ileon.com\/actualidad\/el_bierzo\/115751\/las-joyas-de-la-tierra-de-las-tres-lenguas-que-llenan-un-caldeiro-de-palabras-en-cacabelos\" target=\"_blank\">Las joyas de la tierra de las tres lenguas que llenan un \u2018Caldeiro de palabras\u2019 en Cacabelos<\/a><\/p>\n<p style=\"text-align: justify;\">2021-02-07\u00a0<a href=\"https:\/\/www.elespanol.com\/castilla-y-leon\/region\/leon\/20210207\/joyas-tierra-lenguas\/557195096_0.amp.html\" target=\"_blank\">Las joyas de la tierra de las tres lenguas<\/a><\/p>\n<p style=\"text-align: justify;\">2021-01\u00a0<a href=\"https:\/\/dialnet.unirioja.es\/servlet\/articulo?codigo=7808187\" target=\"_blank\">M\u00e1s espacio(s) para las bibliotecas<\/a>\u00a0(ejemplar en la <a href=\"http:\/\/rabel.jcyl.es\/cgi-bin\/abnetopac?TITN=140578\" target=\"_blank\">Biblioteca<\/a>)<\/p>\n<p style=\"text-align: justify;\">2020-10-28\u00a0<a href=\"https:\/\/www.lanuevacronica.com\/la-biblioteca-de-cacabelos-sale-a-la-calle\" target=\"_blank\">La biblioteca de Cacabelos sale a la calle<\/a><\/p>\n<p style=\"text-align: justify;\">2020-10-26\u00a0<a href=\"https:\/\/youtu.be\/MvMQ0rFa46c?t=1430\" target=\"_blank\">Visita al Magazine de La 8 Bierzo<\/a><\/p>\n<p style=\"text-align: justify;\">2020-04-19\u00a0<a href=\"https:\/\/digitaldeleon.com\/provincia-leon\/celebrara-dia-libro-23-abril\/\" target=\"_blank\">As\u00ed se celebrar\u00e1 el d\u00eda del libro el pr\u00f3ximo 23 de abril<\/a><\/p>\n<p style=\"text-align: justify;\">2020-04-17\u00a0<a href=\"https:\/\/tamtampress.es\/2020\/04\/17\/el-ayuntamiento-de-cacabelos-celebrara-el-dia-del-libro-en-la-red\/\" target=\"_blank\">El Ayuntamiento de Cacabelos celebrar\u00e1 el D\u00eda del Libro en la red<\/a><\/p>\n<p style=\"text-align: justify;\">2020-04-16\u00a0<a href=\"https:\/\/agendadelbierzo.com\/ocio\/dia-del-libro-cacabelos\/\" target=\"_blank\">La Biblioteca de Cacabelos pide la colaboraci\u00f3n de la poblaci\u00f3n para celebrar el D\u00eda del Libro 2020<\/a><\/p>\n<p style=\"text-align: justify;\">2020-03-31\u00a0<a href=\"https:\/\/www.lanuevacronica.com\/cacabelos-crea-un-nuevo-espacio-cultural-la-vendimia-en-internet\" target=\"_blank\">Cacabelos crea un nuevo espacio cultural, &#8220;La vendimia en internet&#8221;<\/a><\/p>\n<p style=\"text-align: justify;\">2020-30-31\u00a0<a href=\"https:\/\/www.elbierzodigital.com\/cacabelos-organiza-la-vendimia-de-internet\/325451\" target=\"_blank\">Cacabelos organiza \u201cLa vendimia de Internet\u201d<\/a><\/p>\n<p style=\"text-align: justify;\">2020-03-31\u00a0<a href=\"https:\/\/www.elbierzonoticias.com\/bierzo\/formacion-ocio-tiempos-20200331163635-nt.html\" target=\"_blank\">Formaci\u00f3n y ocio en tiempos de cuarentena<\/a><\/p>\n<p style=\"text-align: justify;\">2020-02-21\u00a0<a href=\"https:\/\/www.youtube.com\/watch?v=HPbkekHELVQ\" target=\"_blank\">El Caldeiro de Palabras en TVE<\/a><\/p>\n<p style=\"text-align: justify;\">2020-02-15\u00a0<a href=\"https:\/\/www.cope.es\/emisoras\/castilla-y-leon\/leon-provincia\/bierzo\/audios\/biblioteca-cacabelos-instala-caldeiro-palabras-para-difundir-lexico-tradicional-berciano-20200205_997592\" target=\"_blank\">La Biblioteca de Cacabelos instala un \u2018caldeiro\u2019 de palabras para difundir el l\u00e9xico tradicional berciano<\/a><\/p>\n<p style=\"text-align: justify;\">2020-01-31\u00a0<a href=\"https:\/\/www.abc.es\/espana\/castilla-leon\/abci-caldeiro-para-no-perder-tradicional-vocabulario-berciano-202001310926_noticia.html\" target=\"_blank\">Un \u00abcaldeiro\u00bb para no perder el tradicional vocabulario berciano<\/a><\/p>\n<p style=\"text-align: justify;\">2020-01-31\u00a0<a href=\"https:\/\/www.diariodeleon.es\/articulo\/bierzo\/palabras-aqui-caldeiradas\/202001310333531982229.html\" target=\"_blank\">Las palabras de aqu\u00ed a \u2018caldeiradas\u2019<\/a><\/p>\n<p style=\"text-align: justify;\">2020-01-30\u00a0<a href=\"https:\/\/www.bierzodiario.es\/?p=21759\" target=\"_blank\">La Biblioteca de Cacabelos idea un \u2018Caldeiro de Palabras\u2019 para difundir el l\u00e9xico local<\/a><\/p>\n<p style=\"text-align: justify;\">2020-01-30\u00a0<a href=\"https:\/\/www.ileon.com\/actualidad\/el_bierzo\/104909\/la-biblioteca-de-cacabelos-instala-un-caldeiro-de-palabras-para-recoger-y-difundir-el-lexico-tradicional-berciano\" target=\"_blank\">La biblioteca de Cacabelos instala un \u2018caldeiro\u2019 de palabras para recoger y difundir el l\u00e9xico tradicional berciano<\/a><\/p>\n<p style=\"text-align: justify;\">2020-01-30\u00a0<a href=\"https:\/\/www.elbierzodigital.com\/la-biblioteca-de-cacabelos-pone-en-marcha-el-caldeiro-de-palabras\/315370\" target=\"_blank\">La Biblioteca de Cacabelos pone en marcha el \u2018Caldeiro de Palabras\u2019<\/a><\/p>\n<p style=\"text-align: justify;\">2020-01-30\u00a0<a href=\"https:\/\/www.elbierzonoticias.com\/bierzo\/palabras-bercianas-generaciones-20200130172250-nt.html\" target=\"_blank\">Palabras bercianas para generaciones futuras<\/a><\/p>\n<p style=\"text-align: justify;\">2020-01-30\u00a0<a href=\"https:\/\/cadenaser.com\/emisora\/2020\/01\/30\/radio_bierzo\/1580384643_254670.html\" target=\"_blank\">Un cacabelense busca recuperar el vocabulario de la zona con la iniciativa &#8216;Caldeiro de palabras&#8217;<\/a><\/p>\n<p style=\"text-align: justify;\">2020-01\u00a0<a href=\"https:\/\/dialnet.unirioja.es\/ejemplar\/567674\" target=\"_blank\">La trama, recomendaciones de lecturas<\/a>\u00a0(ejemplar en la\u00a0<a href=\"http:\/\/rabel.jcyl.es\/cgi-bin\/abnetopac?TITN=140578\" target=\"_blank\">Biblioteca<\/a>)<\/p>\n<p style=\"text-align: justify;\">2019-08-17\u00a0<a href=\"https:\/\/www.bierzodiario.es\/?p=8480\" target=\"_blank\">Nuevo episodio de vandalismo en Cacabelos: robo en la Biblioteca y destrozos en el parque<\/a><\/p>\n<p style=\"text-align: justify;\">2019-06\u00a0<a href=\"https:\/\/dialnet.unirioja.es\/ejemplar\/525416\" target=\"_blank\">Recomendaciones an\u00f3nimas de libros para fomentar la lectura<\/a>\u00a0(ejemplar en la <a href=\"http:\/\/rabel.jcyl.es\/cgi-bin\/abnetopac?TITN=140578\" target=\"_blank\">Biblioteca<\/a>)<\/p>\n<p style=\"text-align: justify;\">2019-05-31\u00a0<a href=\"https:\/\/www.diariodeleon.es\/articulo\/bierzo\/cacabelos-crea-lsquo-trama-rsquo-fomentar-lectura\/201905310600021896250.html\" target=\"_blank\">Cacabelos crea una \u2018trama\u2019 para fomentar la lectura<\/a><\/p>\n<p style=\"text-align: justify;\">2019-05-30\u00a0<a href=\"https:\/\/www.bierzodiario.es\/?p=2630\" target=\"_blank\">La Biblioteca de Cacabelos organiza \u2018La Trama\u2019 para fomentar la lectura en verano<\/a><\/p>\n<p style=\"text-align: justify;\">2019-05-30\u00a0<a href=\"https:\/\/ponferradahoy.com\/la-biblioteca-municipal-de-cacabelos-pone-en-marcha-la-trama-una-actividad-de-fomento-de-la-lectura\/\" target=\"_blank\">La Biblioteca Municipal de Cacabelos pone en marcha \u201cLa Trama\u201d, una actividad de fomento de la lectura<\/a><\/p>\n<p style=\"text-align: justify;\">2019-05-30\u00a0<a href=\"https:\/\/www.bierzotv.com\/cacabelos-pone-en-marcha-la-trama-una-actividad-para-fomentar-la-lectura\/\" target=\"_blank\">Cacabelos pone en marcha \u2018La trama\u2019, una actividad para fomentar la lectura<\/a><\/p>\n<p style=\"text-align: justify;\">2019-05-30\u00a0<a href=\"https:\/\/www.elbierzodigital.com\/cacabelos-pone-en-marcha-una-trama-de-recomendacion-de-libros\/289851\" target=\"_blank\">Cacabelos pone en marcha una \u201ctrama\u201d de recomendaci\u00f3n de libros<\/a><\/p>\n<p style=\"text-align: justify;\"><a href=\"https:\/\/twitter.com\/search?q=%22biblioteca%20de%20cacabelos%22&amp;src=typed_query\" target=\"_blank\">Feed de Twitter (b\u00fasqueda &#8220;biblioteca de cacabelos&#8221;)<\/a><\/p>\n<p style=\"text-align: justify;\"><a href=\"https:\/\/www.facebook.com\/search\/posts\/?q=%22biblioteca%20de%20cacabelos%22\" target=\"_blank\">Feed de Facebook\u00a0(b\u00fasqueda &#8220;biblioteca de cacabelos&#8221;)<\/a><\/p>\n<p style=\"text-align: justify;\"><a href=\"https:\/\/www.facebook.com\/search\/top?q=caldeiro%20de%20palabras\" target=\"_blank\">Feed de Facebook (b\u00faqueda \u00abcaldeiro de palabras\u00bb)<\/a><\/p>\n<p style=\"text-align: justify;\"><a href=\"https:\/\/twitter.com\/search?q=%22caldeiro%20de%20palabras%22&amp;src=typed_query&amp;f=live\" target=\"_blank\">Feed de Twitter (b\u00fasqueda \u00abcaldeiro de palabras\u00bb)<\/a><\/p>\n<p>[\/et_pb_text][\/et_pb_column][\/et_pb_row][\/et_pb_section]<\/p>","protected":false},"excerpt":{"rendered":"<p>[et_pb_section admin_label=&#8221;Section&#8221; fullwidth=&#8221;on&#8221; specialty=&#8221;off&#8221;][et_pb_fullwidth_slider admin_label=&#8221;Fullwidth Slider&#8221; show_arrows=&#8221;off&#8221; show_pagination=&#8221;off&#8221; auto=&#8221;off&#8221; auto_ignore_hover=&#8221;off&#8221; parallax=&#8221;on&#8221; parallax_method=&#8221;off&#8221; remove_inner_shadow=&#8221;off&#8221; background_position=&#8221;default&#8221; background_size=&#8221;default&#8221; hide_content_on_mobile=&#8221;off&#8221; hide_cta_on_mobile=&#8221;off&#8221; show_image_video_mobile=&#8221;off&#8221; custom_button=&#8221;off&#8221; button_letter_spacing=&#8221;0&#8243; button_use_icon=&#8221;default&#8221; button_icon_placement=&#8221;right&#8221; button_on_hover=&#8221;on&#8221; button_letter_spacing_hover=&#8221;0&#8243;] [et_pb_slide heading=&#8221;Dosier de prensa&#8221; background_image=&#8221;https:\/\/www.cacabelos.org\/biblioteca\/wp-content\/uploads\/2019\/03\/IMG_20190305_161813.jpg&#8221; background_position=&#8221;default&#8221; background_size=&#8221;default&#8221; background_color=&#8221;#30bdea&#8221; use_bg_overlay=&#8221;off&#8221; use_text_overlay=&#8221;on&#8221; alignment=&#8221;center&#8221; background_layout=&#8221;dark&#8221; allow_player_pause=&#8221;off&#8221; text_border_radius=&#8221;3&#8243; header_font_select=&#8221;default&#8221; header_font=&#8221;||||&#8221; body_font_select=&#8221;default&#8221; body_font=&#8221;||||&#8221; custom_button=&#8221;off&#8221; button_font_select=&#8221;default&#8221; button_font=&#8221;||||&#8221; button_use_icon=&#8221;default&#8221; button_icon_placement=&#8221;right&#8221; button_on_hover=&#8221;on&#8221; text_overlay_color=&#8221;#30bdea&#8221;] O que din os medios sobre [&hellip;]<\/p>\n","protected":false},"author":2,"featured_media":0,"parent":0,"menu_order":0,"comment_status":"closed","ping_status":"closed","template":"","meta":[],"_links":{"self":[{"href":"https:\/\/www.cacabelos.org\/biblioteca\/gl\/wp-json\/wp\/v2\/pages\/2071"}],"collection":[{"href":"https:\/\/www.cacabelos.org\/biblioteca\/gl\/wp-json\/wp\/v2\/pages"}],"about":[{"href":"https:\/\/www.cacabelos.org\/biblioteca\/gl\/wp-json\/wp\/v2\/types\/page"}],"author":[{"embeddable":true,"href":"https:\/\/www.cacabelos.org\/biblioteca\/gl\/wp-json\/wp\/v2\/users\/2"}],"replies":[{"embeddable":true,"href":"https:\/\/www.cacabelos.org\/biblioteca\/gl\/wp-json\/wp\/v2\/comments?post=2071"}],"version-history":[{"count":27,"href":"https:\/\/www.cacabelos.org\/biblioteca\/gl\/wp-json\/wp\/v2\/pages\/2071\/revisions"}],"predecessor-version":[{"id":2487,"href":"https:\/\/www.cacabelos.org\/biblioteca\/gl\/wp-json\/wp\/v2\/pages\/2071\/revisions\/2487"}],"wp:attachment":[{"href":"https:\/\/www.cacabelos.org\/biblioteca\/gl\/wp-json\/wp\/v2\/media?parent=2071"}],"curies":[{"name":"wp","href":"https:\/\/api.w.org\/{rel}","templated":true}]}}