{"id":425,"date":"2019-03-04T18:51:02","date_gmt":"2019-03-04T17:51:02","guid":{"rendered":"https:\/\/www.cacabelos.org\/biblioteca\/?page_id=425"},"modified":"2021-04-14T16:22:31","modified_gmt":"2021-04-14T15:22:31","slug":"hemeroteca","status":"publish","type":"page","link":"https:\/\/www.cacabelos.org\/biblioteca\/gl\/servicios\/hemeroteca\/","title":{"rendered":"Hemeroteca"},"content":{"rendered":"<p>[et_pb_section admin_label=&#8221;section&#8221; fullwidth=&#8221;on&#8221;][et_pb_fullwidth_slider admin_label=&#8221;Fullwidth Slider&#8221; show_arrows=&#8221;on&#8221; show_pagination=&#8221;on&#8221; auto=&#8221;off&#8221; parallax=&#8221;on&#8221; auto_ignore_hover=&#8221;off&#8221; parallax_method=&#8221;off&#8221; remove_inner_shadow=&#8221;off&#8221; background_position=&#8221;default&#8221; background_size=&#8221;default&#8221; hide_content_on_mobile=&#8221;off&#8221; hide_cta_on_mobile=&#8221;off&#8221; show_image_video_mobile=&#8221;off&#8221; custom_button=&#8221;off&#8221; button_letter_spacing=&#8221;0&#8243; button_use_icon=&#8221;default&#8221; button_icon_placement=&#8221;right&#8221; button_on_hover=&#8221;on&#8221; button_letter_spacing_hover=&#8221;0&#8243;]<\/p>\n<p>[et_pb_slide heading=&#8221;Hemeroteca&#8221; button_link=&#8221;#&#8221; background_color=&#8221;#ffffff&#8221; alignment=&#8221;center&#8221; background_layout=&#8221;dark&#8221; video_bg_width=&#8221;1920&#8243; video_bg_height=&#8221;638&#8243; background_image=&#8221;https:\/\/www.cacabelos.org\/biblioteca\/wp-content\/uploads\/2019\/03\/IMG_20190305_161813.jpg&#8221; background_position=&#8221;default&#8221; background_size=&#8221;default&#8221; use_bg_overlay=&#8221;off&#8221; use_text_overlay=&#8221;on&#8221; text_overlay_color=&#8221;#30bdea&#8221; allow_player_pause=&#8221;off&#8221; text_border_radius=&#8221;3&#8243; header_font_select=&#8221;default&#8221; header_font=&#8221;||||&#8221; body_font_select=&#8221;default&#8221; body_font=&#8221;||||&#8221; custom_button=&#8221;off&#8221; button_font_select=&#8221;default&#8221; button_font=&#8221;||||&#8221; button_use_icon=&#8221;default&#8221; button_icon_placement=&#8221;right&#8221; button_on_hover=&#8221;on&#8221;]<\/p>\n<p style=\"text-align: center;\">Actualidade e retrospectiva<\/p>\n<p>[\/et_pb_slide]<\/p>\n<p>[\/et_pb_fullwidth_slider][\/et_pb_section][et_pb_section admin_label=&#8221;section&#8221; fullwidth=&#8221;off&#8221;][et_pb_row admin_label=&#8221;row&#8221;][et_pb_column type=&#8221;1_3&#8243;][et_pb_blurb admin_label=&#8221;Blurb&#8221; title=&#8221;Prensa e revistas&#8221; url_new_window=&#8221;off&#8221; animation=&#8221;left&#8221; background_layout=&#8221;light&#8221; text_orientation=&#8221;center&#8221; icon_placement=&#8221;top&#8221; font_icon=&#8221;%%72%%&#8221; use_icon=&#8221;on&#8221; use_circle=&#8221;off&#8221; use_circle_border=&#8221;off&#8221; icon_color=&#8221;#30bdea&#8221; circle_color=&#8221;#7c4dd5&#8243; circle_border_color=&#8221;#2caaca&#8221; use_icon_font_size=&#8221;off&#8221; use_border_color=&#8221;off&#8221; border_color=&#8221;#ffffff&#8221; border_style=&#8221;solid&#8221;]<\/p>\n<p style=\"text-align: center;\">Lectura de prensa e revistas na sala<\/p>\n<p style=\"text-align: center;\">Prensa nacional e rexional con revistas de distintos \u00e1mbitos<\/p>\n<p>[\/et_pb_blurb][\/et_pb_column][et_pb_column type=&#8221;1_3&#8243;][et_pb_blurb admin_label=&#8221;Blurb&#8221; title=&#8221;Servizo de Dep\u00f3sito&#8221; url_new_window=&#8221;off&#8221; animation=&#8221;top&#8221; background_layout=&#8221;light&#8221; text_orientation=&#8221;center&#8221; icon_placement=&#8221;top&#8221; font_icon=&#8221;%%76%%&#8221; use_icon=&#8221;on&#8221; use_circle=&#8221;off&#8221; use_circle_border=&#8221;off&#8221; icon_color=&#8221;#30bdea&#8221; circle_color=&#8221;#7c4dd5&#8243; circle_border_color=&#8221;#2caaca&#8221; use_icon_font_size=&#8221;off&#8221; use_border_color=&#8221;off&#8221; border_color=&#8221;#ffffff&#8221; border_style=&#8221;solid&#8221;]<\/p>\n<p style=\"text-align: center;\">No\u00a0Dep\u00f3sito almacenamos a prensa dos \u00faltimos 6 meses. Mediante o servizo de petici\u00f3n anticipada \u00e9 posible consultar fondos na Biblioteca<\/p>\n<p>[\/et_pb_blurb][\/et_pb_column][et_pb_column type=&#8221;1_3&#8243;][et_pb_blurb admin_label=&#8221;Blurb&#8221; title=&#8221;Prensa Dixital&#8221; url_new_window=&#8221;off&#8221; animation=&#8221;right&#8221; background_layout=&#8221;light&#8221; text_orientation=&#8221;center&#8221; icon_placement=&#8221;top&#8221; font_icon=&#8221;%%107%%&#8221; use_icon=&#8221;on&#8221; use_circle=&#8221;off&#8221; use_circle_border=&#8221;off&#8221; icon_color=&#8221;#30bdea&#8221; circle_color=&#8221;#7c4dd5&#8243; circle_border_color=&#8221;#2caaca&#8221; use_icon_font_size=&#8221;off&#8221; use_border_color=&#8221;off&#8221; border_color=&#8221;#ffffff&#8221; border_style=&#8221;solid&#8221;]<\/p>\n<p style=\"text-align: center;\">A trav\u00e9s de <a href=\"https:\/\/www.cacabelos.org\/biblioteca\/servicios\/ebiblio\/\">eBiblio \u00e9<\/a>\u00a0posible acceder a 21 peri\u00f3dicos, entre nacionais, rexionais, deportivos e econ\u00f3micos<\/p>\n<p>[\/et_pb_blurb][\/et_pb_column][\/et_pb_row][\/et_pb_section][et_pb_section admin_label=&#8221;section&#8221; fullwidth=&#8221;off&#8221; background_color=&#8221;#22262e&#8221; inner_shadow=&#8221;off&#8221; parallax=&#8221;on&#8221;][et_pb_row admin_label=&#8221;row&#8221;][et_pb_column type=&#8221;1_4&#8243;][et_pb_number_counter admin_label=&#8221;Number Counter&#8221; title=&#8221;Cabeceiras rexionais&#8221; number=&#8221;1&#8243; percent_sign=&#8221;off&#8221; counter_color=&#8221;#30bdea&#8221; background_layout=&#8221;dark&#8221; use_border_color=&#8221;off&#8221; border_color=&#8221;#ffffff&#8221; border_style=&#8221;solid&#8221;]<\/p>\n<p>[\/et_pb_number_counter][\/et_pb_column][et_pb_column type=&#8221;1_4&#8243;][et_pb_number_counter admin_label=&#8221;Number Counter&#8221; title=&#8221;Cabeceiras nacionais&#8221; number=&#8221;1&#8243; percent_sign=&#8221;off&#8221; counter_color=&#8221;#2caaca&#8221; background_layout=&#8221;dark&#8221; use_border_color=&#8221;off&#8221; border_color=&#8221;#ffffff&#8221; border_style=&#8221;solid&#8221;]<\/p>\n<p>[\/et_pb_number_counter][\/et_pb_column][et_pb_column type=&#8221;1_4&#8243;][et_pb_number_counter admin_label=&#8221;Number Counter&#8221; title=&#8221;Volumes na Biblioteca&#8221; number=&#8221;60&#8243; percent_sign=&#8221;off&#8221; counter_color=&#8221;#30bdea&#8221; background_layout=&#8221;dark&#8221; use_border_color=&#8221;off&#8221; border_color=&#8221;#ffffff&#8221; border_style=&#8221;solid&#8221;]<\/p>\n<p>[\/et_pb_number_counter][\/et_pb_column][et_pb_column type=&#8221;1_4&#8243;][et_pb_number_counter admin_label=&#8221;Number Counter&#8221; title=&#8221;Volumes no Dep\u00f3sito&#8221; number=&#8221;300&#8243; percent_sign=&#8221;off&#8221; counter_color=&#8221;#30bdea&#8221; background_layout=&#8221;dark&#8221; use_border_color=&#8221;off&#8221; border_color=&#8221;#ffffff&#8221; border_style=&#8221;solid&#8221;]<\/p>\n<p>[\/et_pb_number_counter][\/et_pb_column][\/et_pb_row][\/et_pb_section][et_pb_section admin_label=&#8221;Secci\u00f3n&#8221; fullwidth=&#8221;on&#8221; specialty=&#8221;off&#8221;][et_pb_fullwidth_slider admin_label=&#8221;Control deslizante de anchura completa&#8221; show_arrows=&#8221;off&#8221; show_pagination=&#8221;off&#8221; auto=&#8221;off&#8221; auto_ignore_hover=&#8221;off&#8221; parallax=&#8221;on&#8221; parallax_method=&#8221;off&#8221; remove_inner_shadow=&#8221;off&#8221; background_position=&#8221;default&#8221; background_size=&#8221;default&#8221; hide_content_on_mobile=&#8221;off&#8221; hide_cta_on_mobile=&#8221;off&#8221; show_image_video_mobile=&#8221;off&#8221; custom_button=&#8221;off&#8221; button_letter_spacing=&#8221;0&#8243; button_use_icon=&#8221;default&#8221; button_icon_placement=&#8221;right&#8221; button_on_hover=&#8221;on&#8221; button_letter_spacing_hover=&#8221;0&#8243;]<\/p>\n<p>[et_pb_slide background_image=&#8221;https:\/\/www.cacabelos.org\/biblioteca\/wp-content\/uploads\/2019\/03\/IMG_20190305_161813.jpg&#8221; background_position=&#8221;default&#8221; background_size=&#8221;default&#8221; background_color=&#8221;#ffffff&#8221; use_bg_overlay=&#8221;off&#8221; use_text_overlay=&#8221;off&#8221; alignment=&#8221;center&#8221; background_layout=&#8221;dark&#8221; allow_player_pause=&#8221;off&#8221; text_border_radius=&#8221;3&#8243; header_font_select=&#8221;default&#8221; header_font=&#8221;||||&#8221; body_font_select=&#8221;default&#8221; body_font=&#8221;||||&#8221; custom_button=&#8221;off&#8221; button_font_select=&#8221;default&#8221; button_font=&#8221;||||&#8221; button_use_icon=&#8221;default&#8221; button_icon_placement=&#8221;right&#8221; button_on_hover=&#8221;on&#8221;] [\/et_pb_slide]<\/p>\n<p>[\/et_pb_fullwidth_slider][\/et_pb_section][et_pb_section admin_label=&#8221;section&#8221; fullwidth=&#8221;off&#8221; background_color=&#8221;#27323a&#8221; inner_shadow=&#8221;off&#8221; parallax=&#8221;off&#8221;][et_pb_row admin_label=&#8221;row&#8221;][et_pb_column type=&#8221;4_4&#8243;][et_pb_text admin_label=&#8221;Text&#8221; background_layout=&#8221;dark&#8221; text_orientation=&#8221;center&#8221; use_border_color=&#8221;off&#8221; border_color=&#8221;#ffffff&#8221; border_style=&#8221;solid&#8221;]<\/p>\n<p style=\"text-align: justify;\">A Biblioteca P\u00fablica Municipal de Cacabelos ofrece un servizo de hemeroteca co que facilitar o acceso \u00e1 prensa diaria de hoxe e de onte.<\/p>\n<p style=\"text-align: justify;\">Actualmente, o servizo de hemeroteca a prensa dos seis \u00faltimos meses. O mes en curso sirvese no mommento e os 5 meses restantes a trav\u00e9s da petici\u00f3n anticipada para fondos en dep\u00f3sito<\/p>\n<p style=\"text-align: justify;\">O noso fondo de hemeroteca comprende:<\/p>\n<p style=\"text-align: justify;\">Prensa: Diario de Le\u00f3n e El Mundo<\/p>\n<p style=\"text-align: justify;\">Revistas: <a href=\"http:\/\/rabel.jcyl.es\/cgi-bin\/abnetopac?TITN=1995916\" target=\"_blank\">A\u00f1ada<\/a>, <a href=\"http:\/\/rabel.jcyl.es\/cgi-bin\/abnetopac?TITN=161605\" target=\"_blank\">Cuadernos de arquitectura<\/a>, <a href=\"http:\/\/rabel.jcyl.es\/cgi-bin\/abnetopac?TITN=604074\" target=\"_blank\">I Love English<\/a>, Leer,&nbsp;<a href=\"http:\/\/rabel.jcyl.es\/cgi-bin\/abnetopac?TITN=140578\" target=\"_blank\">Mi Biblioteca<\/a>, Mujer hoy, <a href=\"http:\/\/rabel.jcyl.es\/cgi-bin\/abnetopac?TITN=859489\" target=\"_blank\">Mundo Negro<\/a>, <a href=\"http:\/\/rabel.jcyl.es\/cgi-bin\/abnetopac?TITN=46266\" target=\"_blank\">ProMonumenta<\/a>, <a href=\"http:\/\/rabel.jcyl.es\/cgi-bin\/abnetopac?TITN=966728\" target=\"_blank\">Reportero Doc<\/a>,<a href=\"http:\/\/rabel.jcyl.es\/cgi-bin\/abnetopac?TITN=49485\" target=\"_blank\"> Revista del Instituto de Estudios Bercianos<\/a>, <a href=\"http:\/\/rabel.jcyl.es\/cgi-bin\/abnetopac?TITN=25843\" target=\"_blank\">Tierras de Le\u00f3n<\/a>, XL Semanal<\/p>\n<p style=\"text-align: justify;\"><a href=\"https:\/\/castillayleon.ebiblio.es\/home?l=gl\" target=\"_blank\">A colecci\u00f3n dixital ofertada a trav\u00e9s de eBiblio conta con m\u00e1is diarios e m\u00e1is revistas<\/a><\/p>\n<p>[\/et_pb_text][\/et_pb_column][\/et_pb_row][\/et_pb_section][et_pb_section admin_label=&#8221;section&#8221; transparent_background=&#8221;off&#8221; background_color=&#8221;#30bdea&#8221; allow_player_pause=&#8221;off&#8221; inner_shadow=&#8221;off&#8221; parallax=&#8221;off&#8221; parallax_method=&#8221;off&#8221; padding_mobile=&#8221;off&#8221; make_fullwidth=&#8221;off&#8221; use_custom_width=&#8221;off&#8221; width_unit=&#8221;on&#8221; make_equal=&#8221;off&#8221; use_custom_gutter=&#8221;off&#8221;][et_pb_row admin_label=&#8221;row&#8221;][et_pb_column type=&#8221;4_4&#8243;][et_pb_text admin_label=&#8221;Text&#8221; background_layout=&#8221;light&#8221; text_orientation=&#8221;center&#8221; use_border_color=&#8221;off&#8221; border_color=&#8221;#ffffff&#8221; border_style=&#8221;solid&#8221;]<\/p>\n<blockquote>\n<h1 style=\"text-align: center;\"><span style=\"color: #ffffff;\"><a style=\"color: #ffffff;\" href=\"https:\/\/es.wikipedia.org\/wiki\/Victor_Hugo\" target=\"_blank\">\u201cA prensa\u00a0\u00e9 o dedo indicador\u00a0da ruta doprogreso\u201d<\/a><\/span><\/h1>\n<h1 style=\"text-align: center;\"><span style=\"color: #ffffff;\"><em>V\u00edctor Hugo<\/em><\/span><\/h1>\n<\/blockquote>\n<p>&nbsp;<\/p>\n<p>[\/et_pb_text][\/et_pb_column][\/et_pb_row][\/et_pb_section]<\/p>","protected":false},"excerpt":{"rendered":"<p>[et_pb_section admin_label=&#8221;section&#8221; fullwidth=&#8221;on&#8221;][et_pb_fullwidth_slider admin_label=&#8221;Fullwidth Slider&#8221; show_arrows=&#8221;on&#8221; show_pagination=&#8221;on&#8221; auto=&#8221;off&#8221; parallax=&#8221;on&#8221; auto_ignore_hover=&#8221;off&#8221; parallax_method=&#8221;off&#8221; remove_inner_shadow=&#8221;off&#8221; background_position=&#8221;default&#8221; background_size=&#8221;default&#8221; hide_content_on_mobile=&#8221;off&#8221; hide_cta_on_mobile=&#8221;off&#8221; show_image_video_mobile=&#8221;off&#8221; custom_button=&#8221;off&#8221; button_letter_spacing=&#8221;0&#8243; button_use_icon=&#8221;default&#8221; button_icon_placement=&#8221;right&#8221; button_on_hover=&#8221;on&#8221; button_letter_spacing_hover=&#8221;0&#8243;] [et_pb_slide heading=&#8221;Hemeroteca&#8221; button_link=&#8221;#&#8221; background_color=&#8221;#ffffff&#8221; alignment=&#8221;center&#8221; background_layout=&#8221;dark&#8221; video_bg_width=&#8221;1920&#8243; video_bg_height=&#8221;638&#8243; background_image=&#8221;https:\/\/www.cacabelos.org\/biblioteca\/wp-content\/uploads\/2019\/03\/IMG_20190305_161813.jpg&#8221; background_position=&#8221;default&#8221; background_size=&#8221;default&#8221; use_bg_overlay=&#8221;off&#8221; use_text_overlay=&#8221;on&#8221; text_overlay_color=&#8221;#30bdea&#8221; allow_player_pause=&#8221;off&#8221; text_border_radius=&#8221;3&#8243; header_font_select=&#8221;default&#8221; header_font=&#8221;||||&#8221; body_font_select=&#8221;default&#8221; body_font=&#8221;||||&#8221; custom_button=&#8221;off&#8221; button_font_select=&#8221;default&#8221; button_font=&#8221;||||&#8221; button_use_icon=&#8221;default&#8221; button_icon_placement=&#8221;right&#8221; button_on_hover=&#8221;on&#8221;] Actualidade e retrospectiva [\/et_pb_slide] [\/et_pb_fullwidth_slider][\/et_pb_section][et_pb_section admin_label=&#8221;section&#8221; [&hellip;]<\/p>\n","protected":false},"author":2,"featured_media":0,"parent":118,"menu_order":0,"comment_status":"closed","ping_status":"closed","template":"","meta":[],"_links":{"self":[{"href":"https:\/\/www.cacabelos.org\/biblioteca\/gl\/wp-json\/wp\/v2\/pages\/425"}],"collection":[{"href":"https:\/\/www.cacabelos.org\/biblioteca\/gl\/wp-json\/wp\/v2\/pages"}],"about":[{"href":"https:\/\/www.cacabelos.org\/biblioteca\/gl\/wp-json\/wp\/v2\/types\/page"}],"author":[{"embeddable":true,"href":"https:\/\/www.cacabelos.org\/biblioteca\/gl\/wp-json\/wp\/v2\/users\/2"}],"replies":[{"embeddable":true,"href":"https:\/\/www.cacabelos.org\/biblioteca\/gl\/wp-json\/wp\/v2\/comments?post=425"}],"version-history":[{"count":31,"href":"https:\/\/www.cacabelos.org\/biblioteca\/gl\/wp-json\/wp\/v2\/pages\/425\/revisions"}],"predecessor-version":[{"id":1839,"href":"https:\/\/www.cacabelos.org\/biblioteca\/gl\/wp-json\/wp\/v2\/pages\/425\/revisions\/1839"}],"up":[{"embeddable":true,"href":"https:\/\/www.cacabelos.org\/biblioteca\/gl\/wp-json\/wp\/v2\/pages\/118"}],"wp:attachment":[{"href":"https:\/\/www.cacabelos.org\/biblioteca\/gl\/wp-json\/wp\/v2\/media?parent=425"}],"curies":[{"name":"wp","href":"https:\/\/api.w.org\/{rel}","templated":true}]}}