{"id":739,"date":"2020-01-07T18:41:56","date_gmt":"2020-01-07T17:41:56","guid":{"rendered":"https:\/\/www.cacabelos.org\/biblioteca\/?page_id=739"},"modified":"2022-09-01T12:12:19","modified_gmt":"2022-09-01T11:12:19","slug":"calendario-de-festivos","status":"publish","type":"page","link":"https:\/\/www.cacabelos.org\/biblioteca\/gl\/calendario-de-festivos\/","title":{"rendered":"Calendario de festivos 2022"},"content":{"rendered":"<p>[et_pb_section admin_label=&#8221;section&#8221;][et_pb_row admin_label=&#8221;row&#8221;][et_pb_column type=&#8221;4_4&#8243;][et_pb_text admin_label=&#8221;Text&#8221; background_layout=&#8221;light&#8221; text_orientation=&#8221;justified&#8221; use_border_color=&#8221;off&#8221; border_color=&#8221;#ffffff&#8221; border_style=&#8221;solid&#8221;]<\/p>\n<h1><strong>Peche por festivos 2022<\/strong><\/h1>\n<p>&nbsp;<\/p>\n<p><strong>6 Xaneiro<\/strong>, xoves.\u00a0Reis<\/p>\n<p><strong>14 Abril<\/strong>, xoves. Semana Santa<\/p>\n<p><strong>15 Abril<\/strong>, venres. Semana Santa<\/p>\n<p><strong>18 Abril<\/strong>, martes.\u00a0Pascua<\/p>\n<p><strong>2 Maio<\/strong>, luns. D\u00efa do Traballo (Por ser domingo o 1 de maio)<\/p>\n<p><strong>15 Agosto<\/strong>, luns. Asunci\u00f3n<\/p>\n<p><strong>16 Agosto<\/strong>, martes.<\/p>\n<p><strong>12 Outubro<\/strong>, m\u00e9rcores. D\u00eda da Hispanidade<\/p>\n<p><strong>1\u00a0Novembro<\/strong>, martes. D\u00eda de\u00a0T\u00f3dolos Santos<\/p>\n<p><strong>6\u00a0Decembro<\/strong>, martes. D\u00eda da Constituci\u00f3n<\/p>\n<p><strong>8 Decembro<\/strong>, xoves.\u00a0D\u00eda da Inmaculada Concepci\u00f3n<\/p>\n<p><strong>26 Decembro<\/strong>, luns. Nadal (Por ser domingo o 25 de decembro)<\/p>\n<p>[\/et_pb_text][\/et_pb_column][\/et_pb_row][\/et_pb_section]<\/p>","protected":false},"excerpt":{"rendered":"<p>[et_pb_section admin_label=&#8221;section&#8221;][et_pb_row admin_label=&#8221;row&#8221;][et_pb_column type=&#8221;4_4&#8243;][et_pb_text admin_label=&#8221;Text&#8221; background_layout=&#8221;light&#8221; text_orientation=&#8221;justified&#8221; use_border_color=&#8221;off&#8221; border_color=&#8221;#ffffff&#8221; border_style=&#8221;solid&#8221;] Peche por festivos 2022 &nbsp; 6 Xaneiro, xoves.\u00a0Reis 14 Abril, xoves. Semana Santa 15 Abril, venres. Semana Santa 18 Abril, martes.\u00a0Pascua 2 Maio, luns. D\u00efa do Traballo (Por ser domingo o 1 de maio) 15 Agosto, luns. Asunci\u00f3n 16 Agosto, martes. 12 Outubro, m\u00e9rcores. D\u00eda [&hellip;]<\/p>\n","protected":false},"author":2,"featured_media":0,"parent":0,"menu_order":0,"comment_status":"closed","ping_status":"closed","template":"","meta":[],"_links":{"self":[{"href":"https:\/\/www.cacabelos.org\/biblioteca\/gl\/wp-json\/wp\/v2\/pages\/739"}],"collection":[{"href":"https:\/\/www.cacabelos.org\/biblioteca\/gl\/wp-json\/wp\/v2\/pages"}],"about":[{"href":"https:\/\/www.cacabelos.org\/biblioteca\/gl\/wp-json\/wp\/v2\/types\/page"}],"author":[{"embeddable":true,"href":"https:\/\/www.cacabelos.org\/biblioteca\/gl\/wp-json\/wp\/v2\/users\/2"}],"replies":[{"embeddable":true,"href":"https:\/\/www.cacabelos.org\/biblioteca\/gl\/wp-json\/wp\/v2\/comments?post=739"}],"version-history":[{"count":19,"href":"https:\/\/www.cacabelos.org\/biblioteca\/gl\/wp-json\/wp\/v2\/pages\/739\/revisions"}],"predecessor-version":[{"id":2471,"href":"https:\/\/www.cacabelos.org\/biblioteca\/gl\/wp-json\/wp\/v2\/pages\/739\/revisions\/2471"}],"wp:attachment":[{"href":"https:\/\/www.cacabelos.org\/biblioteca\/gl\/wp-json\/wp\/v2\/media?parent=739"}],"curies":[{"name":"wp","href":"https:\/\/api.w.org\/{rel}","templated":true}]}}