{"id":121,"date":"2019-02-26T10:38:57","date_gmt":"2019-02-26T09:38:57","guid":{"rendered":"https:\/\/www.cacabelos.org\/biblioteca\/?page_id=121"},"modified":"2021-04-15T15:56:06","modified_gmt":"2021-04-15T14:56:06","slug":"prestamo-a-domicilio","status":"publish","type":"page","link":"https:\/\/www.cacabelos.org\/biblioteca\/ll\/servicios\/prestamo-a-domicilio\/","title":{"rendered":"Empr\u00e9stamu"},"content":{"rendered":"<p>[et_pb_section admin_label=&#8221;section&#8221; fullwidth=&#8221;on&#8221;][et_pb_fullwidth_slider admin_label=&#8221;Fullwidth Slider&#8221; show_arrows=&#8221;off&#8221; show_pagination=&#8221;on&#8221; auto=&#8221;off&#8221; parallax=&#8221;on&#8221; auto_ignore_hover=&#8221;off&#8221; parallax_method=&#8221;off&#8221; remove_inner_shadow=&#8221;off&#8221; background_position=&#8221;default&#8221; background_size=&#8221;default&#8221; hide_content_on_mobile=&#8221;off&#8221; hide_cta_on_mobile=&#8221;off&#8221; show_image_video_mobile=&#8221;off&#8221; custom_button=&#8221;off&#8221; button_letter_spacing=&#8221;0&#8243; button_use_icon=&#8221;default&#8221; button_icon_placement=&#8221;right&#8221; button_on_hover=&#8221;on&#8221; button_letter_spacing_hover=&#8221;0&#8243;] [et_pb_slide heading=&#8221;Empr\u00e9stamu&#8221; button_link=&#8221;#&#8221; background_color=&#8221;#ffffff&#8221; alignment=&#8221;center&#8221; background_layout=&#8221;dark&#8221; video_bg_width=&#8221;1920&#8243; video_bg_height=&#8221;638&#8243; background_image=&#8221;https:\/\/www.cacabelos.org\/biblioteca\/wp-content\/uploads\/2019\/02\/IMG_20190226_175258.jpg&#8221; background_position=&#8221;default&#8221; background_size=&#8221;default&#8221; use_bg_overlay=&#8221;off&#8221; use_text_overlay=&#8221;on&#8221; text_overlay_color=&#8221;#30bdea&#8221; allow_player_pause=&#8221;off&#8221; text_border_radius=&#8221;3&#8243; header_font_select=&#8221;default&#8221; header_font=&#8221;||||&#8221; body_font_select=&#8221;default&#8221; body_font=&#8221;||||&#8221; custom_button=&#8221;off&#8221; button_font_select=&#8221;default&#8221; button_font=&#8221;||||&#8221; button_use_icon=&#8221;default&#8221; button_icon_placement=&#8221;right&#8221; button_on_hover=&#8221;on&#8221;]<\/p>\n<p>El coraz\u00f3n de la biblioteca<\/p>\n<p>[\/et_pb_slide] [\/et_pb_fullwidth_slider][\/et_pb_section][et_pb_section admin_label=&#8221;section&#8221; fullwidth=&#8221;off&#8221;][et_pb_row admin_label=&#8221;Fila&#8221;][et_pb_column type=&#8221;1_2&#8243;][et_pb_blurb admin_label=&#8221;Blurb&#8221; title=&#8221;Llibros&#8221; url_new_window=&#8221;off&#8221; animation=&#8221;left&#8221; background_layout=&#8221;light&#8221; text_orientation=&#8221;center&#8221; icon_placement=&#8221;top&#8221; font_icon=&#8221;\ue005&#8221; use_icon=&#8221;off&#8221; use_circle=&#8221;off&#8221; use_circle_border=&#8221;off&#8221; icon_color=&#8221;#7c4dd5&#8243; circle_color=&#8221;#7c4dd5&#8243; circle_border_color=&#8221;#2caaca&#8221; image=&#8221;https:\/\/www.cacabelos.org\/biblioteca\/wp-content\/uploads\/2019\/02\/IMG_20190226_094013.jpg&#8221; use_icon_font_size=&#8221;off&#8221; use_border_color=&#8221;off&#8221; border_color=&#8221;#ffffff&#8221; border_style=&#8221;solid&#8221;]<\/p>\n<p style=\"text-align: center;\">Pr\u00e1cticamente t\u00f3dolos llibros de la Biblioteca empr\u00e9stanse. Abonda con llevalos al mostrador del personal bibliotecariu y podr\u00e1n llevase n\u2019empr\u00e9stamu. Pueden llevase 5 libros por 21 d\u00edas, pudi\u00e9ndose anovar una vez<\/p>\n<p>[\/et_pb_blurb][\/et_pb_column][et_pb_column type=&#8221;1_2&#8243;][et_pb_blurb admin_label=&#8221;Blurb&#8221; title=&#8221;Pel\u00edculas&#8221; url_new_window=&#8221;off&#8221; animation=&#8221;top&#8221; background_layout=&#8221;light&#8221; text_orientation=&#8221;center&#8221; icon_placement=&#8221;top&#8221; font_icon=&#8221;\ue005&#8221; use_icon=&#8221;off&#8221; use_circle=&#8221;off&#8221; use_circle_border=&#8221;off&#8221; icon_color=&#8221;#7c4dd5&#8243; circle_color=&#8221;#7c4dd5&#8243; circle_border_color=&#8221;#2caaca&#8221; image=&#8221;https:\/\/www.cacabelos.org\/biblioteca\/wp-content\/uploads\/2019\/02\/IMG_20190226_163541.jpg&#8221; use_icon_font_size=&#8221;off&#8221; use_border_color=&#8221;off&#8221; border_color=&#8221;#ffffff&#8221; border_style=&#8221;solid&#8221;]<\/p>\n<p style=\"text-align: center;\">T\u00f3dalas pel\u00edculas qu\u2019est\u00e1n na Biblioteca pueden emprestase. Pueden llevase 2 pel\u00edculas por 7 d\u00edas<\/p>\n<p>[\/et_pb_blurb][\/et_pb_column][\/et_pb_row][et_pb_row admin_label=&#8221;Fila&#8221;][et_pb_column type=&#8221;1_2&#8243;][et_pb_number_counter admin_label=&#8221;Contador de n\u00famero&#8221; title=&#8221;D\u00edas pa 5 llibros&#8221; number=&#8221;21&#8243; percent_sign=&#8221;off&#8221; counter_color=&#8221;#30bdea&#8221; background_layout=&#8221;light&#8221; use_border_color=&#8221;off&#8221; border_color=&#8221;#ffffff&#8221; border_style=&#8221;solid&#8221;] [\/et_pb_number_counter][\/et_pb_column][et_pb_column type=&#8221;1_2&#8243;][et_pb_number_counter admin_label=&#8221;Contador de n\u00famero&#8221; title=&#8221;D\u00edas pa 2 pel\u00edculas&#8221; number=&#8221;7&#8243; percent_sign=&#8221;off&#8221; counter_color=&#8221;#30bdea&#8221; background_layout=&#8221;light&#8221; use_border_color=&#8221;off&#8221; border_color=&#8221;#ffffff&#8221; border_style=&#8221;solid&#8221;] [\/et_pb_number_counter][\/et_pb_column][\/et_pb_row][\/et_pb_section][et_pb_section admin_label=&#8221;section&#8221; fullwidth=&#8221;off&#8221; background_color=&#8221;#30bdea&#8221; inner_shadow=&#8221;off&#8221; parallax=&#8221;off&#8221; transparent_background=&#8221;off&#8221; allow_player_pause=&#8221;off&#8221; parallax_method=&#8221;off&#8221; padding_mobile=&#8221;off&#8221; make_fullwidth=&#8221;off&#8221; use_custom_width=&#8221;off&#8221; width_unit=&#8221;on&#8221; make_equal=&#8221;off&#8221; use_custom_gutter=&#8221;off&#8221;][et_pb_row admin_label=&#8221;row&#8221;][et_pb_column type=&#8221;4_4&#8243;][et_pb_text admin_label=&#8221;Texto&#8221; background_layout=&#8221;light&#8221; text_orientation=&#8221;left&#8221; use_border_color=&#8221;off&#8221; border_color=&#8221;#ffffff&#8221; border_style=&#8221;solid&#8221;]<\/p>\n<blockquote>\n<h1 style=\"text-align: center;\"><span style=\"color: #ffffff;\">&#8220;<a style=\"color: #ffffff;\" href=\"https:\/\/es.wikipedia.org\/wiki\/Laura_Bush\" target=\"_blank\">Vi que lo m\u00e1s valioso de la mia cartera ye\u2019l mieu carn\u00e9 de biblioteca<\/a>&#8220;<\/span><\/h1>\n<h1 style=\"text-align: center;\"><span style=\"color: #ffffff;\"><a style=\"color: #ffffff;\" href=\"https:\/\/es.wikipedia.org\/wiki\/Laura_Bush\" target=\"_blank\"><em>Laura Bush<\/em><\/a><\/span><\/h1>\n<\/blockquote>\n<p>[\/et_pb_text][\/et_pb_column][\/et_pb_row][\/et_pb_section]<\/p>","protected":false},"excerpt":{"rendered":"<p>[et_pb_section admin_label=&#8221;section&#8221; fullwidth=&#8221;on&#8221;][et_pb_fullwidth_slider admin_label=&#8221;Fullwidth Slider&#8221; show_arrows=&#8221;off&#8221; show_pagination=&#8221;on&#8221; auto=&#8221;off&#8221; parallax=&#8221;on&#8221; auto_ignore_hover=&#8221;off&#8221; parallax_method=&#8221;off&#8221; remove_inner_shadow=&#8221;off&#8221; background_position=&#8221;default&#8221; background_size=&#8221;default&#8221; hide_content_on_mobile=&#8221;off&#8221; hide_cta_on_mobile=&#8221;off&#8221; show_image_video_mobile=&#8221;off&#8221; custom_button=&#8221;off&#8221; button_letter_spacing=&#8221;0&#8243; button_use_icon=&#8221;default&#8221; button_icon_placement=&#8221;right&#8221; button_on_hover=&#8221;on&#8221; button_letter_spacing_hover=&#8221;0&#8243;] [et_pb_slide heading=&#8221;Empr\u00e9stamu&#8221; button_link=&#8221;#&#8221; background_color=&#8221;#ffffff&#8221; alignment=&#8221;center&#8221; background_layout=&#8221;dark&#8221; video_bg_width=&#8221;1920&#8243; video_bg_height=&#8221;638&#8243; background_image=&#8221;https:\/\/www.cacabelos.org\/biblioteca\/wp-content\/uploads\/2019\/02\/IMG_20190226_175258.jpg&#8221; background_position=&#8221;default&#8221; background_size=&#8221;default&#8221; use_bg_overlay=&#8221;off&#8221; use_text_overlay=&#8221;on&#8221; text_overlay_color=&#8221;#30bdea&#8221; allow_player_pause=&#8221;off&#8221; text_border_radius=&#8221;3&#8243; header_font_select=&#8221;default&#8221; header_font=&#8221;||||&#8221; body_font_select=&#8221;default&#8221; body_font=&#8221;||||&#8221; custom_button=&#8221;off&#8221; button_font_select=&#8221;default&#8221; button_font=&#8221;||||&#8221; button_use_icon=&#8221;default&#8221; button_icon_placement=&#8221;right&#8221; button_on_hover=&#8221;on&#8221;] El coraz\u00f3n de la biblioteca [\/et_pb_slide] [&hellip;]<\/p>\n","protected":false},"author":2,"featured_media":0,"parent":118,"menu_order":0,"comment_status":"closed","ping_status":"closed","template":"","meta":[],"_links":{"self":[{"href":"https:\/\/www.cacabelos.org\/biblioteca\/ll\/wp-json\/wp\/v2\/pages\/121"}],"collection":[{"href":"https:\/\/www.cacabelos.org\/biblioteca\/ll\/wp-json\/wp\/v2\/pages"}],"about":[{"href":"https:\/\/www.cacabelos.org\/biblioteca\/ll\/wp-json\/wp\/v2\/types\/page"}],"author":[{"embeddable":true,"href":"https:\/\/www.cacabelos.org\/biblioteca\/ll\/wp-json\/wp\/v2\/users\/2"}],"replies":[{"embeddable":true,"href":"https:\/\/www.cacabelos.org\/biblioteca\/ll\/wp-json\/wp\/v2\/comments?post=121"}],"version-history":[{"count":24,"href":"https:\/\/www.cacabelos.org\/biblioteca\/ll\/wp-json\/wp\/v2\/pages\/121\/revisions"}],"predecessor-version":[{"id":1874,"href":"https:\/\/www.cacabelos.org\/biblioteca\/ll\/wp-json\/wp\/v2\/pages\/121\/revisions\/1874"}],"up":[{"embeddable":true,"href":"https:\/\/www.cacabelos.org\/biblioteca\/ll\/wp-json\/wp\/v2\/pages\/118"}],"wp:attachment":[{"href":"https:\/\/www.cacabelos.org\/biblioteca\/ll\/wp-json\/wp\/v2\/media?parent=121"}],"curies":[{"name":"wp","href":"https:\/\/api.w.org\/{rel}","templated":true}]}}