{"id":131,"date":"2019-02-26T10:42:05","date_gmt":"2019-02-26T09:42:05","guid":{"rendered":"https:\/\/www.cacabelos.org\/biblioteca\/?page_id=131"},"modified":"2021-04-14T15:13:41","modified_gmt":"2021-04-14T14:13:41","slug":"catalogo-de-cacabelos","status":"publish","type":"page","link":"https:\/\/www.cacabelos.org\/biblioteca\/ll\/catalogo-de-cacabelos\/","title":{"rendered":"Cat\u00e1logo"},"content":{"rendered":"<p>[et_pb_section admin_label=&#8221;section&#8221; fullwidth=&#8221;on&#8221;][et_pb_fullwidth_slider admin_label=&#8221;Fullwidth Slider&#8221; show_arrows=&#8221;off&#8221; show_pagination=&#8221;off&#8221; auto=&#8221;off&#8221; parallax=&#8221;on&#8221; auto_ignore_hover=&#8221;off&#8221; parallax_method=&#8221;off&#8221; remove_inner_shadow=&#8221;off&#8221; background_position=&#8221;default&#8221; background_size=&#8221;default&#8221; hide_content_on_mobile=&#8221;off&#8221; hide_cta_on_mobile=&#8221;off&#8221; show_image_video_mobile=&#8221;off&#8221; custom_button=&#8221;off&#8221; button_letter_spacing=&#8221;0&#8243; button_use_icon=&#8221;default&#8221; button_icon_placement=&#8221;right&#8221; button_on_hover=&#8221;on&#8221; button_letter_spacing_hover=&#8221;0&#8243;]<\/p>\n<p>[et_pb_slide heading=&#8221;Cat\u00e1logu&#8221; background_color=&#8221;#ffffff&#8221; alignment=&#8221;center&#8221; background_layout=&#8221;dark&#8221; video_bg_width=&#8221;1920&#8243; video_bg_height=&#8221;638&#8243; background_image=&#8221;https:\/\/www.cacabelos.org\/biblioteca\/wp-content\/uploads\/2019\/02\/IMG_20190228_133738.jpg&#8221; background_position=&#8221;default&#8221; background_size=&#8221;default&#8221; use_bg_overlay=&#8221;off&#8221; use_text_overlay=&#8221;on&#8221; text_overlay_color=&#8221;#30bdea&#8221; allow_player_pause=&#8221;off&#8221; text_border_radius=&#8221;3&#8243; header_font_select=&#8221;default&#8221; header_font=&#8221;||||&#8221; body_font_select=&#8221;default&#8221; body_font=&#8221;||||&#8221; custom_button=&#8221;on&#8221; button_font_select=&#8221;default&#8221; button_font=&#8221;||||&#8221; button_use_icon=&#8221;default&#8221; button_icon_placement=&#8221;right&#8221; button_on_hover=&#8221;off&#8221; button_bg_color=&#8221;#30bdea&#8221; button_icon=&#8221;%%52%%&#8221; button_icon_color=&#8221;#ffffff&#8221;]<\/p>\n<p style=\"text-align: center;\">La rosa de los vientos d\u2019una biblioteca<\/p>\n<p>[\/et_pb_slide]<\/p>\n<p>[\/et_pb_fullwidth_slider][\/et_pb_section][et_pb_section admin_label=&#8221;section&#8221; fullwidth=&#8221;off&#8221;][et_pb_row admin_label=&#8221;Row&#8221;][et_pb_column type=&#8221;1_3&#8243;][et_pb_blurb admin_label=&#8221;Blurb&#8221; title=&#8221;Cat\u00e1logu Cacabelos&#8221; url_new_window=&#8221;on&#8221; animation=&#8221;off&#8221; background_layout=&#8221;light&#8221; text_orientation=&#8221;center&#8221; icon_placement=&#8221;top&#8221; font_icon=&#8221;%%107%%&#8221; use_icon=&#8221;on&#8221; use_circle=&#8221;off&#8221; use_circle_border=&#8221;off&#8221; icon_color=&#8221;#30bdea&#8221; circle_color=&#8221;#7c4dd5&#8243; circle_border_color=&#8221;#2caaca&#8221; url=&#8221;rabel.jcyl.es\/cgi-bin\/abnetopac2?SUBC=LEO\/SPLE\/CACAB&#8221; use_icon_font_size=&#8221;off&#8221; use_border_color=&#8221;off&#8221; border_color=&#8221;#ffffff&#8221; border_style=&#8221;solid&#8221;] El cat\u00e1logu de la Biblioteca P\u00fablica Municipal de Cacabelos [\/et_pb_blurb][\/et_pb_column][et_pb_column type=&#8221;1_3&#8243;][et_pb_blurb admin_label=&#8221;Blurb&#8221; title=&#8221;Cat\u00e1logu m\u00f3vil&#8221; url_new_window=&#8221;on&#8221; animation=&#8221;right&#8221; background_layout=&#8221;light&#8221; text_orientation=&#8221;center&#8221; icon_placement=&#8221;top&#8221; font_icon=&#8221;%%104%%&#8221; use_icon=&#8221;on&#8221; use_circle=&#8221;off&#8221; use_circle_border=&#8221;off&#8221; icon_color=&#8221;#30bdea&#8221; circle_color=&#8221;#7c4dd5&#8243; circle_border_color=&#8221;#2caaca&#8221; use_icon_font_size=&#8221;off&#8221; use_border_color=&#8221;off&#8221; border_color=&#8221;#ffffff&#8221; border_style=&#8221;solid&#8221; url=&#8221;http:\/\/rabel.jcyl.es\/cgi-bin\/opacmovil?SUBC=LEO\/SPLE\/CACAB&#8221;] El cat\u00e1logu de la Biblioteca P\u00fablica Municipal de Cacabelos adapt\u00e1u a la pantalla del tel\u00e9fonu [\/et_pb_blurb][\/et_pb_column][et_pb_column type=&#8221;1_3&#8243;][et_pb_blurb admin_label=&#8221;Blurb&#8221; title=&#8221;Outros cat\u00e1logos&#8221; url_new_window=&#8221;off&#8221; use_icon=&#8221;on&#8221; font_icon=&#8221;%%51%%&#8221; icon_color=&#8221;#30bdea&#8221; use_circle=&#8221;off&#8221; circle_color=&#8221;#30bdea&#8221; use_circle_border=&#8221;off&#8221; circle_border_color=&#8221;#30bdea&#8221; icon_placement=&#8221;top&#8221; animation=&#8221;top&#8221; background_layout=&#8221;light&#8221; text_orientation=&#8221;center&#8221; use_icon_font_size=&#8221;off&#8221; use_border_color=&#8221;off&#8221; border_color=&#8221;#ffffff&#8221; border_style=&#8221;solid&#8221; url=&#8221;https:\/\/www.cacabelos.org\/biblioteca\/otros-catalogos\/&#8221;]<\/p>\n<p style=\"text-align: center;\">Cat\u00e1logos d\u2019outras bibliotecas y redes de bibliotecas<\/p>\n<p>[\/et_pb_blurb][\/et_pb_column][\/et_pb_row][\/et_pb_section][et_pb_section admin_label=&#8221;Secci\u00f3n&#8221; fullwidth=&#8221;on&#8221; specialty=&#8221;off&#8221;][et_pb_fullwidth_slider admin_label=&#8221;Control deslizante de anchura completa&#8221; show_arrows=&#8221;on&#8221; show_pagination=&#8221;on&#8221; auto=&#8221;off&#8221; auto_ignore_hover=&#8221;off&#8221; parallax=&#8221;on&#8221; parallax_method=&#8221;off&#8221; remove_inner_shadow=&#8221;off&#8221; background_position=&#8221;default&#8221; background_size=&#8221;default&#8221; hide_content_on_mobile=&#8221;off&#8221; hide_cta_on_mobile=&#8221;off&#8221; show_image_video_mobile=&#8221;off&#8221; custom_button=&#8221;off&#8221; button_letter_spacing=&#8221;0&#8243; button_use_icon=&#8221;default&#8221; button_icon_placement=&#8221;right&#8221; button_on_hover=&#8221;on&#8221; button_letter_spacing_hover=&#8221;0&#8243;] [et_pb_slide background_image=&#8221;https:\/\/www.cacabelos.org\/biblioteca\/wp-content\/uploads\/2019\/02\/IMG_20190228_133802.jpg&#8221; background_position=&#8221;default&#8221; background_size=&#8221;default&#8221; background_color=&#8221;#ffffff&#8221; use_bg_overlay=&#8221;off&#8221; use_text_overlay=&#8221;off&#8221; alignment=&#8221;center&#8221; background_layout=&#8221;dark&#8221; allow_player_pause=&#8221;off&#8221; text_border_radius=&#8221;3&#8243; header_font_select=&#8221;default&#8221; header_font=&#8221;||||&#8221; body_font_select=&#8221;default&#8221; body_font=&#8221;||||&#8221; custom_button=&#8221;off&#8221; button_font_select=&#8221;default&#8221; button_font=&#8221;||||&#8221; button_use_icon=&#8221;default&#8221; button_icon_placement=&#8221;right&#8221; button_on_hover=&#8221;on&#8221;] [\/et_pb_slide] [\/et_pb_fullwidth_slider][\/et_pb_section][et_pb_section admin_label=&#8221;section&#8221; fullwidth=&#8221;off&#8221; background_color=&#8221;#30bdea&#8221; inner_shadow=&#8221;off&#8221; parallax=&#8221;off&#8221; transparent_background=&#8221;off&#8221; allow_player_pause=&#8221;off&#8221; parallax_method=&#8221;off&#8221; padding_mobile=&#8221;off&#8221; make_fullwidth=&#8221;off&#8221; use_custom_width=&#8221;off&#8221; width_unit=&#8221;on&#8221; make_equal=&#8221;off&#8221; use_custom_gutter=&#8221;off&#8221;][et_pb_row admin_label=&#8221;row&#8221;][et_pb_column type=&#8221;4_4&#8243;][et_pb_text admin_label=&#8221;Text&#8221; background_layout=&#8221;dark&#8221; text_orientation=&#8221;center&#8221; use_border_color=&#8221;off&#8221; border_color=&#8221;#ffffff&#8221; border_style=&#8221;solid&#8221;]<\/p>\n<blockquote>\n<h1 style=\"text-align: center;\"><a href=\"https:\/\/es.wikipedia.org\/wiki\/Walter_Savage_Landor\" target=\"_blank\">&#8220;Nada presta m\u00e1s qu\u2019explorar una biblioteca&#8221;<\/a><\/h1>\n<h1 style=\"text-align: center;\"><em>Walter Savage Landor<\/em><\/h1>\n<\/blockquote>\n<p>[\/et_pb_text][\/et_pb_column][\/et_pb_row][\/et_pb_section]<\/p>","protected":false},"excerpt":{"rendered":"<p>[et_pb_section admin_label=&#8221;section&#8221; fullwidth=&#8221;on&#8221;][et_pb_fullwidth_slider admin_label=&#8221;Fullwidth Slider&#8221; show_arrows=&#8221;off&#8221; show_pagination=&#8221;off&#8221; auto=&#8221;off&#8221; parallax=&#8221;on&#8221; auto_ignore_hover=&#8221;off&#8221; parallax_method=&#8221;off&#8221; remove_inner_shadow=&#8221;off&#8221; background_position=&#8221;default&#8221; background_size=&#8221;default&#8221; hide_content_on_mobile=&#8221;off&#8221; hide_cta_on_mobile=&#8221;off&#8221; show_image_video_mobile=&#8221;off&#8221; custom_button=&#8221;off&#8221; button_letter_spacing=&#8221;0&#8243; button_use_icon=&#8221;default&#8221; button_icon_placement=&#8221;right&#8221; button_on_hover=&#8221;on&#8221; button_letter_spacing_hover=&#8221;0&#8243;] [et_pb_slide heading=&#8221;Cat\u00e1logu&#8221; background_color=&#8221;#ffffff&#8221; alignment=&#8221;center&#8221; background_layout=&#8221;dark&#8221; video_bg_width=&#8221;1920&#8243; video_bg_height=&#8221;638&#8243; background_image=&#8221;https:\/\/www.cacabelos.org\/biblioteca\/wp-content\/uploads\/2019\/02\/IMG_20190228_133738.jpg&#8221; background_position=&#8221;default&#8221; background_size=&#8221;default&#8221; use_bg_overlay=&#8221;off&#8221; use_text_overlay=&#8221;on&#8221; text_overlay_color=&#8221;#30bdea&#8221; allow_player_pause=&#8221;off&#8221; text_border_radius=&#8221;3&#8243; header_font_select=&#8221;default&#8221; header_font=&#8221;||||&#8221; body_font_select=&#8221;default&#8221; body_font=&#8221;||||&#8221; custom_button=&#8221;on&#8221; button_font_select=&#8221;default&#8221; button_font=&#8221;||||&#8221; button_use_icon=&#8221;default&#8221; button_icon_placement=&#8221;right&#8221; button_on_hover=&#8221;off&#8221; button_bg_color=&#8221;#30bdea&#8221; button_icon=&#8221;%%52%%&#8221; button_icon_color=&#8221;#ffffff&#8221;] La rosa de los [&hellip;]<\/p>\n","protected":false},"author":2,"featured_media":0,"parent":0,"menu_order":0,"comment_status":"closed","ping_status":"closed","template":"","meta":[],"_links":{"self":[{"href":"https:\/\/www.cacabelos.org\/biblioteca\/ll\/wp-json\/wp\/v2\/pages\/131"}],"collection":[{"href":"https:\/\/www.cacabelos.org\/biblioteca\/ll\/wp-json\/wp\/v2\/pages"}],"about":[{"href":"https:\/\/www.cacabelos.org\/biblioteca\/ll\/wp-json\/wp\/v2\/types\/page"}],"author":[{"embeddable":true,"href":"https:\/\/www.cacabelos.org\/biblioteca\/ll\/wp-json\/wp\/v2\/users\/2"}],"replies":[{"embeddable":true,"href":"https:\/\/www.cacabelos.org\/biblioteca\/ll\/wp-json\/wp\/v2\/comments?post=131"}],"version-history":[{"count":20,"href":"https:\/\/www.cacabelos.org\/biblioteca\/ll\/wp-json\/wp\/v2\/pages\/131\/revisions"}],"predecessor-version":[{"id":1822,"href":"https:\/\/www.cacabelos.org\/biblioteca\/ll\/wp-json\/wp\/v2\/pages\/131\/revisions\/1822"}],"wp:attachment":[{"href":"https:\/\/www.cacabelos.org\/biblioteca\/ll\/wp-json\/wp\/v2\/media?parent=131"}],"curies":[{"name":"wp","href":"https:\/\/api.w.org\/{rel}","templated":true}]}}