{"id":1338,"date":"2020-09-25T11:59:35","date_gmt":"2020-09-25T10:59:35","guid":{"rendered":"https:\/\/www.cacabelos.org\/biblioteca\/?page_id=1338"},"modified":"2021-04-14T16:28:38","modified_gmt":"2021-04-14T15:28:38","slug":"efilm","status":"publish","type":"page","link":"https:\/\/www.cacabelos.org\/biblioteca\/ll\/servicios\/efilm\/","title":{"rendered":"eFilm"},"content":{"rendered":"<p>[et_pb_section admin_label=&#8221;section&#8221; fullwidth=&#8221;on&#8221;][et_pb_fullwidth_slider admin_label=&#8221;Fullwidth Slider&#8221; show_arrows=&#8221;on&#8221; show_pagination=&#8221;on&#8221; auto=&#8221;off&#8221; parallax=&#8221;on&#8221; auto_ignore_hover=&#8221;off&#8221; parallax_method=&#8221;off&#8221; remove_inner_shadow=&#8221;off&#8221; background_position=&#8221;default&#8221; background_size=&#8221;default&#8221; hide_content_on_mobile=&#8221;off&#8221; hide_cta_on_mobile=&#8221;off&#8221; show_image_video_mobile=&#8221;off&#8221; custom_button=&#8221;off&#8221; button_letter_spacing=&#8221;0&#8243; button_use_icon=&#8221;default&#8221; button_icon_placement=&#8221;right&#8221; button_on_hover=&#8221;on&#8221; button_letter_spacing_hover=&#8221;0&#8243;]<\/p>\n<p>[et_pb_slide heading=&#8221;eFilm&#8221; button_link=&#8221;https:\/\/cinecyl.efilm.online\/es\/jcyl\/&#8221; background_color=&#8221;#ffffff&#8221; alignment=&#8221;center&#8221; background_layout=&#8221;dark&#8221; video_bg_width=&#8221;1920&#8243; video_bg_height=&#8221;638&#8243; background_image=&#8221;https:\/\/www.cacabelos.org\/biblioteca\/wp-content\/uploads\/2020\/09\/1366_2000.jpg&#8221; background_position=&#8221;default&#8221; background_size=&#8221;default&#8221; use_bg_overlay=&#8221;off&#8221; use_text_overlay=&#8221;on&#8221; allow_player_pause=&#8221;off&#8221; text_border_radius=&#8221;3&#8243; header_font_select=&#8221;default&#8221; header_font=&#8221;||||&#8221; body_font_select=&#8221;default&#8221; body_font=&#8221;||||&#8221; custom_button=&#8221;off&#8221; button_font_select=&#8221;default&#8221; button_font=&#8221;||||&#8221; button_use_icon=&#8221;default&#8221; button_icon_placement=&#8221;right&#8221; button_on_hover=&#8221;on&#8221; text_overlay_color=&#8221;#30bdea&#8221;]<\/p>\n<p style=\"text-align: center;\"><span style=\"color: #ffffff;\"><a style=\"color: #ffffff;\" href=\"https:\/\/cinecyl.efilm.online\/es\/jcyl\/\" target=\"_blank\">Vision\u00e1u en llinia d\u2019audiovisuales<\/a><\/span><\/p>\n<p>[\/et_pb_slide]<\/p>\n<p>[\/et_pb_fullwidth_slider][\/et_pb_section][et_pb_section admin_label=&#8221;section&#8221; fullwidth=&#8221;off&#8221;][et_pb_row admin_label=&#8221;row&#8221;][et_pb_column type=&#8221;1_2&#8243;][et_pb_blurb admin_label=&#8221;Blurb&#8221; title=&#8221;Ordenador&#8221; url_new_window=&#8221;on&#8221; animation=&#8221;left&#8221; background_layout=&#8221;light&#8221; text_orientation=&#8221;center&#8221; icon_placement=&#8221;top&#8221; font_icon=&#8221;%%107%%&#8221; use_icon=&#8221;on&#8221; use_circle=&#8221;off&#8221; use_circle_border=&#8221;off&#8221; icon_color=&#8221;#30bdea&#8221; circle_color=&#8221;#7c4dd5&#8243; circle_border_color=&#8221;#2caaca&#8221; use_icon_font_size=&#8221;off&#8221; use_border_color=&#8221;off&#8221; border_color=&#8221;#ffffff&#8221; border_style=&#8221;solid&#8221; url=&#8221;https:\/\/cinecyl.efilm.online\/es\/jcyl\/&#8221;]<\/p>\n<p><a href=\"https:\/\/cinecyl.efilm.online\/es\/jcyl\/\" target=\"_blank\"><span style=\"color: #000000;\">Vision\u00e1u n\u2019ordenador<\/span><\/a><\/p>\n<div id=\"gtx-trans\" style=\"position: absolute; left: -151px; top: 8px;\"><\/div>\n<p>[\/et_pb_blurb][\/et_pb_column][et_pb_column type=&#8221;1_2&#8243;][et_pb_blurb admin_label=&#8221;Blurb&#8221; title=&#8221;Dispositivos m\u00f3viles&#8221; url_new_window=&#8221;on&#8221; animation=&#8221;top&#8221; background_layout=&#8221;light&#8221; text_orientation=&#8221;center&#8221; icon_placement=&#8221;top&#8221; font_icon=&#8221;%%104%%&#8221; use_icon=&#8221;on&#8221; use_circle=&#8221;off&#8221; use_circle_border=&#8221;off&#8221; icon_color=&#8221;#30bdea&#8221; circle_color=&#8221;#7c4dd5&#8243; circle_border_color=&#8221;#2caaca&#8221; use_icon_font_size=&#8221;off&#8221; use_border_color=&#8221;off&#8221; border_color=&#8221;#ffffff&#8221; border_style=&#8221;solid&#8221; url=&#8221;https:\/\/cinecyl.efilm.online\/es\/jcyl\/&#8221;]<\/p>\n<p><span style=\"color: #000000;\"><a style=\"color: #000000;\" href=\"https:\/\/cinecyl.efilm.online\/es\/jcyl\/\" target=\"_blank\">Vision\u00e1u en tabretas y tel\u00e9fonos<\/a><\/span><\/p>\n<p>[\/et_pb_blurb][\/et_pb_column][\/et_pb_row][et_pb_row admin_label=&#8221;Fila&#8221;][et_pb_column type=&#8221;1_3&#8243;][et_pb_number_counter admin_label=&#8221;Number Counter&#8221; title=&#8221;M\u00e1s de 20.000 t\u00edtulos&#8221; number=&#8221;20.000&#8243; percent_sign=&#8221;off&#8221; counter_color=&#8221;#30bdea&#8221; background_layout=&#8221;light&#8221; use_border_color=&#8221;off&#8221; border_color=&#8221;#ffffff&#8221; border_style=&#8221;solid&#8221;]<\/p>\n<p>[\/et_pb_number_counter][\/et_pb_column][et_pb_column type=&#8221;1_3&#8243;][et_pb_number_counter admin_label=&#8221;Number Counter&#8221; title=&#8221;Horas de pr\u00e9stamo&#8221; number=&#8221;72&#8243; percent_sign=&#8221;off&#8221; counter_color=&#8221;#30bdea&#8221; background_layout=&#8221;light&#8221; use_border_color=&#8221;off&#8221; border_color=&#8221;#ffffff&#8221; border_style=&#8221;solid&#8221;]<\/p>\n<p>[\/et_pb_number_counter][\/et_pb_column][et_pb_column type=&#8221;1_3&#8243;][et_pb_number_counter admin_label=&#8221;Number Counter&#8221; title=&#8221;Pr\u00e9stamos al mes&#8221; number=&#8221;12&#8243; percent_sign=&#8221;off&#8221; counter_color=&#8221;#30bdea&#8221; background_layout=&#8221;light&#8221; use_border_color=&#8221;off&#8221; border_color=&#8221;#ffffff&#8221; border_style=&#8221;solid&#8221;]<\/p>\n<p>[\/et_pb_number_counter][\/et_pb_column][\/et_pb_row][\/et_pb_section][et_pb_section admin_label=&#8221;section&#8221; fullwidth=&#8221;off&#8221; background_color=&#8221;#27323a&#8221; inner_shadow=&#8221;off&#8221; parallax=&#8221;off&#8221;][et_pb_row admin_label=&#8221;row&#8221;][et_pb_column type=&#8221;4_4&#8243;][et_pb_text admin_label=&#8221;Text&#8221; background_layout=&#8221;dark&#8221; text_orientation=&#8221;center&#8221; use_border_color=&#8221;off&#8221; border_color=&#8221;#ffffff&#8221; border_style=&#8221;solid&#8221;]<\/p>\n<h1 style=\"text-align: justify;\">\u00bfQu\u00e9 ye eFilm?<\/h1>\n<p style=\"text-align: justify;\"><span style=\"color: #ffffff;\"><a style=\"color: #ffffff;\" href=\"https:\/\/cinecyl.efilm.online\/es\/jcyl\/\" target=\"_blank\">eFilm ye una plataforma d\u2019empr\u00e9stamos d\u2019audiovisuales en streaming pa usuarios de Bibliotecas p\u00fablicas. Solo tienes qu\u2019usar el carn\u00e9 de la tua Biblioteca p\u00fablica pa poder acceder de baldre y legalmente a miles de pel\u00edculas, series, curtios y m\u00e1s.<\/a><\/span><\/p>\n<p style=\"text-align: justify;\"><span style=\"color: #ffffff;\"><a style=\"color: #ffffff;\" href=\"https:\/\/cinecyl.efilm.online\/es\/jcyl\/\" target=\"_blank\">eFilm tien un cat\u00e1logu con una amplia selecci\u00f3n de cine espa\u00f1ol, cine europ\u00e9u, cine independiente y cine cl\u00e1sicu. Am\u00e1s, tami\u00e9n oufrezse accesu a conciertos y pr\u00f3ximamente a cursos d\u2019idiomas. Legal y de baldre.<\/a><\/span><\/p>\n<p style=\"text-align: justify;\">Accede en\u00a0<span style=\"text-decoration: underline;\"><span style=\"color: #ffffff; text-decoration: underline;\"><strong><a style=\"color: #ffffff; text-decoration: underline;\" href=\"https:\/\/cinecyl.efilm.online\/es\/jcyl\/\" target=\"_blank\">https:\/\/cinecyl.efilm.online\/es\/jcyl\/<\/a><\/strong><\/span><\/span><\/p>\n<p><iframe loading=\"lazy\" src=\"https:\/\/www.youtube.com\/embed\/-nseW_pYu28\" width=\"560\" height=\"315\" frameborder=\"0\" allowfullscreen=\"allowfullscreen\"><\/iframe><\/p>\n<p>[\/et_pb_text][\/et_pb_column][\/et_pb_row][\/et_pb_section]<\/p>","protected":false},"excerpt":{"rendered":"<p>[et_pb_section admin_label=&#8221;section&#8221; fullwidth=&#8221;on&#8221;][et_pb_fullwidth_slider admin_label=&#8221;Fullwidth Slider&#8221; show_arrows=&#8221;on&#8221; show_pagination=&#8221;on&#8221; auto=&#8221;off&#8221; parallax=&#8221;on&#8221; auto_ignore_hover=&#8221;off&#8221; parallax_method=&#8221;off&#8221; remove_inner_shadow=&#8221;off&#8221; background_position=&#8221;default&#8221; background_size=&#8221;default&#8221; hide_content_on_mobile=&#8221;off&#8221; hide_cta_on_mobile=&#8221;off&#8221; show_image_video_mobile=&#8221;off&#8221; custom_button=&#8221;off&#8221; button_letter_spacing=&#8221;0&#8243; button_use_icon=&#8221;default&#8221; button_icon_placement=&#8221;right&#8221; button_on_hover=&#8221;on&#8221; button_letter_spacing_hover=&#8221;0&#8243;] [et_pb_slide heading=&#8221;eFilm&#8221; button_link=&#8221;https:\/\/cinecyl.efilm.online\/es\/jcyl\/&#8221; background_color=&#8221;#ffffff&#8221; alignment=&#8221;center&#8221; background_layout=&#8221;dark&#8221; video_bg_width=&#8221;1920&#8243; video_bg_height=&#8221;638&#8243; background_image=&#8221;https:\/\/www.cacabelos.org\/biblioteca\/wp-content\/uploads\/2020\/09\/1366_2000.jpg&#8221; background_position=&#8221;default&#8221; background_size=&#8221;default&#8221; use_bg_overlay=&#8221;off&#8221; use_text_overlay=&#8221;on&#8221; allow_player_pause=&#8221;off&#8221; text_border_radius=&#8221;3&#8243; header_font_select=&#8221;default&#8221; header_font=&#8221;||||&#8221; body_font_select=&#8221;default&#8221; body_font=&#8221;||||&#8221; custom_button=&#8221;off&#8221; button_font_select=&#8221;default&#8221; button_font=&#8221;||||&#8221; button_use_icon=&#8221;default&#8221; button_icon_placement=&#8221;right&#8221; button_on_hover=&#8221;on&#8221; text_overlay_color=&#8221;#30bdea&#8221;] Vision\u00e1u en llinia d\u2019audiovisuales [\/et_pb_slide] [\/et_pb_fullwidth_slider][\/et_pb_section][et_pb_section [&hellip;]<\/p>\n","protected":false},"author":2,"featured_media":0,"parent":118,"menu_order":0,"comment_status":"closed","ping_status":"closed","template":"","meta":[],"_links":{"self":[{"href":"https:\/\/www.cacabelos.org\/biblioteca\/ll\/wp-json\/wp\/v2\/pages\/1338"}],"collection":[{"href":"https:\/\/www.cacabelos.org\/biblioteca\/ll\/wp-json\/wp\/v2\/pages"}],"about":[{"href":"https:\/\/www.cacabelos.org\/biblioteca\/ll\/wp-json\/wp\/v2\/types\/page"}],"author":[{"embeddable":true,"href":"https:\/\/www.cacabelos.org\/biblioteca\/ll\/wp-json\/wp\/v2\/users\/2"}],"replies":[{"embeddable":true,"href":"https:\/\/www.cacabelos.org\/biblioteca\/ll\/wp-json\/wp\/v2\/comments?post=1338"}],"version-history":[{"count":17,"href":"https:\/\/www.cacabelos.org\/biblioteca\/ll\/wp-json\/wp\/v2\/pages\/1338\/revisions"}],"predecessor-version":[{"id":1843,"href":"https:\/\/www.cacabelos.org\/biblioteca\/ll\/wp-json\/wp\/v2\/pages\/1338\/revisions\/1843"}],"up":[{"embeddable":true,"href":"https:\/\/www.cacabelos.org\/biblioteca\/ll\/wp-json\/wp\/v2\/pages\/118"}],"wp:attachment":[{"href":"https:\/\/www.cacabelos.org\/biblioteca\/ll\/wp-json\/wp\/v2\/media?parent=1338"}],"curies":[{"name":"wp","href":"https:\/\/api.w.org\/{rel}","templated":true}]}}