{"id":121,"date":"2019-02-26T10:38:57","date_gmt":"2019-02-26T09:38:57","guid":{"rendered":"https:\/\/www.cacabelos.org\/biblioteca\/?page_id=121"},"modified":"2021-04-15T15:56:06","modified_gmt":"2021-04-15T14:56:06","slug":"prestamo-a-domicilio","status":"publish","type":"page","link":"https:\/\/www.cacabelos.org\/biblioteca\/servicios\/prestamo-a-domicilio\/","title":{"rendered":"Pr\u00e9stamo"},"content":{"rendered":"<p>[et_pb_section admin_label=\u00bbsection\u00bb fullwidth=\u00bbon\u00bb][et_pb_fullwidth_slider admin_label=\u00bbFullwidth Slider\u00bb show_arrows=\u00bboff\u00bb show_pagination=\u00bbon\u00bb auto=\u00bboff\u00bb parallax=\u00bbon\u00bb auto_ignore_hover=\u00bboff\u00bb parallax_method=\u00bboff\u00bb remove_inner_shadow=\u00bboff\u00bb background_position=\u00bbdefault\u00bb background_size=\u00bbdefault\u00bb hide_content_on_mobile=\u00bboff\u00bb hide_cta_on_mobile=\u00bboff\u00bb show_image_video_mobile=\u00bboff\u00bb custom_button=\u00bboff\u00bb button_letter_spacing=\u00bb0&#8243; button_use_icon=\u00bbdefault\u00bb button_icon_placement=\u00bbright\u00bb button_on_hover=\u00bbon\u00bb button_letter_spacing_hover=\u00bb0&#8243;] [et_pb_slide heading=\u00bbPr\u00e9stamo\u00bb button_link=\u00bb#\u00bb background_color=\u00bb#ffffff\u00bb alignment=\u00bbcenter\u00bb background_layout=\u00bbdark\u00bb video_bg_width=\u00bb1920&#8243; video_bg_height=\u00bb638&#8243; background_image=\u00bbhttps:\/\/www.cacabelos.org\/biblioteca\/wp-content\/uploads\/2019\/02\/IMG_20190226_175258.jpg\u00bb background_position=\u00bbdefault\u00bb background_size=\u00bbdefault\u00bb use_bg_overlay=\u00bboff\u00bb use_text_overlay=\u00bbon\u00bb text_overlay_color=\u00bb#30bdea\u00bb allow_player_pause=\u00bboff\u00bb text_border_radius=\u00bb3&#8243; header_font_select=\u00bbdefault\u00bb header_font=\u00bb||||\u00bb body_font_select=\u00bbdefault\u00bb body_font=\u00bb||||\u00bb custom_button=\u00bboff\u00bb button_font_select=\u00bbdefault\u00bb button_font=\u00bb||||\u00bb button_use_icon=\u00bbdefault\u00bb button_icon_placement=\u00bbright\u00bb button_on_hover=\u00bbon\u00bb]<\/p>\n<p>El coraz\u00f3n de la biblioteca<\/p>\n<p>[\/et_pb_slide] [\/et_pb_fullwidth_slider][\/et_pb_section][et_pb_section admin_label=\u00bbsection\u00bb fullwidth=\u00bboff\u00bb][et_pb_row admin_label=\u00bbFila\u00bb][et_pb_column type=\u00bb1_2&#8243;][et_pb_blurb admin_label=\u00bbBlurb\u00bb title=\u00bbLibros\u00bb url_new_window=\u00bboff\u00bb animation=\u00bbleft\u00bb background_layout=\u00bblight\u00bb text_orientation=\u00bbcenter\u00bb icon_placement=\u00bbtop\u00bb font_icon=\u00bb\ue005\u00bb use_icon=\u00bboff\u00bb use_circle=\u00bboff\u00bb use_circle_border=\u00bboff\u00bb icon_color=\u00bb#7c4dd5&#8243; circle_color=\u00bb#7c4dd5&#8243; circle_border_color=\u00bb#2caaca\u00bb image=\u00bbhttps:\/\/www.cacabelos.org\/biblioteca\/wp-content\/uploads\/2019\/02\/IMG_20190226_094013.jpg\u00bb use_icon_font_size=\u00bboff\u00bb use_border_color=\u00bboff\u00bb border_color=\u00bb#ffffff\u00bb border_style=\u00bbsolid\u00bb]<\/p>\n<p style=\"text-align: center;\">Pr\u00e1cticamente todos los libros de la Biblioteca se prestan. Basta con llevarlos al mostrador del personal bibliotecario y se podr\u00e1n llevar en pr\u00e9stamo. Se pueden retirar 5 libros durante 21 d\u00edas, pudi\u00e9ndose renovar 1 vez<\/p>\n<p>[\/et_pb_blurb][\/et_pb_column][et_pb_column type=\u00bb1_2&#8243;][et_pb_blurb admin_label=\u00bbBlurb\u00bb title=\u00bbPel\u00edculas\u00bb url_new_window=\u00bboff\u00bb animation=\u00bbtop\u00bb background_layout=\u00bblight\u00bb text_orientation=\u00bbcenter\u00bb icon_placement=\u00bbtop\u00bb font_icon=\u00bb\ue005\u00bb use_icon=\u00bboff\u00bb use_circle=\u00bboff\u00bb use_circle_border=\u00bboff\u00bb icon_color=\u00bb#7c4dd5&#8243; circle_color=\u00bb#7c4dd5&#8243; circle_border_color=\u00bb#2caaca\u00bb image=\u00bbhttps:\/\/www.cacabelos.org\/biblioteca\/wp-content\/uploads\/2019\/02\/IMG_20190226_163541.jpg\u00bb use_icon_font_size=\u00bboff\u00bb use_border_color=\u00bboff\u00bb border_color=\u00bb#ffffff\u00bb border_style=\u00bbsolid\u00bb]<\/p>\n<p style=\"text-align: center;\">Todas las pel\u00edculas que est\u00e1n en la Biblioteca se pueden prestar.\u00a0Se pueden llevar 2 pel\u00edculas durante 7 d\u00edas<\/p>\n<p>[\/et_pb_blurb][\/et_pb_column][\/et_pb_row][et_pb_row admin_label=\u00bbFila\u00bb][et_pb_column type=\u00bb1_2&#8243;][et_pb_number_counter admin_label=\u00bbContador de n\u00famero\u00bb title=\u00bbD\u00edas para 5 libros\u00bb number=\u00bb21&#8243; percent_sign=\u00bboff\u00bb counter_color=\u00bb#30bdea\u00bb background_layout=\u00bblight\u00bb use_border_color=\u00bboff\u00bb border_color=\u00bb#ffffff\u00bb border_style=\u00bbsolid\u00bb] [\/et_pb_number_counter][\/et_pb_column][et_pb_column type=\u00bb1_2&#8243;][et_pb_number_counter admin_label=\u00bbContador de n\u00famero\u00bb title=\u00bbD\u00edas para 2 pel\u00edculas\u00bb number=\u00bb7&#8243; percent_sign=\u00bboff\u00bb counter_color=\u00bb#30bdea\u00bb background_layout=\u00bblight\u00bb use_border_color=\u00bboff\u00bb border_color=\u00bb#ffffff\u00bb border_style=\u00bbsolid\u00bb] [\/et_pb_number_counter][\/et_pb_column][\/et_pb_row][\/et_pb_section][et_pb_section admin_label=\u00bbsection\u00bb fullwidth=\u00bboff\u00bb background_color=\u00bb#30bdea\u00bb inner_shadow=\u00bboff\u00bb parallax=\u00bboff\u00bb transparent_background=\u00bboff\u00bb allow_player_pause=\u00bboff\u00bb parallax_method=\u00bboff\u00bb padding_mobile=\u00bboff\u00bb make_fullwidth=\u00bboff\u00bb use_custom_width=\u00bboff\u00bb width_unit=\u00bbon\u00bb make_equal=\u00bboff\u00bb use_custom_gutter=\u00bboff\u00bb][et_pb_row admin_label=\u00bbrow\u00bb][et_pb_column type=\u00bb4_4&#8243;][et_pb_text admin_label=\u00bbTexto\u00bb background_layout=\u00bblight\u00bb text_orientation=\u00bbleft\u00bb use_border_color=\u00bboff\u00bb border_color=\u00bb#ffffff\u00bb border_style=\u00bbsolid\u00bb]<\/p>\n<blockquote>\n<h1 style=\"text-align: center;\"><span style=\"color: #ffffff;\">\u00ab<a style=\"color: #ffffff;\" href=\"https:\/\/es.wikipedia.org\/wiki\/Laura_Bush\" target=\"_blank\">He visto que lo m\u00e1s valioso de mi cartera es mi carn\u00e9 de biblioteca<\/a>\u00ab<\/span><\/h1>\n<h1 style=\"text-align: center;\"><span style=\"color: #ffffff;\"><a style=\"color: #ffffff;\" href=\"https:\/\/es.wikipedia.org\/wiki\/Laura_Bush\" target=\"_blank\"><em>Laura Bush<\/em><\/a><\/span><\/h1>\n<\/blockquote>\n<p>[\/et_pb_text][\/et_pb_column][\/et_pb_row][\/et_pb_section]<\/p>","protected":false},"excerpt":{"rendered":"<p>[et_pb_section admin_label=\u00bbsection\u00bb fullwidth=\u00bbon\u00bb][et_pb_fullwidth_slider admin_label=\u00bbFullwidth Slider\u00bb show_arrows=\u00bboff\u00bb show_pagination=\u00bbon\u00bb auto=\u00bboff\u00bb parallax=\u00bbon\u00bb auto_ignore_hover=\u00bboff\u00bb parallax_method=\u00bboff\u00bb remove_inner_shadow=\u00bboff\u00bb background_position=\u00bbdefault\u00bb background_size=\u00bbdefault\u00bb hide_content_on_mobile=\u00bboff\u00bb hide_cta_on_mobile=\u00bboff\u00bb show_image_video_mobile=\u00bboff\u00bb custom_button=\u00bboff\u00bb button_letter_spacing=\u00bb0&#8243; button_use_icon=\u00bbdefault\u00bb button_icon_placement=\u00bbright\u00bb button_on_hover=\u00bbon\u00bb button_letter_spacing_hover=\u00bb0&#8243;] [et_pb_slide heading=\u00bbPr\u00e9stamo\u00bb button_link=\u00bb#\u00bb background_color=\u00bb#ffffff\u00bb alignment=\u00bbcenter\u00bb background_layout=\u00bbdark\u00bb video_bg_width=\u00bb1920&#8243; video_bg_height=\u00bb638&#8243; background_image=\u00bbhttps:\/\/www.cacabelos.org\/biblioteca\/wp-content\/uploads\/2019\/02\/IMG_20190226_175258.jpg\u00bb background_position=\u00bbdefault\u00bb background_size=\u00bbdefault\u00bb use_bg_overlay=\u00bboff\u00bb use_text_overlay=\u00bbon\u00bb text_overlay_color=\u00bb#30bdea\u00bb allow_player_pause=\u00bboff\u00bb text_border_radius=\u00bb3&#8243; header_font_select=\u00bbdefault\u00bb header_font=\u00bb||||\u00bb body_font_select=\u00bbdefault\u00bb body_font=\u00bb||||\u00bb custom_button=\u00bboff\u00bb button_font_select=\u00bbdefault\u00bb button_font=\u00bb||||\u00bb button_use_icon=\u00bbdefault\u00bb button_icon_placement=\u00bbright\u00bb button_on_hover=\u00bbon\u00bb] El coraz\u00f3n de la biblioteca [\/et_pb_slide] [&hellip;]<\/p>\n","protected":false},"author":2,"featured_media":0,"parent":118,"menu_order":0,"comment_status":"closed","ping_status":"closed","template":"","meta":[],"_links":{"self":[{"href":"https:\/\/www.cacabelos.org\/biblioteca\/wp-json\/wp\/v2\/pages\/121"}],"collection":[{"href":"https:\/\/www.cacabelos.org\/biblioteca\/wp-json\/wp\/v2\/pages"}],"about":[{"href":"https:\/\/www.cacabelos.org\/biblioteca\/wp-json\/wp\/v2\/types\/page"}],"author":[{"embeddable":true,"href":"https:\/\/www.cacabelos.org\/biblioteca\/wp-json\/wp\/v2\/users\/2"}],"replies":[{"embeddable":true,"href":"https:\/\/www.cacabelos.org\/biblioteca\/wp-json\/wp\/v2\/comments?post=121"}],"version-history":[{"count":24,"href":"https:\/\/www.cacabelos.org\/biblioteca\/wp-json\/wp\/v2\/pages\/121\/revisions"}],"predecessor-version":[{"id":1874,"href":"https:\/\/www.cacabelos.org\/biblioteca\/wp-json\/wp\/v2\/pages\/121\/revisions\/1874"}],"up":[{"embeddable":true,"href":"https:\/\/www.cacabelos.org\/biblioteca\/wp-json\/wp\/v2\/pages\/118"}],"wp:attachment":[{"href":"https:\/\/www.cacabelos.org\/biblioteca\/wp-json\/wp\/v2\/media?parent=121"}],"curies":[{"name":"wp","href":"https:\/\/api.w.org\/{rel}","templated":true}]}}