{"id":1338,"date":"2020-09-25T11:59:35","date_gmt":"2020-09-25T10:59:35","guid":{"rendered":"https:\/\/www.cacabelos.org\/biblioteca\/?page_id=1338"},"modified":"2021-04-14T16:28:38","modified_gmt":"2021-04-14T15:28:38","slug":"efilm","status":"publish","type":"page","link":"https:\/\/www.cacabelos.org\/biblioteca\/servicios\/efilm\/","title":{"rendered":"eFilm"},"content":{"rendered":"<p>[et_pb_section admin_label=\u00bbsection\u00bb fullwidth=\u00bbon\u00bb][et_pb_fullwidth_slider admin_label=\u00bbFullwidth Slider\u00bb show_arrows=\u00bbon\u00bb show_pagination=\u00bbon\u00bb auto=\u00bboff\u00bb parallax=\u00bbon\u00bb auto_ignore_hover=\u00bboff\u00bb parallax_method=\u00bboff\u00bb remove_inner_shadow=\u00bboff\u00bb background_position=\u00bbdefault\u00bb background_size=\u00bbdefault\u00bb hide_content_on_mobile=\u00bboff\u00bb hide_cta_on_mobile=\u00bboff\u00bb show_image_video_mobile=\u00bboff\u00bb custom_button=\u00bboff\u00bb button_letter_spacing=\u00bb0&#8243; button_use_icon=\u00bbdefault\u00bb button_icon_placement=\u00bbright\u00bb button_on_hover=\u00bbon\u00bb button_letter_spacing_hover=\u00bb0&#8243;]<\/p>\n<p>[et_pb_slide heading=\u00bbeFilm\u00bb button_link=\u00bbhttps:\/\/cinecyl.efilm.online\/es\/jcyl\/\u00bb background_color=\u00bb#ffffff\u00bb alignment=\u00bbcenter\u00bb background_layout=\u00bbdark\u00bb video_bg_width=\u00bb1920&#8243; video_bg_height=\u00bb638&#8243; background_image=\u00bbhttps:\/\/www.cacabelos.org\/biblioteca\/wp-content\/uploads\/2020\/09\/1366_2000.jpg\u00bb background_position=\u00bbdefault\u00bb background_size=\u00bbdefault\u00bb use_bg_overlay=\u00bboff\u00bb use_text_overlay=\u00bbon\u00bb allow_player_pause=\u00bboff\u00bb text_border_radius=\u00bb3&#8243; header_font_select=\u00bbdefault\u00bb header_font=\u00bb||||\u00bb body_font_select=\u00bbdefault\u00bb body_font=\u00bb||||\u00bb custom_button=\u00bboff\u00bb button_font_select=\u00bbdefault\u00bb button_font=\u00bb||||\u00bb button_use_icon=\u00bbdefault\u00bb button_icon_placement=\u00bbright\u00bb button_on_hover=\u00bbon\u00bb text_overlay_color=\u00bb#30bdea\u00bb]<\/p>\n<p style=\"text-align: center;\"><span style=\"color: #ffffff;\"><a style=\"color: #ffffff;\" href=\"https:\/\/cinecyl.efilm.online\/es\/jcyl\/\" target=\"_blank\">Visionado en l\u00ednea de audiovisuales<\/a><\/span><\/p>\n<p>[\/et_pb_slide]<\/p>\n<p>[\/et_pb_fullwidth_slider][\/et_pb_section][et_pb_section admin_label=\u00bbsection\u00bb fullwidth=\u00bboff\u00bb][et_pb_row admin_label=\u00bbrow\u00bb][et_pb_column type=\u00bb1_2&#8243;][et_pb_blurb admin_label=\u00bbBlurb\u00bb title=\u00bbOrdenador\u00bb url_new_window=\u00bbon\u00bb animation=\u00bbleft\u00bb background_layout=\u00bblight\u00bb text_orientation=\u00bbcenter\u00bb icon_placement=\u00bbtop\u00bb font_icon=\u00bb%%107%%\u00bb use_icon=\u00bbon\u00bb use_circle=\u00bboff\u00bb use_circle_border=\u00bboff\u00bb icon_color=\u00bb#30bdea\u00bb circle_color=\u00bb#7c4dd5&#8243; circle_border_color=\u00bb#2caaca\u00bb use_icon_font_size=\u00bboff\u00bb use_border_color=\u00bboff\u00bb border_color=\u00bb#ffffff\u00bb border_style=\u00bbsolid\u00bb url=\u00bbhttps:\/\/cinecyl.efilm.online\/es\/jcyl\/\u00bb]<\/p>\n<p><a href=\"https:\/\/cinecyl.efilm.online\/es\/jcyl\/\" target=\"_blank\"><span style=\"color: #000000;\">Visionado en ordenador<\/span><\/a><\/p>\n<p>[\/et_pb_blurb][\/et_pb_column][et_pb_column type=\u00bb1_2&#8243;][et_pb_blurb admin_label=\u00bbBlurb\u00bb title=\u00bbDispositivos m\u00f3viles\u00bb url_new_window=\u00bbon\u00bb animation=\u00bbtop\u00bb background_layout=\u00bblight\u00bb text_orientation=\u00bbcenter\u00bb icon_placement=\u00bbtop\u00bb font_icon=\u00bb%%104%%\u00bb use_icon=\u00bbon\u00bb use_circle=\u00bboff\u00bb use_circle_border=\u00bboff\u00bb icon_color=\u00bb#30bdea\u00bb circle_color=\u00bb#7c4dd5&#8243; circle_border_color=\u00bb#2caaca\u00bb use_icon_font_size=\u00bboff\u00bb use_border_color=\u00bboff\u00bb border_color=\u00bb#ffffff\u00bb border_style=\u00bbsolid\u00bb url=\u00bbhttps:\/\/cinecyl.efilm.online\/es\/jcyl\/\u00bb]<\/p>\n<p><span style=\"color: #000000;\"><a style=\"color: #000000;\" href=\"https:\/\/cinecyl.efilm.online\/es\/jcyl\/\" target=\"_blank\">Visionado en\u00a0tabletas y tel\u00e9fonos<\/a><\/span><\/p>\n<p>[\/et_pb_blurb][\/et_pb_column][\/et_pb_row][et_pb_row admin_label=\u00bbFila\u00bb][et_pb_column type=\u00bb1_3&#8243;][et_pb_number_counter admin_label=\u00bbNumber Counter\u00bb title=\u00bbM\u00e1s de 20.000 t\u00edtulos\u00bb number=\u00bb20.000&#8243; percent_sign=\u00bboff\u00bb counter_color=\u00bb#30bdea\u00bb background_layout=\u00bblight\u00bb use_border_color=\u00bboff\u00bb border_color=\u00bb#ffffff\u00bb border_style=\u00bbsolid\u00bb]<\/p>\n<p>[\/et_pb_number_counter][\/et_pb_column][et_pb_column type=\u00bb1_3&#8243;][et_pb_number_counter admin_label=\u00bbNumber Counter\u00bb title=\u00bbHoras de pr\u00e9stamo\u00bb number=\u00bb72&#8243; percent_sign=\u00bboff\u00bb counter_color=\u00bb#30bdea\u00bb background_layout=\u00bblight\u00bb use_border_color=\u00bboff\u00bb border_color=\u00bb#ffffff\u00bb border_style=\u00bbsolid\u00bb]<\/p>\n<p>[\/et_pb_number_counter][\/et_pb_column][et_pb_column type=\u00bb1_3&#8243;][et_pb_number_counter admin_label=\u00bbNumber Counter\u00bb title=\u00bbPr\u00e9stamos al mes\u00bb number=\u00bb12&#8243; percent_sign=\u00bboff\u00bb counter_color=\u00bb#30bdea\u00bb background_layout=\u00bblight\u00bb use_border_color=\u00bboff\u00bb border_color=\u00bb#ffffff\u00bb border_style=\u00bbsolid\u00bb]<\/p>\n<p>[\/et_pb_number_counter][\/et_pb_column][\/et_pb_row][\/et_pb_section][et_pb_section admin_label=\u00bbsection\u00bb fullwidth=\u00bboff\u00bb background_color=\u00bb#27323a\u00bb inner_shadow=\u00bboff\u00bb parallax=\u00bboff\u00bb][et_pb_row admin_label=\u00bbrow\u00bb][et_pb_column type=\u00bb4_4&#8243;][et_pb_text admin_label=\u00bbText\u00bb background_layout=\u00bbdark\u00bb text_orientation=\u00bbcenter\u00bb use_border_color=\u00bboff\u00bb border_color=\u00bb#ffffff\u00bb border_style=\u00bbsolid\u00bb]<\/p>\n<h1 style=\"text-align: justify;\">\u00bfQu\u00e9 es eFilm?<\/h1>\n<p style=\"text-align: justify;\"><span style=\"color: #ffffff;\"><a style=\"color: #ffffff;\" href=\"https:\/\/cinecyl.efilm.online\/es\/jcyl\/\" target=\"_blank\">eFilm es una plataforma de pr\u00e9stamos de audiovisuales en streaming para usuarios Bibliotecas p\u00fablicas. Solo tienes que usar el carn\u00e9 de tu Biblioteca p\u00fablica para poder acceder gratuita y legalmente a miles de pel\u00edculas, series, cortos y m\u00e1s.<\/a><\/span><\/p>\n<p style=\"text-align: justify;\"><span style=\"color: #ffffff;\"><a style=\"color: #ffffff;\" href=\"https:\/\/cinecyl.efilm.online\/es\/jcyl\/\" target=\"_blank\">eFilm tiene un cat\u00e1logo con una amplia selecci\u00f3n de cine espa\u00f1ol, cine europeo, cine independiente y cine cl\u00e1sico. Adem\u00e1s, tambi\u00e9n se ofrece acceso a conciertos y pr\u00f3ximamente a cursos de idiomas. Legal y Gratuito.<\/a><\/span><\/p>\n<p style=\"text-align: justify;\">Accede en&nbsp;<span style=\"text-decoration: underline;\"><span style=\"color: #ffffff; text-decoration: underline;\"><strong><a style=\"color: #ffffff; text-decoration: underline;\" href=\"https:\/\/cinecyl.efilm.online\/es\/jcyl\/\" target=\"_blank\">https:\/\/cinecyl.efilm.online\/es\/jcyl\/<\/a><\/strong><\/span><\/span><\/p>\n<p><iframe loading=\"lazy\" width=\"560\" height=\"315\" src=\"https:\/\/www.youtube.com\/embed\/-nseW_pYu28\" frameborder=\"0\" allow=\"accelerometer; autoplay; clipboard-write; encrypted-media; gyroscope; picture-in-picture\" allowfullscreen><\/iframe><\/p>\n<p>[\/et_pb_text][\/et_pb_column][\/et_pb_row][\/et_pb_section]<\/p>","protected":false},"excerpt":{"rendered":"<p>[et_pb_section admin_label=\u00bbsection\u00bb fullwidth=\u00bbon\u00bb][et_pb_fullwidth_slider admin_label=\u00bbFullwidth Slider\u00bb show_arrows=\u00bbon\u00bb show_pagination=\u00bbon\u00bb auto=\u00bboff\u00bb parallax=\u00bbon\u00bb auto_ignore_hover=\u00bboff\u00bb parallax_method=\u00bboff\u00bb remove_inner_shadow=\u00bboff\u00bb background_position=\u00bbdefault\u00bb background_size=\u00bbdefault\u00bb hide_content_on_mobile=\u00bboff\u00bb hide_cta_on_mobile=\u00bboff\u00bb show_image_video_mobile=\u00bboff\u00bb custom_button=\u00bboff\u00bb button_letter_spacing=\u00bb0&#8243; button_use_icon=\u00bbdefault\u00bb button_icon_placement=\u00bbright\u00bb button_on_hover=\u00bbon\u00bb button_letter_spacing_hover=\u00bb0&#8243;] [et_pb_slide heading=\u00bbeFilm\u00bb button_link=\u00bbhttps:\/\/cinecyl.efilm.online\/es\/jcyl\/\u00bb background_color=\u00bb#ffffff\u00bb alignment=\u00bbcenter\u00bb background_layout=\u00bbdark\u00bb video_bg_width=\u00bb1920&#8243; video_bg_height=\u00bb638&#8243; background_image=\u00bbhttps:\/\/www.cacabelos.org\/biblioteca\/wp-content\/uploads\/2020\/09\/1366_2000.jpg\u00bb background_position=\u00bbdefault\u00bb background_size=\u00bbdefault\u00bb use_bg_overlay=\u00bboff\u00bb use_text_overlay=\u00bbon\u00bb allow_player_pause=\u00bboff\u00bb text_border_radius=\u00bb3&#8243; header_font_select=\u00bbdefault\u00bb header_font=\u00bb||||\u00bb body_font_select=\u00bbdefault\u00bb body_font=\u00bb||||\u00bb custom_button=\u00bboff\u00bb button_font_select=\u00bbdefault\u00bb button_font=\u00bb||||\u00bb button_use_icon=\u00bbdefault\u00bb button_icon_placement=\u00bbright\u00bb button_on_hover=\u00bbon\u00bb text_overlay_color=\u00bb#30bdea\u00bb] Visionado en l\u00ednea de audiovisuales [\/et_pb_slide] [&hellip;]<\/p>\n","protected":false},"author":2,"featured_media":0,"parent":118,"menu_order":0,"comment_status":"closed","ping_status":"closed","template":"","meta":[],"_links":{"self":[{"href":"https:\/\/www.cacabelos.org\/biblioteca\/wp-json\/wp\/v2\/pages\/1338"}],"collection":[{"href":"https:\/\/www.cacabelos.org\/biblioteca\/wp-json\/wp\/v2\/pages"}],"about":[{"href":"https:\/\/www.cacabelos.org\/biblioteca\/wp-json\/wp\/v2\/types\/page"}],"author":[{"embeddable":true,"href":"https:\/\/www.cacabelos.org\/biblioteca\/wp-json\/wp\/v2\/users\/2"}],"replies":[{"embeddable":true,"href":"https:\/\/www.cacabelos.org\/biblioteca\/wp-json\/wp\/v2\/comments?post=1338"}],"version-history":[{"count":17,"href":"https:\/\/www.cacabelos.org\/biblioteca\/wp-json\/wp\/v2\/pages\/1338\/revisions"}],"predecessor-version":[{"id":1843,"href":"https:\/\/www.cacabelos.org\/biblioteca\/wp-json\/wp\/v2\/pages\/1338\/revisions\/1843"}],"up":[{"embeddable":true,"href":"https:\/\/www.cacabelos.org\/biblioteca\/wp-json\/wp\/v2\/pages\/118"}],"wp:attachment":[{"href":"https:\/\/www.cacabelos.org\/biblioteca\/wp-json\/wp\/v2\/media?parent=1338"}],"curies":[{"name":"wp","href":"https:\/\/api.w.org\/{rel}","templated":true}]}}