{"id":425,"date":"2019-03-04T18:51:02","date_gmt":"2019-03-04T17:51:02","guid":{"rendered":"https:\/\/www.cacabelos.org\/biblioteca\/?page_id=425"},"modified":"2021-04-14T16:22:31","modified_gmt":"2021-04-14T15:22:31","slug":"hemeroteca","status":"publish","type":"page","link":"https:\/\/www.cacabelos.org\/biblioteca\/servicios\/hemeroteca\/","title":{"rendered":"Hemeroteca"},"content":{"rendered":"<p>[et_pb_section admin_label=\u00bbsection\u00bb fullwidth=\u00bbon\u00bb][et_pb_fullwidth_slider admin_label=\u00bbFullwidth Slider\u00bb show_arrows=\u00bbon\u00bb show_pagination=\u00bbon\u00bb auto=\u00bboff\u00bb parallax=\u00bbon\u00bb auto_ignore_hover=\u00bboff\u00bb parallax_method=\u00bboff\u00bb remove_inner_shadow=\u00bboff\u00bb background_position=\u00bbdefault\u00bb background_size=\u00bbdefault\u00bb hide_content_on_mobile=\u00bboff\u00bb hide_cta_on_mobile=\u00bboff\u00bb show_image_video_mobile=\u00bboff\u00bb custom_button=\u00bboff\u00bb button_letter_spacing=\u00bb0&#8243; button_use_icon=\u00bbdefault\u00bb button_icon_placement=\u00bbright\u00bb button_on_hover=\u00bbon\u00bb button_letter_spacing_hover=\u00bb0&#8243;]<\/p>\n<p>[et_pb_slide heading=\u00bbHemeroteca\u00bb button_link=\u00bb#\u00bb background_color=\u00bb#ffffff\u00bb alignment=\u00bbcenter\u00bb background_layout=\u00bbdark\u00bb video_bg_width=\u00bb1920&#8243; video_bg_height=\u00bb638&#8243; background_image=\u00bbhttps:\/\/www.cacabelos.org\/biblioteca\/wp-content\/uploads\/2019\/03\/IMG_20190305_161813.jpg\u00bb background_position=\u00bbdefault\u00bb background_size=\u00bbdefault\u00bb use_bg_overlay=\u00bboff\u00bb use_text_overlay=\u00bbon\u00bb text_overlay_color=\u00bb#30bdea\u00bb allow_player_pause=\u00bboff\u00bb text_border_radius=\u00bb3&#8243; header_font_select=\u00bbdefault\u00bb header_font=\u00bb||||\u00bb body_font_select=\u00bbdefault\u00bb body_font=\u00bb||||\u00bb custom_button=\u00bboff\u00bb button_font_select=\u00bbdefault\u00bb button_font=\u00bb||||\u00bb button_use_icon=\u00bbdefault\u00bb button_icon_placement=\u00bbright\u00bb button_on_hover=\u00bbon\u00bb]<\/p>\n<p style=\"text-align: center;\">Actualidad y retrospectiva<\/p>\n<p>[\/et_pb_slide]<\/p>\n<p>[\/et_pb_fullwidth_slider][\/et_pb_section][et_pb_section admin_label=\u00bbsection\u00bb fullwidth=\u00bboff\u00bb][et_pb_row admin_label=\u00bbrow\u00bb][et_pb_column type=\u00bb1_3&#8243;][et_pb_blurb admin_label=\u00bbBlurb\u00bb title=\u00bbPrensa y revistas\u00bb url_new_window=\u00bboff\u00bb animation=\u00bbleft\u00bb background_layout=\u00bblight\u00bb text_orientation=\u00bbcenter\u00bb icon_placement=\u00bbtop\u00bb font_icon=\u00bb%%72%%\u00bb use_icon=\u00bbon\u00bb use_circle=\u00bboff\u00bb use_circle_border=\u00bboff\u00bb icon_color=\u00bb#30bdea\u00bb circle_color=\u00bb#7c4dd5&#8243; circle_border_color=\u00bb#2caaca\u00bb use_icon_font_size=\u00bboff\u00bb use_border_color=\u00bboff\u00bb border_color=\u00bb#ffffff\u00bb border_style=\u00bbsolid\u00bb]<\/p>\n<p style=\"text-align: center;\">Lectura de prensa y revistas en sala<\/p>\n<p style=\"text-align: center;\">Prensa nacional y regional con revistas de distintos \u00e1mbitos<\/p>\n<p style=\"text-align: center;\">[\/et_pb_blurb][\/et_pb_column][et_pb_column type=\u00bb1_3&#8243;][et_pb_blurb admin_label=\u00bbBlurb\u00bb title=\u00bbServicio de Dep\u00f3sito\u00bb url_new_window=\u00bboff\u00bb animation=\u00bbtop\u00bb background_layout=\u00bblight\u00bb text_orientation=\u00bbcenter\u00bb icon_placement=\u00bbtop\u00bb font_icon=\u00bb%%76%%\u00bb use_icon=\u00bbon\u00bb use_circle=\u00bboff\u00bb use_circle_border=\u00bboff\u00bb icon_color=\u00bb#30bdea\u00bb circle_color=\u00bb#7c4dd5&#8243; circle_border_color=\u00bb#2caaca\u00bb use_icon_font_size=\u00bboff\u00bb use_border_color=\u00bboff\u00bb border_color=\u00bb#ffffff\u00bb border_style=\u00bbsolid\u00bb]<\/p>\n<p style=\"text-align: center;\">En el Dep\u00f3sito almacenamos la prensa de los \u00faltimos 6 meses. Mediante el servicio de petici\u00f3n anticipada es posible consultar fondos en la Biblioteca<\/p>\n<div id=\"gtx-trans\" style=\"position: absolute; left: 366px; top: 53px;\"><\/div>\n<p style=\"text-align: center;\">[\/et_pb_blurb][\/et_pb_column][et_pb_column type=\u00bb1_3&#8243;][et_pb_blurb admin_label=\u00bbBlurb\u00bb title=\u00bbPrensa Digital\u00bb url_new_window=\u00bboff\u00bb animation=\u00bbright\u00bb background_layout=\u00bblight\u00bb text_orientation=\u00bbcenter\u00bb icon_placement=\u00bbtop\u00bb font_icon=\u00bb%%107%%\u00bb use_icon=\u00bbon\u00bb use_circle=\u00bboff\u00bb use_circle_border=\u00bboff\u00bb icon_color=\u00bb#30bdea\u00bb circle_color=\u00bb#7c4dd5&#8243; circle_border_color=\u00bb#2caaca\u00bb use_icon_font_size=\u00bboff\u00bb use_border_color=\u00bboff\u00bb border_color=\u00bb#ffffff\u00bb border_style=\u00bbsolid\u00bb]<\/p>\n<p style=\"text-align: center;\">A trav\u00e9s de <a href=\"https:\/\/www.cacabelos.org\/biblioteca\/servicios\/ebiblio\/\">eBiblio <\/a>es posible acceder a 21 peri\u00f3dicos, entre nacionales, regionales, deportivos y econ\u00f3micos<\/p>\n<p style=\"text-align: center;\">[\/et_pb_blurb][\/et_pb_column][\/et_pb_row][\/et_pb_section][et_pb_section admin_label=\u00bbsection\u00bb fullwidth=\u00bboff\u00bb background_color=\u00bb#22262e\u00bb inner_shadow=\u00bboff\u00bb parallax=\u00bbon\u00bb][et_pb_row admin_label=\u00bbrow\u00bb][et_pb_column type=\u00bb1_4&#8243;][et_pb_number_counter admin_label=\u00bbNumber Counter\u00bb title=\u00bbCabeceras regionales\u00bb number=\u00bb1&#8243; percent_sign=\u00bboff\u00bb counter_color=\u00bb#30bdea\u00bb background_layout=\u00bbdark\u00bb use_border_color=\u00bboff\u00bb border_color=\u00bb#ffffff\u00bb border_style=\u00bbsolid\u00bb] [\/et_pb_number_counter][\/et_pb_column][et_pb_column type=\u00bb1_4&#8243;][et_pb_number_counter admin_label=\u00bbNumber Counter\u00bb title=\u00bbCabeceras nacionales\u00bb number=\u00bb1&#8243; percent_sign=\u00bboff\u00bb counter_color=\u00bb#2caaca\u00bb background_layout=\u00bbdark\u00bb use_border_color=\u00bboff\u00bb border_color=\u00bb#ffffff\u00bb border_style=\u00bbsolid\u00bb] [\/et_pb_number_counter][\/et_pb_column][et_pb_column type=\u00bb1_4&#8243;][et_pb_number_counter admin_label=\u00bbNumber Counter\u00bb title=\u00bbVol\u00famenes en la Biblioteca\u00bb number=\u00bb60&#8243; percent_sign=\u00bboff\u00bb counter_color=\u00bb#30bdea\u00bb background_layout=\u00bbdark\u00bb use_border_color=\u00bboff\u00bb border_color=\u00bb#ffffff\u00bb border_style=\u00bbsolid\u00bb] [\/et_pb_number_counter][\/et_pb_column][et_pb_column type=\u00bb1_4&#8243;][et_pb_number_counter admin_label=\u00bbNumber Counter\u00bb title=\u00bbVol\u00famenes en el Dep\u00f3sito\u00bb number=\u00bb300&#8243; percent_sign=\u00bboff\u00bb counter_color=\u00bb#30bdea\u00bb background_layout=\u00bbdark\u00bb use_border_color=\u00bboff\u00bb border_color=\u00bb#ffffff\u00bb border_style=\u00bbsolid\u00bb] [\/et_pb_number_counter][\/et_pb_column][\/et_pb_row][\/et_pb_section][et_pb_section admin_label=\u00bbSecci\u00f3n\u00bb fullwidth=\u00bbon\u00bb specialty=\u00bboff\u00bb][et_pb_fullwidth_slider admin_label=\u00bbControl deslizante de anchura completa\u00bb show_arrows=\u00bboff\u00bb show_pagination=\u00bboff\u00bb auto=\u00bboff\u00bb auto_ignore_hover=\u00bboff\u00bb parallax=\u00bbon\u00bb parallax_method=\u00bboff\u00bb remove_inner_shadow=\u00bboff\u00bb background_position=\u00bbdefault\u00bb background_size=\u00bbdefault\u00bb hide_content_on_mobile=\u00bboff\u00bb hide_cta_on_mobile=\u00bboff\u00bb show_image_video_mobile=\u00bboff\u00bb custom_button=\u00bboff\u00bb button_letter_spacing=\u00bb0&#8243; button_use_icon=\u00bbdefault\u00bb button_icon_placement=\u00bbright\u00bb button_on_hover=\u00bbon\u00bb button_letter_spacing_hover=\u00bb0&#8243;] [et_pb_slide background_image=\u00bbhttps:\/\/www.cacabelos.org\/biblioteca\/wp-content\/uploads\/2019\/03\/IMG_20190305_161813.jpg\u00bb background_position=\u00bbdefault\u00bb background_size=\u00bbdefault\u00bb background_color=\u00bb#ffffff\u00bb use_bg_overlay=\u00bboff\u00bb use_text_overlay=\u00bboff\u00bb alignment=\u00bbcenter\u00bb background_layout=\u00bbdark\u00bb allow_player_pause=\u00bboff\u00bb text_border_radius=\u00bb3&#8243; header_font_select=\u00bbdefault\u00bb header_font=\u00bb||||\u00bb body_font_select=\u00bbdefault\u00bb body_font=\u00bb||||\u00bb custom_button=\u00bboff\u00bb button_font_select=\u00bbdefault\u00bb button_font=\u00bb||||\u00bb button_use_icon=\u00bbdefault\u00bb button_icon_placement=\u00bbright\u00bb button_on_hover=\u00bbon\u00bb] [\/et_pb_slide] [\/et_pb_fullwidth_slider][\/et_pb_section][et_pb_section admin_label=\u00bbsection\u00bb fullwidth=\u00bboff\u00bb background_color=\u00bb#27323a\u00bb inner_shadow=\u00bboff\u00bb parallax=\u00bboff\u00bb][et_pb_row admin_label=\u00bbrow\u00bb][et_pb_column type=\u00bb4_4&#8243;][et_pb_text admin_label=\u00bbText\u00bb background_layout=\u00bbdark\u00bb text_orientation=\u00bbcenter\u00bb use_border_color=\u00bboff\u00bb border_color=\u00bb#ffffff\u00bb border_style=\u00bbsolid\u00bb]<\/p>\n<p style=\"text-align: justify;\">Servicio de hemeroteca<\/p>\n<p style=\"text-align: justify;\">La Biblioteca P\u00fablica Municipal de Cacabelos ofrece un servicio de hemeroteca con el que facilitar el acceso a la prensa diaria de hoy y de ayer.<\/p>\n<p style=\"text-align: justify;\">El servicio de hemeroteca ofrece la prensa de los \u00faltimos 6 meses. El mes en curso se sirve de inmediato y los 5 meses restantes a trav\u00e9s del servicio de petici\u00f3n anticipada para los fondos del dep\u00f3sito.<\/p>\n<p style=\"text-align: justify;\">Nuestro fondo de hemeroteca comprende:<\/p>\n<p style=\"text-align: justify;\">Prensa: Diario de Le\u00f3n y El Mundo<\/p>\n<p style=\"text-align: justify;\">Revistas: <a href=\"http:\/\/rabel.jcyl.es\/cgi-bin\/abnetopac?TITN=1995916\" target=\"_blank\">A\u00f1ada<\/a>, <a href=\"http:\/\/rabel.jcyl.es\/cgi-bin\/abnetopac?TITN=161605\" target=\"_blank\">Cuadernos de arquitectura<\/a>, <a href=\"http:\/\/rabel.jcyl.es\/cgi-bin\/abnetopac?TITN=604074\" target=\"_blank\">I Love English<\/a>, Leer,\u00a0<a href=\"http:\/\/rabel.jcyl.es\/cgi-bin\/abnetopac?TITN=140578\" target=\"_blank\">Mi Biblioteca<\/a>, Mujer hoy, <a href=\"http:\/\/rabel.jcyl.es\/cgi-bin\/abnetopac?TITN=859489\" target=\"_blank\">Mundo Negro<\/a>, <a href=\"http:\/\/rabel.jcyl.es\/cgi-bin\/abnetopac?TITN=46266\" target=\"_blank\">ProMonumenta<\/a>, <a href=\"http:\/\/rabel.jcyl.es\/cgi-bin\/abnetopac?TITN=966728\" target=\"_blank\">Reportero Doc<\/a>,<a href=\"http:\/\/rabel.jcyl.es\/cgi-bin\/abnetopac?TITN=49485\" target=\"_blank\"> Revista del Instituto de Estudios Bercianos<\/a>, <a href=\"http:\/\/rabel.jcyl.es\/cgi-bin\/abnetopac?TITN=25843\" target=\"_blank\">Tierras de Le\u00f3n<\/a>, XL Semanal<\/p>\n<p style=\"text-align: justify;\"><a href=\"https:\/\/castillayleon.ebiblio.es\/home?l=es\" target=\"_blank\">La colecci\u00f3n digital ofertada a trav\u00e9s de eBiblio cuenta con m\u00e1s diarios y m\u00e1s revistas<\/a><\/p>\n<p style=\"text-align: center;\">[\/et_pb_text][\/et_pb_column][\/et_pb_row][\/et_pb_section][et_pb_section admin_label=\u00bbsection\u00bb transparent_background=\u00bboff\u00bb background_color=\u00bb#30bdea\u00bb allow_player_pause=\u00bboff\u00bb inner_shadow=\u00bboff\u00bb parallax=\u00bboff\u00bb parallax_method=\u00bboff\u00bb padding_mobile=\u00bboff\u00bb make_fullwidth=\u00bboff\u00bb use_custom_width=\u00bboff\u00bb width_unit=\u00bbon\u00bb make_equal=\u00bboff\u00bb use_custom_gutter=\u00bboff\u00bb][et_pb_row admin_label=\u00bbrow\u00bb][et_pb_column type=\u00bb4_4&#8243;][et_pb_text admin_label=\u00bbText\u00bb background_layout=\u00bblight\u00bb text_orientation=\u00bbcenter\u00bb use_border_color=\u00bboff\u00bb border_color=\u00bb#ffffff\u00bb border_style=\u00bbsolid\u00bb]<\/p>\n<blockquote>\n<h1 style=\"text-align: center;\"><span style=\"color: #ffffff;\"><a style=\"color: #ffffff;\" href=\"https:\/\/es.wikipedia.org\/wiki\/Victor_Hugo\" target=\"_blank\">\u201cLa prensa es el dedo indicador de la ruta del progreso\u201d<\/a><\/span><\/h1>\n<h1 style=\"text-align: center;\"><span style=\"color: #ffffff;\"><em>V\u00edctor Hugo<\/em><\/span><\/h1>\n<\/blockquote>\n<p>&nbsp;<\/p>\n<div id=\"gtx-trans\" style=\"position: absolute; left: 26px; top: 9.09375px;\"><\/div>\n<p style=\"text-align: center;\">[\/et_pb_text][\/et_pb_column][\/et_pb_row][\/et_pb_section]<\/p>\n<p><\/p>","protected":false},"excerpt":{"rendered":"<p>[et_pb_section admin_label=\u00bbsection\u00bb fullwidth=\u00bbon\u00bb][et_pb_fullwidth_slider admin_label=\u00bbFullwidth Slider\u00bb show_arrows=\u00bbon\u00bb show_pagination=\u00bbon\u00bb auto=\u00bboff\u00bb parallax=\u00bbon\u00bb auto_ignore_hover=\u00bboff\u00bb parallax_method=\u00bboff\u00bb remove_inner_shadow=\u00bboff\u00bb background_position=\u00bbdefault\u00bb background_size=\u00bbdefault\u00bb hide_content_on_mobile=\u00bboff\u00bb hide_cta_on_mobile=\u00bboff\u00bb show_image_video_mobile=\u00bboff\u00bb custom_button=\u00bboff\u00bb button_letter_spacing=\u00bb0&#8243; button_use_icon=\u00bbdefault\u00bb button_icon_placement=\u00bbright\u00bb button_on_hover=\u00bbon\u00bb button_letter_spacing_hover=\u00bb0&#8243;] [et_pb_slide heading=\u00bbHemeroteca\u00bb button_link=\u00bb#\u00bb background_color=\u00bb#ffffff\u00bb alignment=\u00bbcenter\u00bb background_layout=\u00bbdark\u00bb video_bg_width=\u00bb1920&#8243; video_bg_height=\u00bb638&#8243; background_image=\u00bbhttps:\/\/www.cacabelos.org\/biblioteca\/wp-content\/uploads\/2019\/03\/IMG_20190305_161813.jpg\u00bb background_position=\u00bbdefault\u00bb background_size=\u00bbdefault\u00bb use_bg_overlay=\u00bboff\u00bb use_text_overlay=\u00bbon\u00bb text_overlay_color=\u00bb#30bdea\u00bb allow_player_pause=\u00bboff\u00bb text_border_radius=\u00bb3&#8243; header_font_select=\u00bbdefault\u00bb header_font=\u00bb||||\u00bb body_font_select=\u00bbdefault\u00bb body_font=\u00bb||||\u00bb custom_button=\u00bboff\u00bb button_font_select=\u00bbdefault\u00bb button_font=\u00bb||||\u00bb button_use_icon=\u00bbdefault\u00bb button_icon_placement=\u00bbright\u00bb button_on_hover=\u00bbon\u00bb] Actualidad y retrospectiva [\/et_pb_slide] [\/et_pb_fullwidth_slider][\/et_pb_section][et_pb_section admin_label=\u00bbsection\u00bb [&hellip;]<\/p>\n","protected":false},"author":2,"featured_media":0,"parent":118,"menu_order":0,"comment_status":"closed","ping_status":"closed","template":"","meta":[],"_links":{"self":[{"href":"https:\/\/www.cacabelos.org\/biblioteca\/wp-json\/wp\/v2\/pages\/425"}],"collection":[{"href":"https:\/\/www.cacabelos.org\/biblioteca\/wp-json\/wp\/v2\/pages"}],"about":[{"href":"https:\/\/www.cacabelos.org\/biblioteca\/wp-json\/wp\/v2\/types\/page"}],"author":[{"embeddable":true,"href":"https:\/\/www.cacabelos.org\/biblioteca\/wp-json\/wp\/v2\/users\/2"}],"replies":[{"embeddable":true,"href":"https:\/\/www.cacabelos.org\/biblioteca\/wp-json\/wp\/v2\/comments?post=425"}],"version-history":[{"count":31,"href":"https:\/\/www.cacabelos.org\/biblioteca\/wp-json\/wp\/v2\/pages\/425\/revisions"}],"predecessor-version":[{"id":1839,"href":"https:\/\/www.cacabelos.org\/biblioteca\/wp-json\/wp\/v2\/pages\/425\/revisions\/1839"}],"up":[{"embeddable":true,"href":"https:\/\/www.cacabelos.org\/biblioteca\/wp-json\/wp\/v2\/pages\/118"}],"wp:attachment":[{"href":"https:\/\/www.cacabelos.org\/biblioteca\/wp-json\/wp\/v2\/media?parent=425"}],"curies":[{"name":"wp","href":"https:\/\/api.w.org\/{rel}","templated":true}]}}