{"id":739,"date":"2020-01-07T18:41:56","date_gmt":"2020-01-07T17:41:56","guid":{"rendered":"https:\/\/www.cacabelos.org\/biblioteca\/?page_id=739"},"modified":"2022-09-01T12:12:19","modified_gmt":"2022-09-01T11:12:19","slug":"calendario-de-festivos","status":"publish","type":"page","link":"https:\/\/www.cacabelos.org\/biblioteca\/calendario-de-festivos\/","title":{"rendered":"Calendario de festivos 2022"},"content":{"rendered":"<p>[et_pb_section admin_label=\u00bbsection\u00bb][et_pb_row admin_label=\u00bbrow\u00bb][et_pb_column type=\u00bb4_4&#8243;][et_pb_text admin_label=\u00bbText\u00bb background_layout=\u00bblight\u00bb text_orientation=\u00bbjustified\u00bb use_border_color=\u00bboff\u00bb border_color=\u00bb#ffffff\u00bb border_style=\u00bbsolid\u00bb]<\/p>\n<h1><strong>Cierre por festivos 2022<\/strong><\/h1>\n<p>&nbsp;<\/p>\n<p><strong>6 Enero<\/strong>, jueves. Reyes<\/p>\n<p><strong>14 Abril<\/strong>, jueves. Semana Santa<\/p>\n<p><strong>15\u00a0Abril<\/strong>, viernes. Semana Santa<\/p>\n<p><strong>18\u00a0Abril<\/strong>, lunes.\u00a0Pascua<\/p>\n<p><strong>2 Mayo<\/strong>, lunes. D\u00eda del Trabajo (Por ser domingo el 1 de mayo)<\/p>\n<p><strong>15 Agosto<\/strong>, lunes. Asunci\u00f3n<\/p>\n<p><strong>16 Agosto<\/strong>, martes<\/p>\n<p><strong>12 Octubre<\/strong>, mi\u00e9rcoles. D\u00eda de la Hispanidad<\/p>\n<p><strong>1\u00a0Noviembre<\/strong>, martes. D\u00eda de Todos los Santos<\/p>\n<p><strong>6 Diciembre<\/strong>, martes. D\u00eda de la Constituci\u00f3n<\/p>\n<p><strong>8 Diciembre<\/strong>, jueves.\u00a0D\u00eda de la Inmaculada Concepci\u00f3n<\/p>\n<p><strong>26 Diciembre<\/strong>, lunes. Navidad (Por ser domingo el 25 de diciembre)<\/p>\n<p>[\/et_pb_text][\/et_pb_column][\/et_pb_row][\/et_pb_section]<\/p>","protected":false},"excerpt":{"rendered":"<p>[et_pb_section admin_label=\u00bbsection\u00bb][et_pb_row admin_label=\u00bbrow\u00bb][et_pb_column type=\u00bb4_4&#8243;][et_pb_text admin_label=\u00bbText\u00bb background_layout=\u00bblight\u00bb text_orientation=\u00bbjustified\u00bb use_border_color=\u00bboff\u00bb border_color=\u00bb#ffffff\u00bb border_style=\u00bbsolid\u00bb] Cierre por festivos 2022 &nbsp; 6 Enero, jueves. Reyes 14 Abril, jueves. Semana Santa 15\u00a0Abril, viernes. Semana Santa 18\u00a0Abril, lunes.\u00a0Pascua 2 Mayo, lunes. D\u00eda del Trabajo (Por ser domingo el 1 de mayo) 15 Agosto, lunes. Asunci\u00f3n 16 Agosto, martes 12 Octubre, mi\u00e9rcoles. D\u00eda de [&hellip;]<\/p>\n","protected":false},"author":2,"featured_media":0,"parent":0,"menu_order":0,"comment_status":"closed","ping_status":"closed","template":"","meta":[],"_links":{"self":[{"href":"https:\/\/www.cacabelos.org\/biblioteca\/wp-json\/wp\/v2\/pages\/739"}],"collection":[{"href":"https:\/\/www.cacabelos.org\/biblioteca\/wp-json\/wp\/v2\/pages"}],"about":[{"href":"https:\/\/www.cacabelos.org\/biblioteca\/wp-json\/wp\/v2\/types\/page"}],"author":[{"embeddable":true,"href":"https:\/\/www.cacabelos.org\/biblioteca\/wp-json\/wp\/v2\/users\/2"}],"replies":[{"embeddable":true,"href":"https:\/\/www.cacabelos.org\/biblioteca\/wp-json\/wp\/v2\/comments?post=739"}],"version-history":[{"count":19,"href":"https:\/\/www.cacabelos.org\/biblioteca\/wp-json\/wp\/v2\/pages\/739\/revisions"}],"predecessor-version":[{"id":2471,"href":"https:\/\/www.cacabelos.org\/biblioteca\/wp-json\/wp\/v2\/pages\/739\/revisions\/2471"}],"wp:attachment":[{"href":"https:\/\/www.cacabelos.org\/biblioteca\/wp-json\/wp\/v2\/media?parent=739"}],"curies":[{"name":"wp","href":"https:\/\/api.w.org\/{rel}","templated":true}]}}